{"id":10673,"date":"2025-04-23T11:37:34","date_gmt":"2025-04-23T11:37:34","guid":{"rendered":"https:\/\/www.smartparking.com\/impressum\/"},"modified":"2026-03-05T12:38:03","modified_gmt":"2026-03-05T12:38:03","slug":"impressum","status":"publish","type":"page","link":"https:\/\/www.smartparking.com\/ch-de\/impressum\/","title":{"rendered":"Impressum"},"content":{"rendered":"\n<p><strong>Impressum<\/strong><\/p>\n\n\n\n<p>Verantwortlich f\u00fcr den Inhalt der Webseite:<\/p>\n\n\n\n<p>Smart Parking AG<\/p>\n\n\n\n<p>Dammstrasse 19<\/p>\n\n\n\n<p>CH-6300 Zug<\/p>\n\n\n\n<p>Schweiz<\/p>\n\n\n\n<div style=\"height:25px\" aria-hidden=\"true\" class=\"wp-block-spacer\"><\/div>\n\n\n\n<p><strong>Kontakt:<\/strong><\/p>\n\n\n\n<p>Verwaltungsrat: Rainer Artelt<\/p>\n\n\n\n<p>E-Mail:&nbsp;<a href=\"mailto:info@smartparking.ch\">info@smartparking.ch<\/a><\/p>\n\n\n\n<p>Homepage: www.smartparking.ch<\/p>\n\n\n\n<p>UID Nr: CHE-234.349.418<\/p>\n\n\n\n<p>Registergericht: Kanton Zug<br><br><br><\/p>\n\n\n\n<p>Aus datenschutzrechtlichen Gr\u00fcnden k\u00f6nnen wir telefonisch keine Ausk\u00fcnfte zu Parkierenvorg\u00e4ngen geben, die anhand einer Kontrollnummererfassung erfasst wurden. F\u00fcr Fragen zu einer Zahlungsaufforderung oder zu einem Parkierenvorgang erreichen Sie unser Customer Care Team<\/p>\n\n\n\n<ul class=\"wp-block-list\">\n<li>per Mail unter : <a href=\"mailto:help@smartparking.ch\">help@smartparking.ch<\/a><\/li>\n\n\n\n<li>postalisch:<\/li>\n<\/ul>\n\n\n\n<p>Customer Care Team<\/p>\n\n\n\n<p>Smart Parking AG<br>Dammstrasse 19<br>CH-6300 Zug<br>Schweiz<\/p>\n\n\n\n<p><\/p>\n","protected":false},"excerpt":{"rendered":"","protected":false},"author":2,"featured_media":0,"parent":0,"menu_order":0,"comment_status":"closed","ping_status":"closed","template":"template-pages\/policy.php","meta":{"_acf_changed":false,"footnotes":""},"class_list":["post-10673","page","type-page","status-publish","hentry"],"acf":[],"yoast_head":"<!-- This site is optimized with the Yoast SEO plugin v26.9 - https:\/\/yoast.com\/product\/yoast-seo-wordpress\/ -->\n<title>Impressum | Smart Parking<\/title>\n<meta name=\"description\" content=\"Impressum von Smart Parking\" \/>\n<meta name=\"robots\" content=\"index, follow, max-snippet:-1, max-image-preview:large, max-video-preview:-1\" \/>\n<link rel=\"canonical\" href=\"https:\/\/www.smartparking.com\/ch-de\/impressum\/\" \/>\n<meta property=\"og:locale\" content=\"de_DE\" \/>\n<meta property=\"og:type\" content=\"article\" \/>\n<meta property=\"og:title\" content=\"Impressum | Smart Parking\" \/>\n<meta property=\"og:description\" content=\"Impressum von Smart Parking\" \/>\n<meta property=\"og:url\" content=\"https:\/\/www.smartparking.com\/ch-de\/impressum\/\" \/>\n<meta property=\"og:site_name\" content=\"Smart Parking\" \/>\n<meta property=\"article:modified_time\" content=\"2026-03-05T12:38:03+00:00\" \/>\n<meta property=\"og:image\" content=\"https:\/\/www.smartparking.com\/wp-content\/uploads\/2025\/03\/home-large-hex-1.jpg\" \/>\n\t<meta property=\"og:image:width\" content=\"1000\" \/>\n\t<meta property=\"og:image:height\" content=\"563\" \/>\n\t<meta property=\"og:image:type\" content=\"image\/jpeg\" \/>\n<meta name=\"twitter:card\" content=\"summary_large_image\" \/>\n<meta name=\"twitter:label1\" content=\"Gesch\u00e4tzte Lesezeit\" \/>\n\t<meta name=\"twitter:data1\" content=\"1\u00a0Minute\" \/>\n<script type=\"application\/ld+json\" class=\"yoast-schema-graph\">{\"@context\":\"https:\/\/schema.org\",\"@graph\":[{\"@type\":\"WebPage\",\"@id\":\"https:\/\/www.smartparking.com\/ch-de\/impressum\/\",\"url\":\"https:\/\/www.smartparking.com\/ch-de\/impressum\/\",\"name\":\"Impressum | Smart Parking\",\"isPartOf\":{\"@id\":\"https:\/\/www.smartparking.com\/ch-de\/#website\"},\"datePublished\":\"2025-04-23T11:37:34+00:00\",\"dateModified\":\"2026-03-05T12:38:03+00:00\",\"description\":\"Impressum von Smart Parking\",\"breadcrumb\":{\"@id\":\"https:\/\/www.smartparking.com\/ch-de\/impressum\/#breadcrumb\"},\"inLanguage\":\"de-CH\",\"potentialAction\":[{\"@type\":\"ReadAction\",\"target\":[\"https:\/\/www.smartparking.com\/ch-de\/impressum\/\"]}]},{\"@type\":\"BreadcrumbList\",\"@id\":\"https:\/\/www.smartparking.com\/ch-de\/impressum\/#breadcrumb\",\"itemListElement\":[{\"@type\":\"ListItem\",\"position\":1,\"name\":\"Home\",\"item\":\"https:\/\/www.smartparking.com\/ch-de\/\"},{\"@type\":\"ListItem\",\"position\":2,\"name\":\"Impressum\"}]},{\"@type\":\"WebSite\",\"@id\":\"https:\/\/www.smartparking.com\/ch-de\/#website\",\"url\":\"https:\/\/www.smartparking.com\/ch-de\/\",\"name\":\"Smart Parking\",\"description\":\"\",\"publisher\":{\"@id\":\"https:\/\/www.smartparking.com\/ch-de\/#organization\"},\"potentialAction\":[{\"@type\":\"SearchAction\",\"target\":{\"@type\":\"EntryPoint\",\"urlTemplate\":\"https:\/\/www.smartparking.com\/ch-de\/?s={search_term_string}\"},\"query-input\":{\"@type\":\"PropertyValueSpecification\",\"valueRequired\":true,\"valueName\":\"search_term_string\"}}],\"inLanguage\":\"de-CH\"},{\"@type\":\"Organization\",\"@id\":\"https:\/\/www.smartparking.com\/ch-de\/#organization\",\"name\":\"Smart Parking\",\"url\":\"https:\/\/www.smartparking.com\/ch-de\/\",\"logo\":{\"@type\":\"ImageObject\",\"inLanguage\":\"de-CH\",\"@id\":\"https:\/\/www.smartparking.com\/ch-de\/#\/schema\/logo\/image\/\",\"url\":\"https:\/\/www.smartparking.com\/wp-content\/uploads\/2025\/06\/smart-parking-logo-icon.svg\",\"contentUrl\":\"https:\/\/www.smartparking.com\/wp-content\/uploads\/2025\/06\/smart-parking-logo-icon.svg\",\"width\":1,\"height\":1,\"caption\":\"Smart Parking\"},\"image\":{\"@id\":\"https:\/\/www.smartparking.com\/ch-de\/#\/schema\/logo\/image\/\"},\"sameAs\":[\"https:\/\/www.linkedin.com\/company\/smart-parking-limited\/\"]}]}<\/script>\n<!-- \/ Yoast SEO plugin. -->","yoast_head_json":{"title":"Impressum | Smart Parking","description":"Impressum von Smart Parking","robots":{"index":"index","follow":"follow","max-snippet":"max-snippet:-1","max-image-preview":"max-image-preview:large","max-video-preview":"max-video-preview:-1"},"canonical":"https:\/\/www.smartparking.com\/ch-de\/impressum\/","og_locale":"de_DE","og_type":"article","og_title":"Impressum | Smart Parking","og_description":"Impressum von Smart Parking","og_url":"https:\/\/www.smartparking.com\/ch-de\/impressum\/","og_site_name":"Smart Parking","article_modified_time":"2026-03-05T12:38:03+00:00","og_image":[{"width":1000,"height":563,"url":"https:\/\/www.smartparking.com\/wp-content\/uploads\/2025\/03\/home-large-hex-1.jpg","type":"image\/jpeg"}],"twitter_card":"summary_large_image","twitter_misc":{"Gesch\u00e4tzte Lesezeit":"1\u00a0Minute"},"schema":{"@context":"https:\/\/schema.org","@graph":[{"@type":"WebPage","@id":"https:\/\/www.smartparking.com\/ch-de\/impressum\/","url":"https:\/\/www.smartparking.com\/ch-de\/impressum\/","name":"Impressum | Smart Parking","isPartOf":{"@id":"https:\/\/www.smartparking.com\/ch-de\/#website"},"datePublished":"2025-04-23T11:37:34+00:00","dateModified":"2026-03-05T12:38:03+00:00","description":"Impressum von Smart Parking","breadcrumb":{"@id":"https:\/\/www.smartparking.com\/ch-de\/impressum\/#breadcrumb"},"inLanguage":"de-CH","potentialAction":[{"@type":"ReadAction","target":["https:\/\/www.smartparking.com\/ch-de\/impressum\/"]}]},{"@type":"BreadcrumbList","@id":"https:\/\/www.smartparking.com\/ch-de\/impressum\/#breadcrumb","itemListElement":[{"@type":"ListItem","position":1,"name":"Home","item":"https:\/\/www.smartparking.com\/ch-de\/"},{"@type":"ListItem","position":2,"name":"Impressum"}]},{"@type":"WebSite","@id":"https:\/\/www.smartparking.com\/ch-de\/#website","url":"https:\/\/www.smartparking.com\/ch-de\/","name":"Smart Parking","description":"","publisher":{"@id":"https:\/\/www.smartparking.com\/ch-de\/#organization"},"potentialAction":[{"@type":"SearchAction","target":{"@type":"EntryPoint","urlTemplate":"https:\/\/www.smartparking.com\/ch-de\/?s={search_term_string}"},"query-input":{"@type":"PropertyValueSpecification","valueRequired":true,"valueName":"search_term_string"}}],"inLanguage":"de-CH"},{"@type":"Organization","@id":"https:\/\/www.smartparking.com\/ch-de\/#organization","name":"Smart Parking","url":"https:\/\/www.smartparking.com\/ch-de\/","logo":{"@type":"ImageObject","inLanguage":"de-CH","@id":"https:\/\/www.smartparking.com\/ch-de\/#\/schema\/logo\/image\/","url":"https:\/\/www.smartparking.com\/wp-content\/uploads\/2025\/06\/smart-parking-logo-icon.svg","contentUrl":"https:\/\/www.smartparking.com\/wp-content\/uploads\/2025\/06\/smart-parking-logo-icon.svg","width":1,"height":1,"caption":"Smart Parking"},"image":{"@id":"https:\/\/www.smartparking.com\/ch-de\/#\/schema\/logo\/image\/"},"sameAs":["https:\/\/www.linkedin.com\/company\/smart-parking-limited\/"]}]}},"_links":{"self":[{"href":"https:\/\/www.smartparking.com\/ch-de\/wp-json\/wp\/v2\/pages\/10673","targetHints":{"allow":["GET"]}}],"collection":[{"href":"https:\/\/www.smartparking.com\/ch-de\/wp-json\/wp\/v2\/pages"}],"about":[{"href":"https:\/\/www.smartparking.com\/ch-de\/wp-json\/wp\/v2\/types\/page"}],"author":[{"embeddable":true,"href":"https:\/\/www.smartparking.com\/ch-de\/wp-json\/wp\/v2\/users\/2"}],"replies":[{"embeddable":true,"href":"https:\/\/www.smartparking.com\/ch-de\/wp-json\/wp\/v2\/comments?post=10673"}],"version-history":[{"count":11,"href":"https:\/\/www.smartparking.com\/ch-de\/wp-json\/wp\/v2\/pages\/10673\/revisions"}],"predecessor-version":[{"id":15336,"href":"https:\/\/www.smartparking.com\/ch-de\/wp-json\/wp\/v2\/pages\/10673\/revisions\/15336"}],"wp:attachment":[{"href":"https:\/\/www.smartparking.com\/ch-de\/wp-json\/wp\/v2\/media?parent=10673"}],"curies":[{"name":"wp","href":"https:\/\/api.w.org\/{rel}","templated":true}]}}