{"id":10680,"date":"2025-04-07T11:56:53","date_gmt":"2025-04-07T11:56:53","guid":{"rendered":"https:\/\/www.smartparking.com\/parkbedingungen\/"},"modified":"2025-11-26T12:37:23","modified_gmt":"2025-11-26T12:37:23","slug":"allgemeinegeschaeftsbedingungen","status":"publish","type":"page","link":"https:\/\/www.smartparking.com\/ch-de\/allgemeinegeschaeftsbedingungen\/","title":{"rendered":"Allgemeine Gesch\u00e4ftsbedingungen"},"content":{"rendered":"\n<p><strong><br>Mit der Benutzung des Parkareals schliesst der Fahrer mit der Smart Parking AG (nachfolgend \u201eSmart Parking\u201c) einen Vertrag zu folgenden Allgemeinen Gesch\u00e4ftsbedingungen (nachfolgend \u00abAGB\u00bb):<\/strong><\/p>\n\n\n\n<p><strong>Vertragsgegenstand<\/strong><\/p>\n\n\n\n<ol style=\"list-style-type:upper-roman\" class=\"wp-block-list\">\n<li>Das Parkareal und die Parkpl\u00e4tze d\u00fcrfen nur zum tempor\u00e4ren Abstellen im vertragsgegenst\u00e4ndlichen Sinne benutzt werden und d\u00fcrfen nicht f\u00fcr andere Zwecke (z.B. Reparaturen, Durchfahrten, Abk\u00fcrzungen etc.)&nbsp; entfremdet werden.<\/li>\n\n\n\n<li>Die Benutzung dieser Parkpl\u00e4tze ist nur erlaubt, wenn das Fahrzeug beim Strassenverkehrsamt eingel\u00f6st ist, am Fahrzeug s\u00e4mtliche Kennzeichen gesetzeskonform montiert sind und eine Motorhaftpflichtversicherung besteht.<\/li>\n\n\n\n<li>Dieser Vertrag regelt ausschliesslich die Benutzungsberechtigung der Parkfl\u00e4chen nach Massgabe dieser AGB. Die \u00dcberlassung eines Parkplatzes begr\u00fcndet <strong>keine Obhutspflichten<\/strong> der Smart Parking. Insbesondere werden die Fahrzeuge <strong>weder bewacht noch verwahrt.<\/strong><\/li>\n\n\n\n<li>Es besteht kein Anspruch der Nutzerin oder des Nutzers auf die tats\u00e4chliche Bereitstellung eines freien Parkplatzes.<\/li>\n\n\n\n<li>F\u00fcr die Benutzung der Parkfl\u00e4chen gelten die Bestimmungen des Strassenverkehrsgesetzes (SVG) sowie der Signalisationsverordnung (SSV), soweit in diesen Allgemeinen Gesch\u00e4ftsbedingungen nichts Abweichendes geregelt ist. Bestehende Signalisationen, automatische Verkehrsf\u00fchrungen sowie alle vor Ort angebrachten Verkehrs- und Hinweisschilder sind einzuhalten. Den Anweisungen des von der Smart Parking eingesetzten Kontroll- oder Betreuungspersonals ist Folge zu leisten.<\/li>\n<\/ol>\n\n\n\n<p><strong>Vertragsbeginn<\/strong><\/p>\n\n\n\n<ol start=\"6\" style=\"list-style-type:upper-roman\" class=\"wp-block-list\">\n<li>Der Vertrag beginnt mit der Einfahrt auf das Parkareal und endet mit der Ausfahrt.<\/li>\n\n\n\n<li>Die Einhaltung dieser Allgemeinen Gesch\u00e4ftsbedingungen wird durch automatisierte Erfassung bei der Ein- und Ausfahrt oder durch manuelle Kontrollen durch autorisierte Personen durch die Smart Parking \u00fcberpr\u00fcft.<\/li>\n\n\n\n<li>Die Kontrollzeichenerfassung (Nummernschilderfassung) dient ausschliesslich der Feststellung der Nutzungsdauer sowie \u2013 im Falle von Widerhandlungen \u2013 der Durchf\u00fchrung einer Halterabfrage. Die Kontrollzeichenerfassung begr\u00fcndet keine zus\u00e4tzlichen vertraglichen Pflichten.<\/li>\n<\/ol>\n\n\n\n<p><strong>Pflichten des Fahrzeuglenkers<\/strong><\/p>\n\n\n\n<ol class=\"wp-block-list\">\n<li>Es ist im Fahrzeug eine Parkscheibe gut sichtbar hinter der Frontscheibe anzubringen und dort die tats\u00e4chliche Ankunftszeit einzustellen, soweit eine entsprechende Signalisation darauf hinweist.<\/li>\n\n\n\n<li>Es ist eine g\u00fcltige Parkberechtigung vorzuweisen (z. B. Behindertenausweis, Anwohner- oder Besucherparkkarte, anderer Nachweis der Erlaubnis einer Unternehmung) und gut sichtbar hinter der Frontscheibe anzubringen, soweit dies aufgrund der Beschilderung zus\u00e4tzlich verlangt wird.<\/li>\n\n\n\n<li>Sofern die Signalisation oder die \u00f6rtlichen Hinweise eine Geb\u00fchrenpflicht vorsehen, ist f\u00fcr die Benutzung der Parkfl\u00e4chen eine Parkgeb\u00fchr (Miete) gem\u00e4ss den ausgeschilderten Tarifen zu entrichten. Die Zahlung erfolgt \u00fcber die jeweils angegebenen Zahlungsmittel (z. B. Automat, Mobile Payment).<\/li>\n\n\n\n<li>Die zul\u00e4ssige H\u00f6chstparkdauer, welche durch Beschilderung ausgewiesen ist, &#8211; einschliesslich etwa von ihm zus\u00e4tzlich erworbener Parkzeit \u2013 darf nicht \u00fcberschritten werden. Es darf nur w\u00e4hrend der beschilderten \u00d6ffnungszeiten parkiert werden.<\/li>\n\n\n\n<li>Das Fahrzeug darf nur innerhalb der jeweils zum Parkieren von Fahrzeugen gekennzeichneten Fl\u00e4chen abgestellt werden, nicht aber in Durch- oder Feuerwehrzufahrten. Sind keine sichtbaren Parkplatzmarkierungen vorhanden, ist das Fahrzeug so abzustellen, dass andere Nutzer nicht behindert und\/oder gef\u00e4hrdet werden und die Feuerwehrzufahrten immer gew\u00e4hrleistet wird.<\/li>\n\n\n\n<li>Das Fahrzeug darf nicht auf f\u00fcr Mitarbeiter oder andere Parkberechtigte reservierten Parkpl\u00e4tzen abgestellt werden, ohne selbst entsprechend parkberechtigt zu sein.<\/li>\n\n\n\n<li>Spezielle Parkpl\u00e4tze stehen nur den daf\u00fcr signalisierten Benutzergruppen zur Verf\u00fcgung. Diese Parkfelder d\u00fcrfen nur von den jeweils berechtigten Personen benutzt werden.<\/li>\n\n\n\n<li>Das Parkareal und die Parkpl\u00e4tze d\u00fcrfen nur zum tempor\u00e4ren Abstellen im vertragsgegenst\u00e4ndlichen Sinne benutzt werden und d\u00fcrfen nicht f\u00fcr andere Zwecke (z.B. Reparaturen, Durchfahrten, Abk\u00fcrzungen etc.) &nbsp;entfremdet werden.<br><\/li>\n<\/ol>\n\n\n\n<p><strong>Folgen eines Vertosses gegen die Pflichten des Fahrzeuglenkers<\/strong><\/p>\n\n\n\n<ol start=\"9\" class=\"wp-block-list\">\n<li>Bei einem Verstoss gegen die diesen Vertrag und gegen die Pflichten des Fahrers wird ein pauschalisierter Schadenersatz in H\u00f6he von CHF 55 f\u00e4llig. Die Geltendmachung eines h\u00f6heren, effektiv entstandenen Schadens bleibt ausdr\u00fccklich vorbehalten.<\/li>\n\n\n\n<li>Wird ein Fahrzeug ohne entsprechende Berechtigung \u00fcber Nacht auf dem Parkareal bzw. dem Parkplatz abgestellt und liegt dadurch ein Verstoss gegen diese Gesch\u00e4ftsbedingungen vor, so schuldet die Fahrzeuglenkerin oder der Fahrzeuglenker ab dem Folgetag des erstmaligen Verstosses f\u00fcr jeden weiteren angebrochenen Kalendertag einen zus\u00e4tzlichen, pauschalisierten Schadenersatz in gleicher H\u00f6he. Jeder angebrochene Kalendertag gilt als neuer Verstoss. Die Entsch\u00e4digungspflicht besteht bis zu einer Obergrenze von h\u00f6chstens dem Zehnfachen der ausgeschilderten pauschalisierten Schadenersatz.<\/li>\n\n\n\n<li>Die H\u00f6he des pauschalisierten Schadenersatzes richtet sich nach den am Standort angebrachten Hinweistafeln.<\/li>\n\n\n\n<li>Bei Fahrzeugen mit ausl\u00e4ndischen Kennzeichen wird aufgrund der erschwerten Identit\u00e4tsermittlung und Eintreibbarkeit der Forderung ein erh\u00f6hter pauschalisierter Schadenersatz in H\u00f6he von CHF 80 verrechnet.<\/li>\n\n\n\n<li>Erfolgt eine Halterabfrage aufgrund eines festgestellten Verstosses gegen diese Allgemeinen Gesch\u00e4ftsbedingungen, werden die tats\u00e4chlich angefallenen Geb\u00fchren zus\u00e4tzlich zum pauschalisierten Schadenersatz weiterverrechnet.<\/li>\n\n\n\n<li>Die Betreiberin ist berechtigt, Fahrzeuge auf Kosten und Risiko der Fahrzeuglenkerin oder des Fahrzeuglenkers von der Parkfl\u00e4che abschleppen zu lassen, wenn diese unberechtigt und\/oder entgegen diesen Gesch\u00e4ftsbedingungen abgestellt worden sind.<\/li>\n<\/ol>\n\n\n\n<p><strong>Haftung<\/strong><\/p>\n\n\n\n<ol start=\"15\" class=\"wp-block-list\">\n<li>Die Betreiberin haftet w\u00e4hrend der Vertragsdauer nur f\u00fcr Sch\u00e4den, die nachweislich durch sie, ihre Angestellten oder beigezogene Hilfspersonen infolge vors\u00e4tzlicher oder grobfahrl\u00e4ssiger Pflichtverletzung verursacht wurden.<\/li>\n\n\n\n<li>Eine weitergehende Haftung, insbesondere f\u00fcr leichte Fahrl\u00e4ssigkeit, wird, soweit gesetzlich zul\u00e4ssig, ausgeschlossen.<\/li>\n\n\n\n<li>Keine Haftung besteht f\u00fcr Sch\u00e4den, die durch Naturereignisse, h\u00f6here Gewalt, Dritte oder anderen Fahrzeuglenkerinnen und -lenker verursacht werden.<\/li>\n\n\n\n<li>Die Haftung f\u00fcr indirekte Sch\u00e4den, Folgesch\u00e4den oder entgangenen Gewinn ist in jedem Fall ausgeschlossen<strong>, <\/strong>soweit gesetzlich zul\u00e4ssig.<\/li>\n<\/ol>\n\n\n\n<p><strong>Anzeige von Sch\u00e4den<\/strong><\/p>\n\n\n\n<ol start=\"19\" class=\"wp-block-list\">\n<li>Sch\u00e4den, f\u00fcr welche die Smart Parking verantwortlich gemacht wird, sind ihr innert 14 Tagen nach deren Feststellung schriftlich oder per E-Mail anzuzeigen. Unterl\u00e4sst die Fahrzeuglenkerin oder der Fahrzeuglenker eine fristgerechte Anzeige, entfallen allf\u00e4llige Schadenersatzanspr\u00fcche. Dieser Ausschluss gilt nicht f\u00fcr Personensch\u00e4den sowie f\u00fcr Sch\u00e4den, die von der Betreiberin vors\u00e4tzlich oder grobfahrl\u00e4ssig verursacht wurden.<\/li>\n<\/ol>\n\n\n\n<p><strong>Sonstiges<\/strong><\/p>\n\n\n\n<ol start=\"20\" class=\"wp-block-list\">\n<li>Die Fahrzeuglenkerin resp. der Fahrzeuglenker nimmt zur Kenntnis, dass bei Verdacht auf Verst\u00f6sse gegen diese Allgemeinen Gesch\u00e4ftsbedingungen eine Halterabfrage beim zust\u00e4ndigen Strassenverkehrsamt durchgef\u00fchrt werden kann.<\/li>\n\n\n\n<li>Die vorstehenden Bestimmungen gelten unabh\u00e4ngig davon, ob die Haftung der Smart Parking auf Vertrag, ausservertraglichem Anspruch oder einem anderen Rechtsgrund beruht.<\/li>\n\n\n\n<li>Sollte eine einzelne Bestimmung dieser Bedingungen unwirksam oder undurchf\u00fchrbar sein oder werden, so bleibt die G\u00fcltigkeit der \u00fcbrigen Bestimmungen unber\u00fchrt. Anstelle der unwirksamen oder undurchf\u00fchrbaren Bestimmung tritt diejenige gesetzliche Regelung, welche dem wirtschaftlichen Zweck der betroffenen Bestimmung am n\u00e4chsten kommt. Gleiches gilt f\u00fcr allf\u00e4llige Regelungsl\u00fccken.<\/li>\n\n\n\n<li>Auf diese Bedingungen findet ausschliesslich schweizerisches Recht Anwendung, unter Ausschluss von Kollisionsnormen und internationalem Privatrecht, soweit gesetzlich zul\u00e4ssig.<\/li>\n\n\n\n<li>Gerichtsstand f\u00fcr s\u00e4mtliche Streitigkeiten im Zusammenhang mit der Benutzung der Parkfl\u00e4chen ist der Sitz der Betreiberin, soweit nicht zwingende gesetzliche Bestimmungen einen anderen Gerichtsstand vorschreiben.<\/li>\n<\/ol>\n\n\n\n<p><\/p>\n","protected":false},"excerpt":{"rendered":"","protected":false},"author":2,"featured_media":0,"parent":0,"menu_order":0,"comment_status":"closed","ping_status":"closed","template":"template-pages\/policy.php","meta":{"_acf_changed":false,"footnotes":""},"class_list":["post-10680","page","type-page","status-publish","hentry"],"acf":[],"yoast_head":"<!-- This site is optimized with the Yoast SEO plugin v26.9 - https:\/\/yoast.com\/product\/yoast-seo-wordpress\/ -->\n<title>Allgemeine Gesch\u00e4ftsbedingungen | Smart Parking<\/title>\n<meta name=\"robots\" content=\"index, follow, max-snippet:-1, max-image-preview:large, max-video-preview:-1\" \/>\n<link rel=\"canonical\" href=\"https:\/\/www.smartparking.com\/ch-de\/allgemeinegeschaeftsbedingungen\/\" \/>\n<meta property=\"og:locale\" content=\"de_DE\" \/>\n<meta property=\"og:type\" content=\"article\" \/>\n<meta property=\"og:title\" content=\"Allgemeine Gesch\u00e4ftsbedingungen | Smart Parking\" \/>\n<meta property=\"og:url\" content=\"https:\/\/www.smartparking.com\/ch-de\/allgemeinegeschaeftsbedingungen\/\" \/>\n<meta property=\"og:site_name\" content=\"Smart Parking\" \/>\n<meta property=\"article:modified_time\" content=\"2025-11-26T12:37:23+00:00\" \/>\n<meta property=\"og:image\" content=\"https:\/\/www.smartparking.com\/wp-content\/uploads\/2025\/03\/home-large-hex-1.jpg\" \/>\n\t<meta property=\"og:image:width\" content=\"1000\" \/>\n\t<meta property=\"og:image:height\" content=\"563\" \/>\n\t<meta property=\"og:image:type\" content=\"image\/jpeg\" \/>\n<meta name=\"twitter:card\" content=\"summary_large_image\" \/>\n<meta name=\"twitter:label1\" content=\"Gesch\u00e4tzte Lesezeit\" \/>\n\t<meta name=\"twitter:data1\" content=\"5\u00a0Minuten\" \/>\n<script type=\"application\/ld+json\" class=\"yoast-schema-graph\">{\"@context\":\"https:\/\/schema.org\",\"@graph\":[{\"@type\":\"WebPage\",\"@id\":\"https:\/\/www.smartparking.com\/ch-de\/allgemeinegeschaeftsbedingungen\/\",\"url\":\"https:\/\/www.smartparking.com\/ch-de\/allgemeinegeschaeftsbedingungen\/\",\"name\":\"Allgemeine Gesch\u00e4ftsbedingungen | Smart Parking\",\"isPartOf\":{\"@id\":\"https:\/\/www.smartparking.com\/ch-de\/#website\"},\"datePublished\":\"2025-04-07T11:56:53+00:00\",\"dateModified\":\"2025-11-26T12:37:23+00:00\",\"breadcrumb\":{\"@id\":\"https:\/\/www.smartparking.com\/ch-de\/allgemeinegeschaeftsbedingungen\/#breadcrumb\"},\"inLanguage\":\"de-CH\",\"potentialAction\":[{\"@type\":\"ReadAction\",\"target\":[\"https:\/\/www.smartparking.com\/ch-de\/allgemeinegeschaeftsbedingungen\/\"]}]},{\"@type\":\"BreadcrumbList\",\"@id\":\"https:\/\/www.smartparking.com\/ch-de\/allgemeinegeschaeftsbedingungen\/#breadcrumb\",\"itemListElement\":[{\"@type\":\"ListItem\",\"position\":1,\"name\":\"Home\",\"item\":\"https:\/\/www.smartparking.com\/ch-de\/\"},{\"@type\":\"ListItem\",\"position\":2,\"name\":\"Allgemeine Gesch\u00e4ftsbedingungen\"}]},{\"@type\":\"WebSite\",\"@id\":\"https:\/\/www.smartparking.com\/ch-de\/#website\",\"url\":\"https:\/\/www.smartparking.com\/ch-de\/\",\"name\":\"Smart Parking\",\"description\":\"\",\"publisher\":{\"@id\":\"https:\/\/www.smartparking.com\/ch-de\/#organization\"},\"potentialAction\":[{\"@type\":\"SearchAction\",\"target\":{\"@type\":\"EntryPoint\",\"urlTemplate\":\"https:\/\/www.smartparking.com\/ch-de\/?s={search_term_string}\"},\"query-input\":{\"@type\":\"PropertyValueSpecification\",\"valueRequired\":true,\"valueName\":\"search_term_string\"}}],\"inLanguage\":\"de-CH\"},{\"@type\":\"Organization\",\"@id\":\"https:\/\/www.smartparking.com\/ch-de\/#organization\",\"name\":\"Smart Parking\",\"url\":\"https:\/\/www.smartparking.com\/ch-de\/\",\"logo\":{\"@type\":\"ImageObject\",\"inLanguage\":\"de-CH\",\"@id\":\"https:\/\/www.smartparking.com\/ch-de\/#\/schema\/logo\/image\/\",\"url\":\"https:\/\/www.smartparking.com\/wp-content\/uploads\/2025\/06\/smart-parking-logo-icon.svg\",\"contentUrl\":\"https:\/\/www.smartparking.com\/wp-content\/uploads\/2025\/06\/smart-parking-logo-icon.svg\",\"width\":1,\"height\":1,\"caption\":\"Smart Parking\"},\"image\":{\"@id\":\"https:\/\/www.smartparking.com\/ch-de\/#\/schema\/logo\/image\/\"},\"sameAs\":[\"https:\/\/www.linkedin.com\/company\/smart-parking-limited\/\"]}]}<\/script>\n<!-- \/ Yoast SEO plugin. -->","yoast_head_json":{"title":"Allgemeine Gesch\u00e4ftsbedingungen | Smart Parking","robots":{"index":"index","follow":"follow","max-snippet":"max-snippet:-1","max-image-preview":"max-image-preview:large","max-video-preview":"max-video-preview:-1"},"canonical":"https:\/\/www.smartparking.com\/ch-de\/allgemeinegeschaeftsbedingungen\/","og_locale":"de_DE","og_type":"article","og_title":"Allgemeine Gesch\u00e4ftsbedingungen | Smart Parking","og_url":"https:\/\/www.smartparking.com\/ch-de\/allgemeinegeschaeftsbedingungen\/","og_site_name":"Smart Parking","article_modified_time":"2025-11-26T12:37:23+00:00","og_image":[{"width":1000,"height":563,"url":"https:\/\/www.smartparking.com\/wp-content\/uploads\/2025\/03\/home-large-hex-1.jpg","type":"image\/jpeg"}],"twitter_card":"summary_large_image","twitter_misc":{"Gesch\u00e4tzte Lesezeit":"5\u00a0Minuten"},"schema":{"@context":"https:\/\/schema.org","@graph":[{"@type":"WebPage","@id":"https:\/\/www.smartparking.com\/ch-de\/allgemeinegeschaeftsbedingungen\/","url":"https:\/\/www.smartparking.com\/ch-de\/allgemeinegeschaeftsbedingungen\/","name":"Allgemeine Gesch\u00e4ftsbedingungen | Smart Parking","isPartOf":{"@id":"https:\/\/www.smartparking.com\/ch-de\/#website"},"datePublished":"2025-04-07T11:56:53+00:00","dateModified":"2025-11-26T12:37:23+00:00","breadcrumb":{"@id":"https:\/\/www.smartparking.com\/ch-de\/allgemeinegeschaeftsbedingungen\/#breadcrumb"},"inLanguage":"de-CH","potentialAction":[{"@type":"ReadAction","target":["https:\/\/www.smartparking.com\/ch-de\/allgemeinegeschaeftsbedingungen\/"]}]},{"@type":"BreadcrumbList","@id":"https:\/\/www.smartparking.com\/ch-de\/allgemeinegeschaeftsbedingungen\/#breadcrumb","itemListElement":[{"@type":"ListItem","position":1,"name":"Home","item":"https:\/\/www.smartparking.com\/ch-de\/"},{"@type":"ListItem","position":2,"name":"Allgemeine Gesch\u00e4ftsbedingungen"}]},{"@type":"WebSite","@id":"https:\/\/www.smartparking.com\/ch-de\/#website","url":"https:\/\/www.smartparking.com\/ch-de\/","name":"Smart Parking","description":"","publisher":{"@id":"https:\/\/www.smartparking.com\/ch-de\/#organization"},"potentialAction":[{"@type":"SearchAction","target":{"@type":"EntryPoint","urlTemplate":"https:\/\/www.smartparking.com\/ch-de\/?s={search_term_string}"},"query-input":{"@type":"PropertyValueSpecification","valueRequired":true,"valueName":"search_term_string"}}],"inLanguage":"de-CH"},{"@type":"Organization","@id":"https:\/\/www.smartparking.com\/ch-de\/#organization","name":"Smart Parking","url":"https:\/\/www.smartparking.com\/ch-de\/","logo":{"@type":"ImageObject","inLanguage":"de-CH","@id":"https:\/\/www.smartparking.com\/ch-de\/#\/schema\/logo\/image\/","url":"https:\/\/www.smartparking.com\/wp-content\/uploads\/2025\/06\/smart-parking-logo-icon.svg","contentUrl":"https:\/\/www.smartparking.com\/wp-content\/uploads\/2025\/06\/smart-parking-logo-icon.svg","width":1,"height":1,"caption":"Smart Parking"},"image":{"@id":"https:\/\/www.smartparking.com\/ch-de\/#\/schema\/logo\/image\/"},"sameAs":["https:\/\/www.linkedin.com\/company\/smart-parking-limited\/"]}]}},"_links":{"self":[{"href":"https:\/\/www.smartparking.com\/ch-de\/wp-json\/wp\/v2\/pages\/10680","targetHints":{"allow":["GET"]}}],"collection":[{"href":"https:\/\/www.smartparking.com\/ch-de\/wp-json\/wp\/v2\/pages"}],"about":[{"href":"https:\/\/www.smartparking.com\/ch-de\/wp-json\/wp\/v2\/types\/page"}],"author":[{"embeddable":true,"href":"https:\/\/www.smartparking.com\/ch-de\/wp-json\/wp\/v2\/users\/2"}],"replies":[{"embeddable":true,"href":"https:\/\/www.smartparking.com\/ch-de\/wp-json\/wp\/v2\/comments?post=10680"}],"version-history":[{"count":43,"href":"https:\/\/www.smartparking.com\/ch-de\/wp-json\/wp\/v2\/pages\/10680\/revisions"}],"predecessor-version":[{"id":13974,"href":"https:\/\/www.smartparking.com\/ch-de\/wp-json\/wp\/v2\/pages\/10680\/revisions\/13974"}],"wp:attachment":[{"href":"https:\/\/www.smartparking.com\/ch-de\/wp-json\/wp\/v2\/media?parent=10680"}],"curies":[{"name":"wp","href":"https:\/\/api.w.org\/{rel}","templated":true}]}}