{"id":10682,"date":"2025-04-07T11:44:52","date_gmt":"2025-04-07T11:44:52","guid":{"rendered":"https:\/\/www.smartparking.com\/cookie-richtlinie\/"},"modified":"2025-04-07T11:44:52","modified_gmt":"2025-04-07T11:44:52","slug":"cookie-richtlinie","status":"publish","type":"page","link":"https:\/\/www.smartparking.com\/ch-de\/cookie-richtlinie\/","title":{"rendered":"Cookie-Richtlinie"},"content":{"rendered":"\n<h5 class=\"wp-block-heading\"><strong>COOKIE-RICHTLINIE<\/strong><\/h5>\n\n\n\n<p>Willkommen auf unserer Website. Wenn Sie diese Website weiter durchsuchen und nutzen, erkl\u00e4ren Sie sich damit einverstanden, die folgenden Nutzungsbedingungen einzuhalten, die zusammen mit unserer Datenschutzrichtlinie die Beziehung zwischen Smart Parking Limited und Ihnen in Bezug auf diese Website regeln. Wenn Sie mit irgendeinem Teil dieser Bedingungen nicht einverstanden sind, benutzen Sie bitte unsere Website nicht.<\/p>\n\n\n\n<p><br>Der Begriff Smart Parking Limited oder &#8218;uns&#8216; oder &#8218;wir&#8216; bezieht sich auf den Eigent\u00fcmer der Website, dessen eingetragener Sitz 5, South Inch Business Centre, Perth, Perthshire, Schotland, PH2 8BW ist. Unsere Firmenregistrierungsnummer lautet SC138255. Die Umsatzsteuer-Identifikationsnummer unseres Unternehmens lautet. Nr. lautet 607582041.<\/p>\n\n\n\n<p><br>Der Begriff &#171;Sie&#187; bezieht sich auf den Benutzer oder Betrachter unserer Website. Die Nutzung dieser Website unterliegt den folgenden Nutzungsbedingungen:<\/p>\n\n\n\n<p>Der Inhalt der Seiten dieser Website dient nur zu Ihrer allgemeinen Information und Nutzung. Er kann ohne vorherige Ank\u00fcndigung ge\u00e4ndert werden.<\/p>\n\n\n\n<p><\/p>\n\n\n\n<p>Wir sammeln pers\u00f6nliche Informationen \u00fcber Sie auf folgende Weise:<\/p>\n\n\n\n<p>Durch Internet-Cookies, die von unseren Online-Marketing-Tools in Ihrem Browser abgelegt werden. Diese Cookies sammeln Informationen dar\u00fcber, wie Besucher eine Website nutzen, z. B. welche Seiten sie am h\u00e4ufigsten besuchen und ob sie Fehlermeldungen von Webseiten erhalten. Diese Cookies sammeln keine Informationen, mit denen ein Besucher identifiziert werden kann. Alle Informationen, die diese Cookies sammeln, sind aggregiert und daher anonym. Sie werden nur verwendet, um die Funktionsweise einer Website zu verbessern.<\/p>\n\n\n\n<p>Aus Informationen, die Sie in unserem Kontaktformular oder in anderen Formularen zur Lead-Generierung auf unserer Website angeben.<\/p>\n\n\n\n<p>Von Anrufen \u00fcber Telefonnummern, die auf unserer Website oder an anderer Stelle online angezeigt werden, was dazu f\u00fchren kann, dass Ihr Anruf aufgezeichnet wird.<\/p>\n\n\n\n<p>Von E-Mails, die Sie an unsere Domain-Adresse senden.<\/p>\n\n\n\n<p>Wir verwenden eine Reihe von Internet-Reporting-, Analyse- und Marketing-Tools, die Cookies und andere Tracking- und Aufzeichnungssoftware verwenden, um Ihre Interaktionen mit unserer Website und Online-Werbekampagnen zu verfolgen, darunter:<\/p>\n\n\n\n<p>Google Analytics Reporting Tool &#8211; Diese Software verwendet Cookies und erm\u00f6glicht es uns, Ihre Aktivit\u00e4ten und Interaktionen mit unserer Website zu analysieren, einschlie\u00dflich: wie lange Sie auf unserer Website waren und ob Sie ein neuer oder wiederkehrender Nutzer sind, welche Seiten und Inhalte Sie angesehen haben, z. B. Videos, die Sie angesehen haben, Links, die Sie angeklickt haben, Formulare, die Sie ausgef\u00fcllt haben und Artikel, die Sie heruntergeladen haben.<\/p>\n\n\n\n<p>Google AdWords Remarketing und Google Analytics Remarketing Tools &#8211; Diese Marketing-Tools erm\u00f6glichen es uns, anonyme Listen von Website-Besuchern zu erstellen, die unsere Website besucht haben, und erm\u00f6glichen es uns, diesen Besuchern Werbung auf den Ergebnisseiten von Suchmaschinen und auf anderen Websites zu zeigen.<\/p>\n\n\n\n<p>Google Analytics Demografie- und Interessenberichte &#8211; Dieses Berichtstool erm\u00f6glicht uns die Analyse demografischer Informationen und kann uns Aufschluss \u00fcber Ihre Alterskategorie, Ihr Geschlecht, Ihr Familienleben und Ihre Interessen geben sowie dar\u00fcber, welche Themen und Inhalte Sie online angesehen haben.<\/p>\n\n\n\n<p>Call Tracking Metrics &#8211; Mit diesem Berichtstool k\u00f6nnen wir feststellen, \u00fcber welche Marketingkan\u00e4le Sie auf unsere Website zugegriffen haben, bevor Sie uns angerufen haben, indem wir Ihnen je nach Verweisungskanal unterschiedliche Telefonnummern anzeigen. Dieses Tool zeichnet auch Telefon-Metadaten und den Telefonanruf auf.<\/p>\n\n\n\n<p>Hotjar Website Analytics and Feedback Tool &#8211; Mit diesem Tool k\u00f6nnen wir Ihre Benutzersitzungen \u00fcberwachen und aufzeichnen und sehen, wie Sie mit unserer Website interagieren. Dieses Tool liefert auch demografische und verhaltensbezogene Berichte, die beinhalten, welche Seiten Sie angesehen haben, wohin Sie gescrollt haben und welche Links Sie auf unserer Website angeklickt haben, zus\u00e4tzlich zu Informationen \u00fcber Ihr mit dem Internet verbundenes Ger\u00e4t und Ihren Standort.<\/p>\n\n\n\n<p>Website Content Management System &#8211; Unsere Website speichert Informationen, die Sie uns \u00fcber unser Kontaktformular oder unsere Lead-Generierungsformulare \u00fcbermittelt haben. Diese Informationen werden in unserer Website-Datenbank gespeichert, die durch ein Passwort gesch\u00fctzt ist.<\/p>\n\n\n\n<p>Inbound Link Tracking Software und Analytics (UTM) &#8211; Dies sind eingehende Links zu unserer Website, die es uns erm\u00f6glichen, festzustellen, auf welche Marketingkan\u00e4le und Werbekampagnen Sie geklickt haben, um auf unsere Website zu gelangen.<\/p>\n\n\n\n<p>Weder wir noch Dritte \u00fcbernehmen eine Garantie oder Gew\u00e4hrleistung f\u00fcr die Richtigkeit, Aktualit\u00e4t, Leistung, Vollst\u00e4ndigkeit oder Eignung der auf dieser Website gefundenen oder angebotenen Informationen und Materialien f\u00fcr einen bestimmten Zweck. Sie erkennen an, dass solche Informationen und Materialien Ungenauigkeiten oder Fehler enthalten k\u00f6nnen, und wir schlie\u00dfen ausdr\u00fccklich die Haftung f\u00fcr solche Ungenauigkeiten oder Fehler im vollen gesetzlich zul\u00e4ssigen Umfang aus.<\/p>\n\n\n\n<p>Die Nutzung von Informationen oder Materialien auf dieser Website erfolgt ausschlie\u00dflich auf Ihr eigenes Risiko, f\u00fcr das wir nicht haften. Es liegt in Ihrer eigenen Verantwortung, sicherzustellen, dass die auf dieser Website angebotenen Produkte, Dienstleistungen oder Informationen Ihren spezifischen Anforderungen entsprechen.<\/p>\n\n\n\n<p>Diese Website enth\u00e4lt Material, das sich in unserem Eigentum befindet oder f\u00fcr das wir eine Lizenz besitzen. Zu diesem Material geh\u00f6ren unter anderem das Design, das Layout, das Aussehen, das Erscheinungsbild und die Grafiken. Die Vervielf\u00e4ltigung ist nur in \u00dcbereinstimmung mit dem Urheberrechtsvermerk gestattet, der Teil dieser Bedingungen ist.<\/p>\n\n\n\n<p>Alle auf dieser Website wiedergegebenen Marken, die nicht Eigentum des Betreibers sind oder f\u00fcr die dieser eine Lizenz erteilt hat, werden auf der Website angegeben.<\/p>\n\n\n\n<p>Die unbefugte Nutzung dieser Website kann zu Schadensersatzanspr\u00fcchen f\u00fchren und\/oder eine Straftat darstellen.<br>Von Zeit zu Zeit kann diese Website auch Links zu anderen Websites enthalten. Diese Links werden zu Ihrer Bequemlichkeit bereitgestellt, um weitere Informationen zu liefern. Sie bedeuten nicht, dass wir die betreffende(n) Website(s) guthei\u00dfen. Wir \u00fcbernehmen keine Verantwortung f\u00fcr den Inhalt der verlinkten Website(s).<\/p>\n\n\n\n<p>Ihre Nutzung dieser Website und alle Streitigkeiten, die sich aus dieser Nutzung der Website ergeben, unterliegen den Gesetzen von England, Nordirland, Schottland und Wales.<\/p>\n","protected":false},"excerpt":{"rendered":"","protected":false},"author":2,"featured_media":10683,"parent":0,"menu_order":0,"comment_status":"closed","ping_status":"closed","template":"template-pages\/policy.php","meta":{"_acf_changed":false,"footnotes":""},"class_list":["post-10682","page","type-page","status-publish","has-post-thumbnail","hentry"],"acf":[],"yoast_head":"<!-- This site is optimized with the Yoast SEO plugin v26.9 - https:\/\/yoast.com\/product\/yoast-seo-wordpress\/ -->\n<title>Cookie-Richtlinie | Smart Parking<\/title>\n<meta name=\"description\" content=\"Cookie-Richtlinie von Smart Parking\" \/>\n<meta name=\"robots\" content=\"index, follow, max-snippet:-1, max-image-preview:large, max-video-preview:-1\" \/>\n<link rel=\"canonical\" href=\"https:\/\/www.smartparking.com\/ch-de\/cookie-richtlinie\/\" \/>\n<meta property=\"og:locale\" content=\"de_DE\" \/>\n<meta property=\"og:type\" content=\"article\" \/>\n<meta property=\"og:title\" content=\"Cookie-Richtlinie | Smart Parking\" \/>\n<meta property=\"og:description\" content=\"Cookie-Richtlinie von Smart Parking\" \/>\n<meta property=\"og:url\" content=\"https:\/\/www.smartparking.com\/ch-de\/cookie-richtlinie\/\" \/>\n<meta property=\"og:site_name\" content=\"Smart Parking\" \/>\n<meta property=\"og:image\" content=\"https:\/\/www.smartparking.com\/wp-content\/uploads\/2025\/04\/dji_0306-scaled.jpg\" \/>\n\t<meta property=\"og:image:width\" content=\"2560\" \/>\n\t<meta property=\"og:image:height\" content=\"1440\" \/>\n\t<meta property=\"og:image:type\" content=\"image\/jpeg\" \/>\n<meta name=\"twitter:card\" content=\"summary_large_image\" \/>\n<meta name=\"twitter:label1\" content=\"Gesch\u00e4tzte Lesezeit\" \/>\n\t<meta name=\"twitter:data1\" content=\"5\u00a0Minuten\" \/>\n<script type=\"application\/ld+json\" class=\"yoast-schema-graph\">{\"@context\":\"https:\/\/schema.org\",\"@graph\":[{\"@type\":\"WebPage\",\"@id\":\"https:\/\/www.smartparking.com\/ch-de\/cookie-richtlinie\/\",\"url\":\"https:\/\/www.smartparking.com\/ch-de\/cookie-richtlinie\/\",\"name\":\"Cookie-Richtlinie | Smart Parking\",\"isPartOf\":{\"@id\":\"https:\/\/www.smartparking.com\/ch-de\/#website\"},\"primaryImageOfPage\":{\"@id\":\"https:\/\/www.smartparking.com\/ch-de\/cookie-richtlinie\/#primaryimage\"},\"image\":{\"@id\":\"https:\/\/www.smartparking.com\/ch-de\/cookie-richtlinie\/#primaryimage\"},\"thumbnailUrl\":\"https:\/\/www.smartparking.com\/wp-content\/uploads\/2025\/04\/dji_0306-scaled.jpg\",\"datePublished\":\"2025-04-07T11:44:52+00:00\",\"description\":\"Cookie-Richtlinie von Smart Parking\",\"breadcrumb\":{\"@id\":\"https:\/\/www.smartparking.com\/ch-de\/cookie-richtlinie\/#breadcrumb\"},\"inLanguage\":\"de-CH\",\"potentialAction\":[{\"@type\":\"ReadAction\",\"target\":[\"https:\/\/www.smartparking.com\/ch-de\/cookie-richtlinie\/\"]}]},{\"@type\":\"ImageObject\",\"inLanguage\":\"de-CH\",\"@id\":\"https:\/\/www.smartparking.com\/ch-de\/cookie-richtlinie\/#primaryimage\",\"url\":\"https:\/\/www.smartparking.com\/wp-content\/uploads\/2025\/04\/dji_0306-scaled.jpg\",\"contentUrl\":\"https:\/\/www.smartparking.com\/wp-content\/uploads\/2025\/04\/dji_0306-scaled.jpg\",\"width\":2560,\"height\":1440,\"caption\":\"default\"},{\"@type\":\"BreadcrumbList\",\"@id\":\"https:\/\/www.smartparking.com\/ch-de\/cookie-richtlinie\/#breadcrumb\",\"itemListElement\":[{\"@type\":\"ListItem\",\"position\":1,\"name\":\"Home\",\"item\":\"https:\/\/www.smartparking.com\/ch-de\/\"},{\"@type\":\"ListItem\",\"position\":2,\"name\":\"Cookie-Richtlinie\"}]},{\"@type\":\"WebSite\",\"@id\":\"https:\/\/www.smartparking.com\/ch-de\/#website\",\"url\":\"https:\/\/www.smartparking.com\/ch-de\/\",\"name\":\"Smart Parking\",\"description\":\"\",\"publisher\":{\"@id\":\"https:\/\/www.smartparking.com\/ch-de\/#organization\"},\"potentialAction\":[{\"@type\":\"SearchAction\",\"target\":{\"@type\":\"EntryPoint\",\"urlTemplate\":\"https:\/\/www.smartparking.com\/ch-de\/?s={search_term_string}\"},\"query-input\":{\"@type\":\"PropertyValueSpecification\",\"valueRequired\":true,\"valueName\":\"search_term_string\"}}],\"inLanguage\":\"de-CH\"},{\"@type\":\"Organization\",\"@id\":\"https:\/\/www.smartparking.com\/ch-de\/#organization\",\"name\":\"Smart Parking\",\"url\":\"https:\/\/www.smartparking.com\/ch-de\/\",\"logo\":{\"@type\":\"ImageObject\",\"inLanguage\":\"de-CH\",\"@id\":\"https:\/\/www.smartparking.com\/ch-de\/#\/schema\/logo\/image\/\",\"url\":\"https:\/\/www.smartparking.com\/wp-content\/uploads\/2025\/06\/smart-parking-logo-icon.svg\",\"contentUrl\":\"https:\/\/www.smartparking.com\/wp-content\/uploads\/2025\/06\/smart-parking-logo-icon.svg\",\"width\":1,\"height\":1,\"caption\":\"Smart Parking\"},\"image\":{\"@id\":\"https:\/\/www.smartparking.com\/ch-de\/#\/schema\/logo\/image\/\"},\"sameAs\":[\"https:\/\/www.linkedin.com\/company\/smart-parking-limited\/\"]}]}<\/script>\n<!-- \/ Yoast SEO plugin. -->","yoast_head_json":{"title":"Cookie-Richtlinie | Smart Parking","description":"Cookie-Richtlinie von Smart Parking","robots":{"index":"index","follow":"follow","max-snippet":"max-snippet:-1","max-image-preview":"max-image-preview:large","max-video-preview":"max-video-preview:-1"},"canonical":"https:\/\/www.smartparking.com\/ch-de\/cookie-richtlinie\/","og_locale":"de_DE","og_type":"article","og_title":"Cookie-Richtlinie | Smart Parking","og_description":"Cookie-Richtlinie von Smart Parking","og_url":"https:\/\/www.smartparking.com\/ch-de\/cookie-richtlinie\/","og_site_name":"Smart Parking","og_image":[{"width":2560,"height":1440,"url":"https:\/\/www.smartparking.com\/wp-content\/uploads\/2025\/04\/dji_0306-scaled.jpg","type":"image\/jpeg"}],"twitter_card":"summary_large_image","twitter_misc":{"Gesch\u00e4tzte Lesezeit":"5\u00a0Minuten"},"schema":{"@context":"https:\/\/schema.org","@graph":[{"@type":"WebPage","@id":"https:\/\/www.smartparking.com\/ch-de\/cookie-richtlinie\/","url":"https:\/\/www.smartparking.com\/ch-de\/cookie-richtlinie\/","name":"Cookie-Richtlinie | Smart Parking","isPartOf":{"@id":"https:\/\/www.smartparking.com\/ch-de\/#website"},"primaryImageOfPage":{"@id":"https:\/\/www.smartparking.com\/ch-de\/cookie-richtlinie\/#primaryimage"},"image":{"@id":"https:\/\/www.smartparking.com\/ch-de\/cookie-richtlinie\/#primaryimage"},"thumbnailUrl":"https:\/\/www.smartparking.com\/wp-content\/uploads\/2025\/04\/dji_0306-scaled.jpg","datePublished":"2025-04-07T11:44:52+00:00","description":"Cookie-Richtlinie von Smart Parking","breadcrumb":{"@id":"https:\/\/www.smartparking.com\/ch-de\/cookie-richtlinie\/#breadcrumb"},"inLanguage":"de-CH","potentialAction":[{"@type":"ReadAction","target":["https:\/\/www.smartparking.com\/ch-de\/cookie-richtlinie\/"]}]},{"@type":"ImageObject","inLanguage":"de-CH","@id":"https:\/\/www.smartparking.com\/ch-de\/cookie-richtlinie\/#primaryimage","url":"https:\/\/www.smartparking.com\/wp-content\/uploads\/2025\/04\/dji_0306-scaled.jpg","contentUrl":"https:\/\/www.smartparking.com\/wp-content\/uploads\/2025\/04\/dji_0306-scaled.jpg","width":2560,"height":1440,"caption":"default"},{"@type":"BreadcrumbList","@id":"https:\/\/www.smartparking.com\/ch-de\/cookie-richtlinie\/#breadcrumb","itemListElement":[{"@type":"ListItem","position":1,"name":"Home","item":"https:\/\/www.smartparking.com\/ch-de\/"},{"@type":"ListItem","position":2,"name":"Cookie-Richtlinie"}]},{"@type":"WebSite","@id":"https:\/\/www.smartparking.com\/ch-de\/#website","url":"https:\/\/www.smartparking.com\/ch-de\/","name":"Smart Parking","description":"","publisher":{"@id":"https:\/\/www.smartparking.com\/ch-de\/#organization"},"potentialAction":[{"@type":"SearchAction","target":{"@type":"EntryPoint","urlTemplate":"https:\/\/www.smartparking.com\/ch-de\/?s={search_term_string}"},"query-input":{"@type":"PropertyValueSpecification","valueRequired":true,"valueName":"search_term_string"}}],"inLanguage":"de-CH"},{"@type":"Organization","@id":"https:\/\/www.smartparking.com\/ch-de\/#organization","name":"Smart Parking","url":"https:\/\/www.smartparking.com\/ch-de\/","logo":{"@type":"ImageObject","inLanguage":"de-CH","@id":"https:\/\/www.smartparking.com\/ch-de\/#\/schema\/logo\/image\/","url":"https:\/\/www.smartparking.com\/wp-content\/uploads\/2025\/06\/smart-parking-logo-icon.svg","contentUrl":"https:\/\/www.smartparking.com\/wp-content\/uploads\/2025\/06\/smart-parking-logo-icon.svg","width":1,"height":1,"caption":"Smart Parking"},"image":{"@id":"https:\/\/www.smartparking.com\/ch-de\/#\/schema\/logo\/image\/"},"sameAs":["https:\/\/www.linkedin.com\/company\/smart-parking-limited\/"]}]}},"_links":{"self":[{"href":"https:\/\/www.smartparking.com\/ch-de\/wp-json\/wp\/v2\/pages\/10682","targetHints":{"allow":["GET"]}}],"collection":[{"href":"https:\/\/www.smartparking.com\/ch-de\/wp-json\/wp\/v2\/pages"}],"about":[{"href":"https:\/\/www.smartparking.com\/ch-de\/wp-json\/wp\/v2\/types\/page"}],"author":[{"embeddable":true,"href":"https:\/\/www.smartparking.com\/ch-de\/wp-json\/wp\/v2\/users\/2"}],"replies":[{"embeddable":true,"href":"https:\/\/www.smartparking.com\/ch-de\/wp-json\/wp\/v2\/comments?post=10682"}],"version-history":[{"count":0,"href":"https:\/\/www.smartparking.com\/ch-de\/wp-json\/wp\/v2\/pages\/10682\/revisions"}],"wp:featuredmedia":[{"embeddable":true,"href":"https:\/\/www.smartparking.com\/ch-de\/wp-json\/wp\/v2\/media\/10683"}],"wp:attachment":[{"href":"https:\/\/www.smartparking.com\/ch-de\/wp-json\/wp\/v2\/media?parent=10682"}],"curies":[{"name":"wp","href":"https:\/\/api.w.org\/{rel}","templated":true}]}}