{"id":10295,"date":"2025-04-23T11:37:34","date_gmt":"2025-04-23T11:37:34","guid":{"rendered":"https:\/\/www.smartparking.com\/impressum\/"},"modified":"2026-03-05T12:40:12","modified_gmt":"2026-03-05T12:40:12","slug":"mentions-legales","status":"publish","type":"page","link":"https:\/\/www.smartparking.com\/ch-fr\/mentions-legales\/","title":{"rendered":"Mentions l\u00e9gales"},"content":{"rendered":"\n<p><strong>Mentions l\u00e9gales<\/strong><\/p>\n\n\n\n<p>Responsable du contenu du site web&nbsp;:<\/p>\n\n\n\n<p>Smart Parking AG<\/p>\n\n\n\n<p>Dammstrasse 19<\/p>\n\n\n\n<p>CH-6300 Zoug<\/p>\n\n\n\n<p>Suisse<\/p>\n\n\n\n<div style=\"height:25px\" aria-hidden=\"true\" class=\"wp-block-spacer\"><\/div>\n\n\n\n<p><strong>Contact&nbsp;:<\/strong><\/p>\n\n\n\n<p>Conseil d&#8217;administration: Rainer Artelt<\/p>\n\n\n\n<p>Courriel: info@smartparking.ch<\/p>\n\n\n\n<p>Site web: www.smartparking.ch<\/p>\n\n\n\n<p>N\u00b0 IDE : CHE-234.349.418<\/p>\n\n\n\n<p>Registre du commerce : Canton de Zoug<\/p>\n\n\n\n<div style=\"height:25px\" aria-hidden=\"true\" class=\"wp-block-spacer\"><\/div>\n\n\n\n<p>Pour des raisons de protection des donn\u00e9es, nous ne pouvons pas fournir d\u2019informations t\u00e9l\u00e9phoniques concernant les op\u00e9rations de stationnement enregistr\u00e9es via la lecture des plaques d\u2019immatriculation. Pour toute question relative \u00e0 une demande de paiement ou \u00e0 une op\u00e9ration de stationnement, vous pouvez contacter notre \u00e9quipe Customer Care<\/p>\n\n\n\n<ul class=\"wp-block-list\">\n<li>par mail \u00e0 : <a href=\"mailto:help@smartparking.ch\" target=\"_blank\" rel=\"noreferrer noopener\">help@smartparking.ch<\/a><\/li>\n\n\n\n<li>par courrier postal :<\/li>\n<\/ul>\n\n\n\n<p>Customer Care Team<\/p>\n\n\n\n<p>Smart Parking AG<br>Dammstrasse 19<br>CH-6300 Zug<br>Schweiz<\/p>\n\n\n\n<p><\/p>\n","protected":false},"excerpt":{"rendered":"","protected":false},"author":2,"featured_media":0,"parent":0,"menu_order":0,"comment_status":"closed","ping_status":"closed","template":"template-pages\/policy.php","meta":{"_acf_changed":false,"footnotes":""},"class_list":["post-10295","page","type-page","status-publish","hentry"],"acf":[],"yoast_head":"<!-- This site is optimized with the Yoast SEO plugin v26.9 - https:\/\/yoast.com\/product\/yoast-seo-wordpress\/ -->\n<title>Mentions l\u00e9gales | Smart Parking<\/title>\n<meta name=\"description\" content=\"Impressum von Smart Parking\" \/>\n<meta name=\"robots\" content=\"index, follow, max-snippet:-1, max-image-preview:large, max-video-preview:-1\" \/>\n<link rel=\"canonical\" href=\"https:\/\/www.smartparking.com\/ch-fr\/mentions-legales\/\" \/>\n<meta property=\"og:locale\" content=\"fr_FR\" \/>\n<meta property=\"og:type\" content=\"article\" \/>\n<meta property=\"og:title\" content=\"Mentions l\u00e9gales | Smart Parking\" \/>\n<meta property=\"og:description\" content=\"Impressum von Smart Parking\" \/>\n<meta property=\"og:url\" content=\"https:\/\/www.smartparking.com\/ch-fr\/mentions-legales\/\" \/>\n<meta property=\"og:site_name\" content=\"Smart Parking\" \/>\n<meta property=\"article:modified_time\" content=\"2026-03-05T12:40:12+00:00\" \/>\n<meta property=\"og:image\" content=\"https:\/\/www.smartparking.com\/wp-content\/uploads\/2025\/03\/home-large-hex-1.jpg\" \/>\n\t<meta property=\"og:image:width\" content=\"1000\" \/>\n\t<meta property=\"og:image:height\" content=\"563\" \/>\n\t<meta property=\"og:image:type\" content=\"image\/jpeg\" \/>\n<meta name=\"twitter:card\" content=\"summary_large_image\" \/>\n<meta name=\"twitter:label1\" content=\"Est. reading time\" \/>\n\t<meta name=\"twitter:data1\" content=\"1 minute\" \/>\n<script type=\"application\/ld+json\" class=\"yoast-schema-graph\">{\"@context\":\"https:\/\/schema.org\",\"@graph\":[{\"@type\":\"WebPage\",\"@id\":\"https:\/\/www.smartparking.com\/ch-fr\/mentions-legales\/\",\"url\":\"https:\/\/www.smartparking.com\/ch-fr\/mentions-legales\/\",\"name\":\"Mentions l\u00e9gales | Smart Parking\",\"isPartOf\":{\"@id\":\"https:\/\/www.smartparking.com\/ch-fr\/#website\"},\"datePublished\":\"2025-04-23T11:37:34+00:00\",\"dateModified\":\"2026-03-05T12:40:12+00:00\",\"description\":\"Impressum von Smart Parking\",\"breadcrumb\":{\"@id\":\"https:\/\/www.smartparking.com\/ch-fr\/mentions-legales\/#breadcrumb\"},\"inLanguage\":\"fr-CH\",\"potentialAction\":[{\"@type\":\"ReadAction\",\"target\":[\"https:\/\/www.smartparking.com\/ch-fr\/mentions-legales\/\"]}]},{\"@type\":\"BreadcrumbList\",\"@id\":\"https:\/\/www.smartparking.com\/ch-fr\/mentions-legales\/#breadcrumb\",\"itemListElement\":[{\"@type\":\"ListItem\",\"position\":1,\"name\":\"Home\",\"item\":\"https:\/\/www.smartparking.com\/ch-fr\/\"},{\"@type\":\"ListItem\",\"position\":2,\"name\":\"Mentions l\u00e9gales\"}]},{\"@type\":\"WebSite\",\"@id\":\"https:\/\/www.smartparking.com\/ch-fr\/#website\",\"url\":\"https:\/\/www.smartparking.com\/ch-fr\/\",\"name\":\"Smart Parking\",\"description\":\"\",\"publisher\":{\"@id\":\"https:\/\/www.smartparking.com\/ch-fr\/#organization\"},\"potentialAction\":[{\"@type\":\"SearchAction\",\"target\":{\"@type\":\"EntryPoint\",\"urlTemplate\":\"https:\/\/www.smartparking.com\/ch-fr\/?s={search_term_string}\"},\"query-input\":{\"@type\":\"PropertyValueSpecification\",\"valueRequired\":true,\"valueName\":\"search_term_string\"}}],\"inLanguage\":\"fr-CH\"},{\"@type\":\"Organization\",\"@id\":\"https:\/\/www.smartparking.com\/ch-fr\/#organization\",\"name\":\"Smart Parking\",\"url\":\"https:\/\/www.smartparking.com\/ch-fr\/\",\"logo\":{\"@type\":\"ImageObject\",\"inLanguage\":\"fr-CH\",\"@id\":\"https:\/\/www.smartparking.com\/ch-fr\/#\/schema\/logo\/image\/\",\"url\":\"https:\/\/www.smartparking.com\/wp-content\/uploads\/2025\/06\/smart-parking-logo-icon.svg\",\"contentUrl\":\"https:\/\/www.smartparking.com\/wp-content\/uploads\/2025\/06\/smart-parking-logo-icon.svg\",\"width\":1,\"height\":1,\"caption\":\"Smart Parking\"},\"image\":{\"@id\":\"https:\/\/www.smartparking.com\/ch-fr\/#\/schema\/logo\/image\/\"},\"sameAs\":[\"https:\/\/www.linkedin.com\/company\/smart-parking-limited\/\"]}]}<\/script>\n<!-- \/ Yoast SEO plugin. -->","yoast_head_json":{"title":"Mentions l\u00e9gales | Smart Parking","description":"Impressum von Smart Parking","robots":{"index":"index","follow":"follow","max-snippet":"max-snippet:-1","max-image-preview":"max-image-preview:large","max-video-preview":"max-video-preview:-1"},"canonical":"https:\/\/www.smartparking.com\/ch-fr\/mentions-legales\/","og_locale":"fr_FR","og_type":"article","og_title":"Mentions l\u00e9gales | Smart Parking","og_description":"Impressum von Smart Parking","og_url":"https:\/\/www.smartparking.com\/ch-fr\/mentions-legales\/","og_site_name":"Smart Parking","article_modified_time":"2026-03-05T12:40:12+00:00","og_image":[{"width":1000,"height":563,"url":"https:\/\/www.smartparking.com\/wp-content\/uploads\/2025\/03\/home-large-hex-1.jpg","type":"image\/jpeg"}],"twitter_card":"summary_large_image","twitter_misc":{"Est. reading time":"1 minute"},"schema":{"@context":"https:\/\/schema.org","@graph":[{"@type":"WebPage","@id":"https:\/\/www.smartparking.com\/ch-fr\/mentions-legales\/","url":"https:\/\/www.smartparking.com\/ch-fr\/mentions-legales\/","name":"Mentions l\u00e9gales | Smart Parking","isPartOf":{"@id":"https:\/\/www.smartparking.com\/ch-fr\/#website"},"datePublished":"2025-04-23T11:37:34+00:00","dateModified":"2026-03-05T12:40:12+00:00","description":"Impressum von Smart Parking","breadcrumb":{"@id":"https:\/\/www.smartparking.com\/ch-fr\/mentions-legales\/#breadcrumb"},"inLanguage":"fr-CH","potentialAction":[{"@type":"ReadAction","target":["https:\/\/www.smartparking.com\/ch-fr\/mentions-legales\/"]}]},{"@type":"BreadcrumbList","@id":"https:\/\/www.smartparking.com\/ch-fr\/mentions-legales\/#breadcrumb","itemListElement":[{"@type":"ListItem","position":1,"name":"Home","item":"https:\/\/www.smartparking.com\/ch-fr\/"},{"@type":"ListItem","position":2,"name":"Mentions l\u00e9gales"}]},{"@type":"WebSite","@id":"https:\/\/www.smartparking.com\/ch-fr\/#website","url":"https:\/\/www.smartparking.com\/ch-fr\/","name":"Smart Parking","description":"","publisher":{"@id":"https:\/\/www.smartparking.com\/ch-fr\/#organization"},"potentialAction":[{"@type":"SearchAction","target":{"@type":"EntryPoint","urlTemplate":"https:\/\/www.smartparking.com\/ch-fr\/?s={search_term_string}"},"query-input":{"@type":"PropertyValueSpecification","valueRequired":true,"valueName":"search_term_string"}}],"inLanguage":"fr-CH"},{"@type":"Organization","@id":"https:\/\/www.smartparking.com\/ch-fr\/#organization","name":"Smart Parking","url":"https:\/\/www.smartparking.com\/ch-fr\/","logo":{"@type":"ImageObject","inLanguage":"fr-CH","@id":"https:\/\/www.smartparking.com\/ch-fr\/#\/schema\/logo\/image\/","url":"https:\/\/www.smartparking.com\/wp-content\/uploads\/2025\/06\/smart-parking-logo-icon.svg","contentUrl":"https:\/\/www.smartparking.com\/wp-content\/uploads\/2025\/06\/smart-parking-logo-icon.svg","width":1,"height":1,"caption":"Smart Parking"},"image":{"@id":"https:\/\/www.smartparking.com\/ch-fr\/#\/schema\/logo\/image\/"},"sameAs":["https:\/\/www.linkedin.com\/company\/smart-parking-limited\/"]}]}},"_links":{"self":[{"href":"https:\/\/www.smartparking.com\/ch-fr\/wp-json\/wp\/v2\/pages\/10295","targetHints":{"allow":["GET"]}}],"collection":[{"href":"https:\/\/www.smartparking.com\/ch-fr\/wp-json\/wp\/v2\/pages"}],"about":[{"href":"https:\/\/www.smartparking.com\/ch-fr\/wp-json\/wp\/v2\/types\/page"}],"author":[{"embeddable":true,"href":"https:\/\/www.smartparking.com\/ch-fr\/wp-json\/wp\/v2\/users\/2"}],"replies":[{"embeddable":true,"href":"https:\/\/www.smartparking.com\/ch-fr\/wp-json\/wp\/v2\/comments?post=10295"}],"version-history":[{"count":11,"href":"https:\/\/www.smartparking.com\/ch-fr\/wp-json\/wp\/v2\/pages\/10295\/revisions"}],"predecessor-version":[{"id":15338,"href":"https:\/\/www.smartparking.com\/ch-fr\/wp-json\/wp\/v2\/pages\/10295\/revisions\/15338"}],"wp:attachment":[{"href":"https:\/\/www.smartparking.com\/ch-fr\/wp-json\/wp\/v2\/media?parent=10295"}],"curies":[{"name":"wp","href":"https:\/\/api.w.org\/{rel}","templated":true}]}}