{"id":10302,"date":"2025-04-07T11:56:53","date_gmt":"2025-04-07T11:56:53","guid":{"rendered":"https:\/\/www.smartparking.com\/parkbedingungen\/"},"modified":"2025-11-26T12:34:56","modified_gmt":"2025-11-26T12:34:56","slug":"conditions-generales-de-vente","status":"publish","type":"page","link":"https:\/\/www.smartparking.com\/ch-fr\/conditions-generales-de-vente\/","title":{"rendered":"Conditions g\u00e9n\u00e9rales de vente"},"content":{"rendered":"\n<p><strong>En utilisant ce parking, le conducteur \/ la conductrice conclut avec Smart Parking AG (ci-apr\u00e8s \u00abSmart Parking\u00bb) un contrat soumis aux Conditions g\u00e9n\u00e9rales de vente suivantes (ci-apr\u00e8s \u00ab CGV \u00bb):<\/strong><\/p>\n\n\n\n<p><strong>Objet du contrat<\/strong><\/p>\n\n\n\n<ol style=\"list-style-type:upper-roman\" class=\"wp-block-list\">\n<li>Le parking et les places de stationnement ne peuvent \u00eatre utilis\u00e9s que pour un stationnement temporaire au sens du contrat et ne peuvent \u00eatre d\u00e9tourn\u00e9s de leur usage initial (par ex. pour des r\u00e9parations, des passages, des raccourcis, etc.).<\/li>\n\n\n\n<li>L&#8217;utilisation de ces places de stationnement n&#8217;est autoris\u00e9e que si le v\u00e9hicule est immatricul\u00e9 aupr\u00e8s du service des automobiles, si toutes les plaques d&#8217;immatriculation sont mont\u00e9es conform\u00e9ment \u00e0 la loi et si le v\u00e9hicule est couvert par une assurance responsabilit\u00e9 civile automobile.<\/li>\n\n\n\n<li>Le pr\u00e9sent contrat r\u00e9git exclusivement le droit d&#8217;utilisation des places de stationnement conform\u00e9ment aux pr\u00e9sentes CGV. La mise \u00e0 disposition d&#8217;une place de stationnement n&#8217;entra\u00eene <strong>aucune obligation de garde<\/strong> de la part de Smart Parking. Les v\u00e9hicules <strong>ne sont ni surveill\u00e9s ni gard\u00e9s.<\/strong><\/li>\n\n\n\n<li>L&#8217;utilisateur n&#8217;a aucun droit \u00e0 la mise \u00e0 disposition effective d&#8217;une place de stationnement libre.<\/li>\n\n\n\n<li>L&#8217;utilisation des places de stationnement est soumise aux dispositions de la Loi sur la circulation routi\u00e8re (LCR) et de l&#8217;Ordonnance sur la signalisation routi\u00e8re (OSR), sauf disposition contraire dans les pr\u00e9sentes CGV. Les signalisations existantes, les syst\u00e8mes de gestion automatique du trafic ainsi que tous les panneaux de signalisation et d&#8217;information install\u00e9s sur place doivent \u00eatre respect\u00e9s. Les instructions donn\u00e9es par le personnel de contr\u00f4le ou d&#8217;assistance employ\u00e9 par Smart Parking doivent \u00eatre respect\u00e9es.<\/li>\n<\/ol>\n\n\n\n<p><strong>D\u00e9but du contrat<\/strong><\/p>\n\n\n\n<ol start=\"6\" style=\"list-style-type:upper-roman\" class=\"wp-block-list\">\n<li>Le contrat prend effet d\u00e8s l&#8217;entr\u00e9e dans le parking et prend fin \u00e0 la sortie.<\/li>\n\n\n\n<li>Le respect des pr\u00e9sentes CGV est v\u00e9rifi\u00e9 par Smart Parking au moyen d&#8217;un enregistrement automatis\u00e9 \u00e0 l&#8217;entr\u00e9e et \u00e0 la sortie ou par des contr\u00f4les manuels effectu\u00e9s par des personnes autoris\u00e9es.<\/li>\n\n\n\n<li>La saisie des plaques d&#8217;immatriculation sert exclusivement \u00e0 d\u00e9terminer la dur\u00e9e d&#8217;utilisation et, en cas d&#8217;infraction, \u00e0 effectuer une recherche du propri\u00e9taire du v\u00e9hicule. La saisie des plaques d&#8217;immatriculation n&#8217;entra\u00eene aucune obligation contractuelle suppl\u00e9mentaire.<\/li>\n<\/ol>\n\n\n\n<p><strong>Obligations du conducteur \/ de la conductrice<\/strong><\/p>\n\n\n\n<ol class=\"wp-block-list\">\n<li>Un disque de stationnement doit \u00eatre plac\u00e9 de mani\u00e8re bien visible derri\u00e8re le pare-brise du v\u00e9hicule et l&#8217;heure d&#8217;arriv\u00e9e effective doit y \u00eatre indiqu\u00e9e, dans la mesure o\u00f9 une signalisation correspondante l&#8217;indique.<\/li>\n\n\n\n<li>Un permis de stationnement valide doit \u00eatre pr\u00e9sent\u00e9 (par ex. carte d&#8217;invalidit\u00e9, carte de stationnement pour r\u00e9sidents ou visiteurs, autre preuve d&#8217;autorisation d&#8217;une entreprise) et plac\u00e9 de mani\u00e8re bien visible derri\u00e8re le pare-brise, si cela est exig\u00e9 en plus par la signalisation.<\/li>\n\n\n\n<li>Si la signalisation ou les indications locales pr\u00e9voient une redevance (location), celle-ci doit \u00eatre acquitt\u00e9e pour l&#8217;utilisation des places de stationnement, conform\u00e9ment aux tarifs indiqu\u00e9s. Le paiement s&#8217;effectue via les moyens de paiement indiqu\u00e9s (par ex. distributeur automatique, paiement par t\u00e9l\u00e9phone portable).<\/li>\n\n\n\n<li>La dur\u00e9e maximale de stationnement autoris\u00e9e, indiqu\u00e9e par des panneaux, ne doit pas \u00eatre d\u00e9pass\u00e9e, y compris le temps de stationnement suppl\u00e9mentaire achet\u00e9. Le stationnement n&#8217;est autoris\u00e9 que pendant les heures d&#8217;ouverture indiqu\u00e9es.<\/li>\n\n\n\n<li>Le v\u00e9hicule ne peut \u00eatre gar\u00e9 que dans les zones d\u00e9sign\u00e9es \u00e0 cet effet, et non dans les voies de circulation ou d&#8217;acc\u00e8s pour les pompiers. En l&#8217;absence de marquages visibles pour les places de stationnement, le v\u00e9hicule doit \u00eatre gar\u00e9 de mani\u00e8re \u00e0 ne pas g\u00eaner et\/ou mettre en danger les autres usagers et \u00e0 ne pas obstruer les acc\u00e8s pour les pompiers.<\/li>\n\n\n\n<li>Le v\u00e9hicule ne doit pas \u00eatre gar\u00e9 sur des places r\u00e9serv\u00e9es aux employ\u00e9s ou \u00e0 d&#8217;autres personnes autoris\u00e9es \u00e0 stationner sans disposer soi-m\u00eame d&#8217;une autorisation de stationnement correspondante.<\/li>\n\n\n\n<li>Les places de stationnement r\u00e9serv\u00e9es sont uniquement accessibles aux groupes d&#8217;utilisateurs indiqu\u00e9s. Ces places de stationnement ne peuvent \u00eatre utilis\u00e9es que par les personnes autoris\u00e9es.<\/li>\n\n\n\n<li>Le parking et les places de stationnement ne peuvent \u00eatre utilis\u00e9s que pour un stationnement temporaire au sens du contrat et ne peuvent \u00eatre d\u00e9tourn\u00e9s de leur usage initial (par ex. pour des r\u00e9parations, des passages, des raccourcis, etc.).<\/li>\n<\/ol>\n\n\n\n<p><strong>Cons\u00e9quences d&#8217;une violation des obligations du conducteur \/ de la conductrice<\/strong><\/p>\n\n\n\n<ol start=\"9\" class=\"wp-block-list\">\n<li>En cas de violation du pr\u00e9sent contrat et des obligations du conducteur \/ de la conductrice une indemnit\u00e9 forfaitaire de 55 CHF sera due. Nous nous r\u00e9servons express\u00e9ment le droit de faire valoir un pr\u00e9judice plus important effectivement subi.<\/li>\n\n\n\n<li>Si un v\u00e9hicule est gar\u00e9 pendant la nuit sur le parking ou l&#8217;aire de stationnement sans autorisation correspondante et qu&#8217;il y a donc violation des pr\u00e9sentes CGV, le conducteur \/ la conductrice du v\u00e9hicule est redevable, \u00e0 compter du lendemain de la premi\u00e8re infraction, d&#8217;une indemnit\u00e9 forfaitaire suppl\u00e9mentaire d&#8217;un montant identique pour chaque jour civil entam\u00e9. Chaque jour civil entam\u00e9 est consid\u00e9r\u00e9 comme une nouvelle infraction. L&#8217;obligation d&#8217;indemnisation s&#8217;applique jusqu&#8217;\u00e0 concurrence d&#8217;un montant maximal \u00e9quivalant \u00e0 dix fois le montant forfaitaire indiqu\u00e9.<\/li>\n\n\n\n<li>Le montant forfaitaire des dommages-int\u00e9r\u00eats est indiqu\u00e9 sur les panneaux d&#8217;information appos\u00e9s sur le site.<\/li>\n\n\n\n<li>Pour les v\u00e9hicules immatricul\u00e9s \u00e0 l&#8217;\u00e9tranger, en raison de la difficult\u00e9 \u00e0 d\u00e9terminer leur identit\u00e9 et \u00e0 recouvrer la cr\u00e9ance, une indemnit\u00e9 forfaitaire major\u00e9e de 80 CHF est factur\u00e9e.<\/li>\n\n\n\n<li>Si une recherche du propri\u00e9taire est effectu\u00e9e en raison d&#8217;une violation constat\u00e9e des pr\u00e9sentes CGV, les frais effectivement engag\u00e9s seront factur\u00e9s en plus des dommages-int\u00e9r\u00eats forfaitaires.<\/li>\n\n\n\n<li>L&#8217;exploitant est en droit de faire remorquer les v\u00e9hicules hors du parking aux frais et aux risques du conducteur \/ de la conductrice si ceux-ci ont \u00e9t\u00e9 gar\u00e9s sans autorisation et\/ou en violation des pr\u00e9sentes CGV.<\/li>\n<\/ol>\n\n\n\n<p><strong>Responsabilit\u00e9<\/strong><\/p>\n\n\n\n<ol start=\"15\" class=\"wp-block-list\">\n<li>Pendant la dur\u00e9e du contrat, l&#8217;exploitant n&#8217;est responsable que des dommages dont il peut \u00eatre prouv\u00e9 qu&#8217;ils ont \u00e9t\u00e9 caus\u00e9s par lui-m\u00eame, ses employ\u00e9s ou des auxiliaires auxquels il a fait appel, \u00e0 la suite d&#8217;une violation intentionnelle ou d&#8217;une n\u00e9gligence grave de ses obligations.<\/li>\n\n\n\n<li>Toute autre responsabilit\u00e9, notamment en cas de n\u00e9gligence l\u00e9g\u00e8re, est exclue dans la mesure o\u00f9 la loi le permet.<\/li>\n\n\n\n<li>Aucune responsabilit\u00e9 n&#8217;est assum\u00e9e pour les dommages caus\u00e9s par des ph\u00e9nom\u00e8nes naturels, des cas de force majeure, des tiers ou d&#8217;autres conducteurs \/ conductrices.<\/li>\n\n\n\n<li>La responsabilit\u00e9 pour les dommages indirects, les dommages cons\u00e9cutifs ou le manque \u00e0 gagner est exclue dans tous les cas<strong>, <\/strong>dans la mesure o\u00f9 la loi le permet.<\/li>\n<\/ol>\n\n\n\n<p><strong>Signalement des dommages<\/strong><\/p>\n\n\n\n<ol start=\"19\" class=\"wp-block-list\">\n<li>Les dommages dont Smart Parking est responsable doivent lui \u00eatre signal\u00e9s par \u00e9crit ou par e-mail dans les 14 jours suivant leur constatation. Si le conducteur \/ la conductrice omet de faire la d\u00e9claration dans les d\u00e9lais, tout droit \u00e0 des dommages-int\u00e9r\u00eats est supprim\u00e9. Cette exclusion ne s&#8217;applique pas aux dommages corporels ni aux dommages caus\u00e9s intentionnellement ou par n\u00e9gligence grave de la part de l&#8217;exploitant.<\/li>\n<\/ol>\n\n\n\n<p><strong>Autres dispositions<\/strong><\/p>\n\n\n\n<ol start=\"20\" class=\"wp-block-list\">\n<li>Le conducteur \/ la conductrice prend acte du fait qu&#8217;en cas de suspicion d&#8217;infraction aux pr\u00e9sentes CGV, une demande de renseignements sur le d\u00e9tenteur ou la d\u00e9tentrice du v\u00e9hicule peut \u00eatre adress\u00e9e au service des automobiles comp\u00e9tent.<\/li>\n\n\n\n<li>Les dispositions ci-dessus s&#8217;appliquent ind\u00e9pendamment du fait que la responsabilit\u00e9 de Smart Parking repose sur un contrat, une pr\u00e9tention extracontractuelle ou un autre motif juridique.<\/li>\n\n\n\n<li>Si une disposition des pr\u00e9sentes CGV est ou devient invalide ou inapplicable, la validit\u00e9 des autres dispositions n&#8217;en est pas affect\u00e9e. La disposition invalide ou inapplicable est remplac\u00e9e par la disposition l\u00e9gale qui se rapproche le plus de l&#8217;objectif \u00e9conomique de la disposition concern\u00e9e. Il en va de m\u00eame pour les \u00e9ventuelles lacunes r\u00e9glementaires.<\/li>\n\n\n\n<li>Ces CGV sont exclusivement r\u00e9gies par le droit suisse, \u00e0 l&#8217;exclusion des r\u00e8gles de conflit de lois et du droit international priv\u00e9, dans la mesure o\u00f9 la loi le permet.<\/li>\n\n\n\n<li>Le for juridique pour tous les litiges li\u00e9s \u00e0 l&#8217;utilisation des places de stationnement est le si\u00e8ge social de l&#8217;exploitant, sauf si des dispositions l\u00e9gales imp\u00e9ratives prescrivent un autre for juridique.<\/li>\n<\/ol>\n","protected":false},"excerpt":{"rendered":"","protected":false},"author":2,"featured_media":0,"parent":0,"menu_order":0,"comment_status":"closed","ping_status":"closed","template":"template-pages\/policy.php","meta":{"_acf_changed":false,"footnotes":""},"class_list":["post-10302","page","type-page","status-publish","hentry"],"acf":[],"yoast_head":"<!-- This site is optimized with the Yoast SEO plugin v26.9 - https:\/\/yoast.com\/product\/yoast-seo-wordpress\/ -->\n<title>Conditions g\u00e9n\u00e9rales de vente | Smart Parking<\/title>\n<meta name=\"robots\" content=\"index, follow, max-snippet:-1, max-image-preview:large, max-video-preview:-1\" \/>\n<link rel=\"canonical\" href=\"https:\/\/www.smartparking.com\/ch-fr\/conditions-generales-de-vente\/\" \/>\n<meta property=\"og:locale\" content=\"fr_FR\" \/>\n<meta property=\"og:type\" content=\"article\" \/>\n<meta property=\"og:title\" content=\"Conditions g\u00e9n\u00e9rales de vente | Smart Parking\" \/>\n<meta property=\"og:url\" content=\"https:\/\/www.smartparking.com\/ch-fr\/conditions-generales-de-vente\/\" \/>\n<meta property=\"og:site_name\" content=\"Smart Parking\" \/>\n<meta property=\"article:modified_time\" content=\"2025-11-26T12:34:56+00:00\" \/>\n<meta property=\"og:image\" content=\"https:\/\/www.smartparking.com\/wp-content\/uploads\/2025\/03\/home-large-hex-1.jpg\" \/>\n\t<meta property=\"og:image:width\" content=\"1000\" \/>\n\t<meta property=\"og:image:height\" content=\"563\" \/>\n\t<meta property=\"og:image:type\" content=\"image\/jpeg\" \/>\n<meta name=\"twitter:card\" content=\"summary_large_image\" \/>\n<meta name=\"twitter:label1\" content=\"Est. reading time\" \/>\n\t<meta name=\"twitter:data1\" content=\"6 minutes\" \/>\n<script type=\"application\/ld+json\" class=\"yoast-schema-graph\">{\"@context\":\"https:\/\/schema.org\",\"@graph\":[{\"@type\":\"WebPage\",\"@id\":\"https:\/\/www.smartparking.com\/ch-fr\/conditions-generales-de-vente\/\",\"url\":\"https:\/\/www.smartparking.com\/ch-fr\/conditions-generales-de-vente\/\",\"name\":\"Conditions g\u00e9n\u00e9rales de vente | Smart Parking\",\"isPartOf\":{\"@id\":\"https:\/\/www.smartparking.com\/ch-fr\/#website\"},\"datePublished\":\"2025-04-07T11:56:53+00:00\",\"dateModified\":\"2025-11-26T12:34:56+00:00\",\"breadcrumb\":{\"@id\":\"https:\/\/www.smartparking.com\/ch-fr\/conditions-generales-de-vente\/#breadcrumb\"},\"inLanguage\":\"fr-CH\",\"potentialAction\":[{\"@type\":\"ReadAction\",\"target\":[\"https:\/\/www.smartparking.com\/ch-fr\/conditions-generales-de-vente\/\"]}]},{\"@type\":\"BreadcrumbList\",\"@id\":\"https:\/\/www.smartparking.com\/ch-fr\/conditions-generales-de-vente\/#breadcrumb\",\"itemListElement\":[{\"@type\":\"ListItem\",\"position\":1,\"name\":\"Home\",\"item\":\"https:\/\/www.smartparking.com\/ch-fr\/\"},{\"@type\":\"ListItem\",\"position\":2,\"name\":\"Conditions g\u00e9n\u00e9rales de vente\"}]},{\"@type\":\"WebSite\",\"@id\":\"https:\/\/www.smartparking.com\/ch-fr\/#website\",\"url\":\"https:\/\/www.smartparking.com\/ch-fr\/\",\"name\":\"Smart Parking\",\"description\":\"\",\"publisher\":{\"@id\":\"https:\/\/www.smartparking.com\/ch-fr\/#organization\"},\"potentialAction\":[{\"@type\":\"SearchAction\",\"target\":{\"@type\":\"EntryPoint\",\"urlTemplate\":\"https:\/\/www.smartparking.com\/ch-fr\/?s={search_term_string}\"},\"query-input\":{\"@type\":\"PropertyValueSpecification\",\"valueRequired\":true,\"valueName\":\"search_term_string\"}}],\"inLanguage\":\"fr-CH\"},{\"@type\":\"Organization\",\"@id\":\"https:\/\/www.smartparking.com\/ch-fr\/#organization\",\"name\":\"Smart Parking\",\"url\":\"https:\/\/www.smartparking.com\/ch-fr\/\",\"logo\":{\"@type\":\"ImageObject\",\"inLanguage\":\"fr-CH\",\"@id\":\"https:\/\/www.smartparking.com\/ch-fr\/#\/schema\/logo\/image\/\",\"url\":\"https:\/\/www.smartparking.com\/wp-content\/uploads\/2025\/06\/smart-parking-logo-icon.svg\",\"contentUrl\":\"https:\/\/www.smartparking.com\/wp-content\/uploads\/2025\/06\/smart-parking-logo-icon.svg\",\"width\":1,\"height\":1,\"caption\":\"Smart Parking\"},\"image\":{\"@id\":\"https:\/\/www.smartparking.com\/ch-fr\/#\/schema\/logo\/image\/\"},\"sameAs\":[\"https:\/\/www.linkedin.com\/company\/smart-parking-limited\/\"]}]}<\/script>\n<!-- \/ Yoast SEO plugin. -->","yoast_head_json":{"title":"Conditions g\u00e9n\u00e9rales de vente | Smart Parking","robots":{"index":"index","follow":"follow","max-snippet":"max-snippet:-1","max-image-preview":"max-image-preview:large","max-video-preview":"max-video-preview:-1"},"canonical":"https:\/\/www.smartparking.com\/ch-fr\/conditions-generales-de-vente\/","og_locale":"fr_FR","og_type":"article","og_title":"Conditions g\u00e9n\u00e9rales de vente | Smart Parking","og_url":"https:\/\/www.smartparking.com\/ch-fr\/conditions-generales-de-vente\/","og_site_name":"Smart Parking","article_modified_time":"2025-11-26T12:34:56+00:00","og_image":[{"width":1000,"height":563,"url":"https:\/\/www.smartparking.com\/wp-content\/uploads\/2025\/03\/home-large-hex-1.jpg","type":"image\/jpeg"}],"twitter_card":"summary_large_image","twitter_misc":{"Est. reading time":"6 minutes"},"schema":{"@context":"https:\/\/schema.org","@graph":[{"@type":"WebPage","@id":"https:\/\/www.smartparking.com\/ch-fr\/conditions-generales-de-vente\/","url":"https:\/\/www.smartparking.com\/ch-fr\/conditions-generales-de-vente\/","name":"Conditions g\u00e9n\u00e9rales de vente | Smart Parking","isPartOf":{"@id":"https:\/\/www.smartparking.com\/ch-fr\/#website"},"datePublished":"2025-04-07T11:56:53+00:00","dateModified":"2025-11-26T12:34:56+00:00","breadcrumb":{"@id":"https:\/\/www.smartparking.com\/ch-fr\/conditions-generales-de-vente\/#breadcrumb"},"inLanguage":"fr-CH","potentialAction":[{"@type":"ReadAction","target":["https:\/\/www.smartparking.com\/ch-fr\/conditions-generales-de-vente\/"]}]},{"@type":"BreadcrumbList","@id":"https:\/\/www.smartparking.com\/ch-fr\/conditions-generales-de-vente\/#breadcrumb","itemListElement":[{"@type":"ListItem","position":1,"name":"Home","item":"https:\/\/www.smartparking.com\/ch-fr\/"},{"@type":"ListItem","position":2,"name":"Conditions g\u00e9n\u00e9rales de vente"}]},{"@type":"WebSite","@id":"https:\/\/www.smartparking.com\/ch-fr\/#website","url":"https:\/\/www.smartparking.com\/ch-fr\/","name":"Smart Parking","description":"","publisher":{"@id":"https:\/\/www.smartparking.com\/ch-fr\/#organization"},"potentialAction":[{"@type":"SearchAction","target":{"@type":"EntryPoint","urlTemplate":"https:\/\/www.smartparking.com\/ch-fr\/?s={search_term_string}"},"query-input":{"@type":"PropertyValueSpecification","valueRequired":true,"valueName":"search_term_string"}}],"inLanguage":"fr-CH"},{"@type":"Organization","@id":"https:\/\/www.smartparking.com\/ch-fr\/#organization","name":"Smart Parking","url":"https:\/\/www.smartparking.com\/ch-fr\/","logo":{"@type":"ImageObject","inLanguage":"fr-CH","@id":"https:\/\/www.smartparking.com\/ch-fr\/#\/schema\/logo\/image\/","url":"https:\/\/www.smartparking.com\/wp-content\/uploads\/2025\/06\/smart-parking-logo-icon.svg","contentUrl":"https:\/\/www.smartparking.com\/wp-content\/uploads\/2025\/06\/smart-parking-logo-icon.svg","width":1,"height":1,"caption":"Smart Parking"},"image":{"@id":"https:\/\/www.smartparking.com\/ch-fr\/#\/schema\/logo\/image\/"},"sameAs":["https:\/\/www.linkedin.com\/company\/smart-parking-limited\/"]}]}},"_links":{"self":[{"href":"https:\/\/www.smartparking.com\/ch-fr\/wp-json\/wp\/v2\/pages\/10302","targetHints":{"allow":["GET"]}}],"collection":[{"href":"https:\/\/www.smartparking.com\/ch-fr\/wp-json\/wp\/v2\/pages"}],"about":[{"href":"https:\/\/www.smartparking.com\/ch-fr\/wp-json\/wp\/v2\/types\/page"}],"author":[{"embeddable":true,"href":"https:\/\/www.smartparking.com\/ch-fr\/wp-json\/wp\/v2\/users\/2"}],"replies":[{"embeddable":true,"href":"https:\/\/www.smartparking.com\/ch-fr\/wp-json\/wp\/v2\/comments?post=10302"}],"version-history":[{"count":23,"href":"https:\/\/www.smartparking.com\/ch-fr\/wp-json\/wp\/v2\/pages\/10302\/revisions"}],"predecessor-version":[{"id":13972,"href":"https:\/\/www.smartparking.com\/ch-fr\/wp-json\/wp\/v2\/pages\/10302\/revisions\/13972"}],"wp:attachment":[{"href":"https:\/\/www.smartparking.com\/ch-fr\/wp-json\/wp\/v2\/media?parent=10302"}],"curies":[{"name":"wp","href":"https:\/\/api.w.org\/{rel}","templated":true}]}}