{"id":10304,"date":"2025-04-07T11:44:52","date_gmt":"2025-04-07T11:44:52","guid":{"rendered":"https:\/\/www.smartparking.com\/cookie-richtlinie\/"},"modified":"2025-12-09T11:27:42","modified_gmt":"2025-12-09T11:27:42","slug":"cookies-politique-en-matiere-de","status":"publish","type":"page","link":"https:\/\/www.smartparking.com\/ch-fr\/cookies-politique-en-matiere-de\/","title":{"rendered":"Politique en mati\u00e8re de cookies"},"content":{"rendered":"\n<h5 class=\"wp-block-heading\"><strong>Veuillez consulter notre politique ci-dessous<\/strong><\/h5>\n\n\n\n<p>POLITIQUE EN MATI\u00c8RE DE COOKIES<\/p>\n\n\n\n<p>Bienvenue sur notre site web. En continuant \u00e0 naviguer et \u00e0 utiliser ce site web, vous acceptez de vous conformer aux conditions d\u2019utilisation suivantes qui, conjointement avec notre politique de confidentialit\u00e9, r\u00e9gissent la relation entre Smart Parking Limited et vous-m\u00eame en ce qui concerne ce site web. Si vous n\u2019\u00eates pas en accord avec une partie quelconque de ces conditions, veuillez ne pas utiliser notre site web.<\/p>\n\n\n\n<p>Le terme Smart Parking Limited, ou \u00abnous\u00bb, d\u00e9signe le propri\u00e9taire du site web, dont le si\u00e8ge social est situ\u00e9 au 5, South Inch Business Centre, Perth, Perthshire, \u00c9cosse, PH2 8BW. Notre num\u00e9ro d\u2019enregistrement d\u2019entreprise est SC138255. Le num\u00e9ro d\u2019identification fiscale de notre entreprise est 607582041.<\/p>\n\n\n\n<p>Le terme \u00abvous\u00bb d\u00e9signe l\u2019utilisateur ou le spectateur de notre site web. L\u2019utilisation de ce site web est soumise aux conditions d\u2019utilisation suivantes:<\/p>\n\n\n\n<p>Le contenu des pages de ce site web est fourni uniquement \u00e0 titre d\u2019information g\u00e9n\u00e9rale et pour votre usage personnel. Il peut \u00eatre modifi\u00e9 sans pr\u00e9avis.<\/p>\n\n\n\n<p>Nous recueillons des informations personnelles vous concernant de la mani\u00e8re suivante:<\/p>\n\n\n\n<p>Par le biais de cookies internet plac\u00e9s dans votre navigateur par nos outils de marketing en ligne. Ces cookies collectent des informations sur la mani\u00e8re dont les visiteurs utilisent un site web, par exemple les pages qu\u2019ils visitent le plus souvent et s\u2019ils re\u00e7oivent des messages d\u2019erreur provenant de sites web. Ces cookies ne collectent aucune information permettant d\u2019identifier un visiteur. Toutes les informations collect\u00e9es par ces cookies sont agr\u00e9g\u00e9es et donc anonymes. Elles sont uniquement utilis\u00e9es pour am\u00e9liorer le fonctionnement d\u2019un site web.<\/p>\n\n\n\n<p>\u00c0 partir des informations que vous fournissez dans notre formulaire de contact ou dans d\u2019autres formulaires de g\u00e9n\u00e9ration de prospects sur notre site web.<\/p>\n\n\n\n<p>\u00c0 partir des appels t\u00e9l\u00e9phoniques pass\u00e9s aux num\u00e9ros indiqu\u00e9s sur notre site web ou ailleurs en ligne, ce qui peut entra\u00eener l\u2019enregistrement de votre appel.<\/p>\n\n\n\n<p>\u00c0 partir des e-mails que vous envoyez \u00e0 notre adresse de domaine.<\/p>\n\n\n\n<p>Nous utilisons une s\u00e9rie d\u2019outils de reporting, d\u2019analyse et de marketing internet qui utilisent des cookies et d\u2019autres logiciels de suivi et d\u2019enregistrement pour suivre vos interactions avec notre site web et nos campagnes publicitaires en ligne, notamment:<\/p>\n\n\n\n<p>Google Analytics Reporting Tool \u2013 Ce logiciel utilise des cookies et nous permet d\u2019analyser vos activit\u00e9s et interactions avec notre site web, notamment: la dur\u00e9e de votre visite sur notre site web et si vous \u00eates un nouvel utilisateur ou un utilisateur r\u00e9current, les pages et contenus que vous avez consult\u00e9s, par exemple les vid\u00e9os que vous avez visionn\u00e9es, les liens sur lesquels vous avez cliqu\u00e9, les formulaires que vous avez remplis et les articles que vous avez t\u00e9l\u00e9charg\u00e9s.<\/p>\n\n\n\n<p>Google AdWords Remarketing et Google Analytics Remarketing Tools \u2013 Ces outils marketing nous permettent de cr\u00e9er des listes anonymes de visiteurs qui ont consult\u00e9 notre site web et de leur pr\u00e9senter des publicit\u00e9s sur les pages de r\u00e9sultats des moteurs de recherche et sur d\u2019autres sites web.<\/p>\n\n\n\n<p>Rapports d\u00e9mographiques et d\u2019int\u00e9r\u00eats de Google Analytics \u2013 Cet outil de rapport nous permet d\u2019analyser des informations d\u00e9mographiques et peut nous fournir des informations sur votre tranche d\u2019\u00e2ge, votre sexe, votre vie familiale et vos centres d\u2019int\u00e9r\u00eat, ainsi que sur les sujets et les contenus que vous avez consult\u00e9s en ligne.<\/p>\n\n\n\n<p>Call Tracking Metrics \u2013 Cet outil de reporting nous permet de d\u00e9terminer par quels canaux marketing vous avez acc\u00e9d\u00e9 \u00e0 notre site web avant de nous appeler, en vous affichant diff\u00e9rents num\u00e9ros de t\u00e9l\u00e9phone en fonction du canal de r\u00e9f\u00e9rence. Cet outil enregistre \u00e9galement les m\u00e9tadonn\u00e9es t\u00e9l\u00e9phoniques et l\u2019appel t\u00e9l\u00e9phonique.<\/p>\n\n\n\n<p>Hotjar Website Analytics and Feedback Tool \u2013 Cet outil nous permet de surveiller et d\u2019enregistrer vos sessions utilisateur et de voir comment vous interagissez avec notre site web. Cet outil fournit \u00e9galement des rapports d\u00e9mographiques et comportementaux qui indiquent les pages que vous avez consult\u00e9es, les endroits o\u00f9 vous avez fait d\u00e9filer la page et les liens sur lesquels vous avez cliqu\u00e9 sur notre site web, en plus des informations sur votre appareil connect\u00e9 \u00e0 internet et votre emplacement.<\/p>\n\n\n\n<p>Website Content Management System \u2013 Notre site web stocke les informations que vous nous avez fournies via notre formulaire de contact ou nos formulaires de g\u00e9n\u00e9ration de prospects. Ces informations sont stock\u00e9es dans la base de donn\u00e9es de notre site web, qui est prot\u00e9g\u00e9e par un mot de passe.<\/p>\n\n\n\n<p>Inbound Link Tracking Software and Analytics (UTM) \u2013 Il s\u2019agit de liens entrants vers notre site web qui nous permettent de d\u00e9terminer sur quels canaux marketing et campagnes publicitaires vous avez cliqu\u00e9 pour acc\u00e9der \u00e0 notre site web.<\/p>\n\n\n\n<p>Ni nous ni aucun tiers ne garantissons l\u2019exactitude, l\u2019actualit\u00e9, la performance, l\u2019exhaustivit\u00e9 ou la pertinence des informations et des documents trouv\u00e9s ou propos\u00e9s sur ce site web pour un usage particulier. Vous reconnaissez que ces informations et documents peuvent contenir des inexactitudes ou des erreurs, et nous d\u00e9clinons express\u00e9ment toute responsabilit\u00e9 pour ces inexactitudes ou erreurs dans toute la mesure permise par la loi.<\/p>\n\n\n\n<p>L\u2019utilisation des informations ou des \u00e9l\u00e9ments contenus sur ce site web se fait \u00e0 vos propres risques, pour lesquels nous d\u00e9clinons toute responsabilit\u00e9. Il vous appartient de vous assurer que les produits, services ou informations propos\u00e9s sur ce site web r\u00e9pondent \u00e0 vos besoins sp\u00e9cifiques.<\/p>\n\n\n\n<p>Ce site web contient des \u00e9l\u00e9ments qui nous appartiennent ou pour lesquels nous d\u00e9tenons une licence. Ces \u00e9l\u00e9ments comprennent, entre autres, la conception, la mise en page, l\u2019apparence, la pr\u00e9sentation et les graphiques. La reproduction n\u2019est autoris\u00e9e que conform\u00e9ment \u00e0 la mention de droit d\u2019auteur, qui fait partie int\u00e9grante des pr\u00e9sentes conditions.<\/p>\n\n\n\n<p>Toutes les marques commerciales reproduites sur ce site web qui ne sont pas la propri\u00e9t\u00e9 de l\u2019exploitant ou pour lesquelles celui-ci a accord\u00e9 une licence sont indiqu\u00e9es sur le site web.<\/p>\n\n\n\n<p>L\u2019utilisation non autoris\u00e9e de ce site web peut donner lieu \u00e0 des dommages-int\u00e9r\u00eats et\/ou constituer une infraction p\u00e9nale. De temps \u00e0 autre, ce site web peut \u00e9galement contenir des liens vers d\u2019autres sites web. Ces liens sont fournis pour votre commodit\u00e9, afin de vous fournir des informations suppl\u00e9mentaires. Ils ne signifient pas que nous approuvons le(s) site(s) web concern\u00e9(s). Nous d\u00e9clinons toute responsabilit\u00e9 quant au contenu du ou des site(s) web li\u00e9(s).<\/p>\n\n\n\n<p>Votre utilisation de ce site web et tout litige d\u00e9coulant de cette utilisation sont soumis aux lois de l\u2019Angleterre, de l\u2019Irlande du Nord, de l\u2019\u00c9cosse et du Pays de Galles.<\/p>\n","protected":false},"excerpt":{"rendered":"","protected":false},"author":2,"featured_media":10305,"parent":0,"menu_order":0,"comment_status":"closed","ping_status":"closed","template":"template-pages\/policy.php","meta":{"_acf_changed":false,"footnotes":""},"class_list":["post-10304","page","type-page","status-publish","has-post-thumbnail","hentry"],"acf":[],"yoast_head":"<!-- This site is optimized with the Yoast SEO plugin v26.9 - https:\/\/yoast.com\/product\/yoast-seo-wordpress\/ -->\n<title>Politique en mati\u00e8re de cookies | Smart Parking<\/title>\n<meta name=\"description\" content=\"Veuillez consulter notre politique politique en mati\u00e8re de cookies\" \/>\n<meta name=\"robots\" content=\"index, follow, max-snippet:-1, max-image-preview:large, max-video-preview:-1\" \/>\n<link rel=\"canonical\" href=\"https:\/\/www.smartparking.com\/ch-fr\/cookies-politique-en-matiere-de\/\" \/>\n<meta property=\"og:locale\" content=\"fr_FR\" \/>\n<meta property=\"og:type\" content=\"article\" \/>\n<meta property=\"og:title\" content=\"Politique en mati\u00e8re de cookies | Smart Parking\" \/>\n<meta property=\"og:description\" content=\"Veuillez consulter notre politique politique en mati\u00e8re de cookies\" \/>\n<meta property=\"og:url\" content=\"https:\/\/www.smartparking.com\/ch-fr\/cookies-politique-en-matiere-de\/\" \/>\n<meta property=\"og:site_name\" content=\"Smart Parking\" \/>\n<meta property=\"article:modified_time\" content=\"2025-12-09T11:27:42+00:00\" \/>\n<meta property=\"og:image\" content=\"https:\/\/www.smartparking.com\/wp-content\/uploads\/2025\/04\/dji_0306-scaled.jpg\" \/>\n\t<meta property=\"og:image:width\" content=\"2560\" \/>\n\t<meta property=\"og:image:height\" content=\"1440\" \/>\n\t<meta property=\"og:image:type\" content=\"image\/jpeg\" \/>\n<meta name=\"twitter:card\" content=\"summary_large_image\" \/>\n<meta name=\"twitter:label1\" content=\"Est. reading time\" \/>\n\t<meta name=\"twitter:data1\" content=\"5 minutes\" \/>\n<script type=\"application\/ld+json\" class=\"yoast-schema-graph\">{\"@context\":\"https:\/\/schema.org\",\"@graph\":[{\"@type\":\"WebPage\",\"@id\":\"https:\/\/www.smartparking.com\/ch-fr\/cookies-politique-en-matiere-de\/\",\"url\":\"https:\/\/www.smartparking.com\/ch-fr\/cookies-politique-en-matiere-de\/\",\"name\":\"Politique en mati\u00e8re de cookies | Smart Parking\",\"isPartOf\":{\"@id\":\"https:\/\/www.smartparking.com\/ch-fr\/#website\"},\"primaryImageOfPage\":{\"@id\":\"https:\/\/www.smartparking.com\/ch-fr\/cookies-politique-en-matiere-de\/#primaryimage\"},\"image\":{\"@id\":\"https:\/\/www.smartparking.com\/ch-fr\/cookies-politique-en-matiere-de\/#primaryimage\"},\"thumbnailUrl\":\"https:\/\/www.smartparking.com\/wp-content\/uploads\/2025\/04\/dji_0306-scaled.jpg\",\"datePublished\":\"2025-04-07T11:44:52+00:00\",\"dateModified\":\"2025-12-09T11:27:42+00:00\",\"description\":\"Veuillez consulter notre politique politique en mati\u00e8re de cookies\",\"breadcrumb\":{\"@id\":\"https:\/\/www.smartparking.com\/ch-fr\/cookies-politique-en-matiere-de\/#breadcrumb\"},\"inLanguage\":\"fr-CH\",\"potentialAction\":[{\"@type\":\"ReadAction\",\"target\":[\"https:\/\/www.smartparking.com\/ch-fr\/cookies-politique-en-matiere-de\/\"]}]},{\"@type\":\"ImageObject\",\"inLanguage\":\"fr-CH\",\"@id\":\"https:\/\/www.smartparking.com\/ch-fr\/cookies-politique-en-matiere-de\/#primaryimage\",\"url\":\"https:\/\/www.smartparking.com\/wp-content\/uploads\/2025\/04\/dji_0306-scaled.jpg\",\"contentUrl\":\"https:\/\/www.smartparking.com\/wp-content\/uploads\/2025\/04\/dji_0306-scaled.jpg\",\"width\":2560,\"height\":1440,\"caption\":\"default\"},{\"@type\":\"BreadcrumbList\",\"@id\":\"https:\/\/www.smartparking.com\/ch-fr\/cookies-politique-en-matiere-de\/#breadcrumb\",\"itemListElement\":[{\"@type\":\"ListItem\",\"position\":1,\"name\":\"Home\",\"item\":\"https:\/\/www.smartparking.com\/ch-fr\/\"},{\"@type\":\"ListItem\",\"position\":2,\"name\":\"Politique en mati\u00e8re de cookies\"}]},{\"@type\":\"WebSite\",\"@id\":\"https:\/\/www.smartparking.com\/ch-fr\/#website\",\"url\":\"https:\/\/www.smartparking.com\/ch-fr\/\",\"name\":\"Smart Parking\",\"description\":\"\",\"publisher\":{\"@id\":\"https:\/\/www.smartparking.com\/ch-fr\/#organization\"},\"potentialAction\":[{\"@type\":\"SearchAction\",\"target\":{\"@type\":\"EntryPoint\",\"urlTemplate\":\"https:\/\/www.smartparking.com\/ch-fr\/?s={search_term_string}\"},\"query-input\":{\"@type\":\"PropertyValueSpecification\",\"valueRequired\":true,\"valueName\":\"search_term_string\"}}],\"inLanguage\":\"fr-CH\"},{\"@type\":\"Organization\",\"@id\":\"https:\/\/www.smartparking.com\/ch-fr\/#organization\",\"name\":\"Smart Parking\",\"url\":\"https:\/\/www.smartparking.com\/ch-fr\/\",\"logo\":{\"@type\":\"ImageObject\",\"inLanguage\":\"fr-CH\",\"@id\":\"https:\/\/www.smartparking.com\/ch-fr\/#\/schema\/logo\/image\/\",\"url\":\"https:\/\/www.smartparking.com\/wp-content\/uploads\/2025\/06\/smart-parking-logo-icon.svg\",\"contentUrl\":\"https:\/\/www.smartparking.com\/wp-content\/uploads\/2025\/06\/smart-parking-logo-icon.svg\",\"width\":1,\"height\":1,\"caption\":\"Smart Parking\"},\"image\":{\"@id\":\"https:\/\/www.smartparking.com\/ch-fr\/#\/schema\/logo\/image\/\"},\"sameAs\":[\"https:\/\/www.linkedin.com\/company\/smart-parking-limited\/\"]}]}<\/script>\n<!-- \/ Yoast SEO plugin. -->","yoast_head_json":{"title":"Politique en mati\u00e8re de cookies | Smart Parking","description":"Veuillez consulter notre politique politique en mati\u00e8re de cookies","robots":{"index":"index","follow":"follow","max-snippet":"max-snippet:-1","max-image-preview":"max-image-preview:large","max-video-preview":"max-video-preview:-1"},"canonical":"https:\/\/www.smartparking.com\/ch-fr\/cookies-politique-en-matiere-de\/","og_locale":"fr_FR","og_type":"article","og_title":"Politique en mati\u00e8re de cookies | Smart Parking","og_description":"Veuillez consulter notre politique politique en mati\u00e8re de cookies","og_url":"https:\/\/www.smartparking.com\/ch-fr\/cookies-politique-en-matiere-de\/","og_site_name":"Smart Parking","article_modified_time":"2025-12-09T11:27:42+00:00","og_image":[{"width":2560,"height":1440,"url":"https:\/\/www.smartparking.com\/wp-content\/uploads\/2025\/04\/dji_0306-scaled.jpg","type":"image\/jpeg"}],"twitter_card":"summary_large_image","twitter_misc":{"Est. reading time":"5 minutes"},"schema":{"@context":"https:\/\/schema.org","@graph":[{"@type":"WebPage","@id":"https:\/\/www.smartparking.com\/ch-fr\/cookies-politique-en-matiere-de\/","url":"https:\/\/www.smartparking.com\/ch-fr\/cookies-politique-en-matiere-de\/","name":"Politique en mati\u00e8re de cookies | Smart Parking","isPartOf":{"@id":"https:\/\/www.smartparking.com\/ch-fr\/#website"},"primaryImageOfPage":{"@id":"https:\/\/www.smartparking.com\/ch-fr\/cookies-politique-en-matiere-de\/#primaryimage"},"image":{"@id":"https:\/\/www.smartparking.com\/ch-fr\/cookies-politique-en-matiere-de\/#primaryimage"},"thumbnailUrl":"https:\/\/www.smartparking.com\/wp-content\/uploads\/2025\/04\/dji_0306-scaled.jpg","datePublished":"2025-04-07T11:44:52+00:00","dateModified":"2025-12-09T11:27:42+00:00","description":"Veuillez consulter notre politique politique en mati\u00e8re de cookies","breadcrumb":{"@id":"https:\/\/www.smartparking.com\/ch-fr\/cookies-politique-en-matiere-de\/#breadcrumb"},"inLanguage":"fr-CH","potentialAction":[{"@type":"ReadAction","target":["https:\/\/www.smartparking.com\/ch-fr\/cookies-politique-en-matiere-de\/"]}]},{"@type":"ImageObject","inLanguage":"fr-CH","@id":"https:\/\/www.smartparking.com\/ch-fr\/cookies-politique-en-matiere-de\/#primaryimage","url":"https:\/\/www.smartparking.com\/wp-content\/uploads\/2025\/04\/dji_0306-scaled.jpg","contentUrl":"https:\/\/www.smartparking.com\/wp-content\/uploads\/2025\/04\/dji_0306-scaled.jpg","width":2560,"height":1440,"caption":"default"},{"@type":"BreadcrumbList","@id":"https:\/\/www.smartparking.com\/ch-fr\/cookies-politique-en-matiere-de\/#breadcrumb","itemListElement":[{"@type":"ListItem","position":1,"name":"Home","item":"https:\/\/www.smartparking.com\/ch-fr\/"},{"@type":"ListItem","position":2,"name":"Politique en mati\u00e8re de cookies"}]},{"@type":"WebSite","@id":"https:\/\/www.smartparking.com\/ch-fr\/#website","url":"https:\/\/www.smartparking.com\/ch-fr\/","name":"Smart Parking","description":"","publisher":{"@id":"https:\/\/www.smartparking.com\/ch-fr\/#organization"},"potentialAction":[{"@type":"SearchAction","target":{"@type":"EntryPoint","urlTemplate":"https:\/\/www.smartparking.com\/ch-fr\/?s={search_term_string}"},"query-input":{"@type":"PropertyValueSpecification","valueRequired":true,"valueName":"search_term_string"}}],"inLanguage":"fr-CH"},{"@type":"Organization","@id":"https:\/\/www.smartparking.com\/ch-fr\/#organization","name":"Smart Parking","url":"https:\/\/www.smartparking.com\/ch-fr\/","logo":{"@type":"ImageObject","inLanguage":"fr-CH","@id":"https:\/\/www.smartparking.com\/ch-fr\/#\/schema\/logo\/image\/","url":"https:\/\/www.smartparking.com\/wp-content\/uploads\/2025\/06\/smart-parking-logo-icon.svg","contentUrl":"https:\/\/www.smartparking.com\/wp-content\/uploads\/2025\/06\/smart-parking-logo-icon.svg","width":1,"height":1,"caption":"Smart Parking"},"image":{"@id":"https:\/\/www.smartparking.com\/ch-fr\/#\/schema\/logo\/image\/"},"sameAs":["https:\/\/www.linkedin.com\/company\/smart-parking-limited\/"]}]}},"_links":{"self":[{"href":"https:\/\/www.smartparking.com\/ch-fr\/wp-json\/wp\/v2\/pages\/10304","targetHints":{"allow":["GET"]}}],"collection":[{"href":"https:\/\/www.smartparking.com\/ch-fr\/wp-json\/wp\/v2\/pages"}],"about":[{"href":"https:\/\/www.smartparking.com\/ch-fr\/wp-json\/wp\/v2\/types\/page"}],"author":[{"embeddable":true,"href":"https:\/\/www.smartparking.com\/ch-fr\/wp-json\/wp\/v2\/users\/2"}],"replies":[{"embeddable":true,"href":"https:\/\/www.smartparking.com\/ch-fr\/wp-json\/wp\/v2\/comments?post=10304"}],"version-history":[{"count":3,"href":"https:\/\/www.smartparking.com\/ch-fr\/wp-json\/wp\/v2\/pages\/10304\/revisions"}],"predecessor-version":[{"id":14059,"href":"https:\/\/www.smartparking.com\/ch-fr\/wp-json\/wp\/v2\/pages\/10304\/revisions\/14059"}],"wp:featuredmedia":[{"embeddable":true,"href":"https:\/\/www.smartparking.com\/ch-fr\/wp-json\/wp\/v2\/media\/10305"}],"wp:attachment":[{"href":"https:\/\/www.smartparking.com\/ch-fr\/wp-json\/wp\/v2\/media?parent=10304"}],"curies":[{"name":"wp","href":"https:\/\/api.w.org\/{rel}","templated":true}]}}