{"id":15253,"date":"2025-11-07T14:52:06","date_gmt":"2025-11-07T14:52:06","guid":{"rendered":"https:\/\/www.smartparking.com\/?page_id=15253"},"modified":"2026-04-02T11:54:30","modified_gmt":"2026-04-02T11:54:30","slug":"faq","status":"publish","type":"page","link":"https:\/\/www.smartparking.com\/ch-fr\/faq\/","title":{"rendered":"FAQ"},"content":{"rendered":"","protected":false},"excerpt":{"rendered":"","protected":false},"author":3,"featured_media":0,"parent":0,"menu_order":0,"comment_status":"closed","ping_status":"closed","template":"template-pages\/faq.php","meta":{"_acf_changed":false,"footnotes":""},"class_list":["post-15253","page","type-page","status-publish","hentry"],"acf":[],"yoast_head":"<!-- This site is optimized with the Yoast SEO plugin v26.9 - https:\/\/yoast.com\/product\/yoast-seo-wordpress\/ -->\n<title>FAQ | Smart Parking<\/title>\n<meta name=\"description\" content=\"Toutes les r\u00e9ponses concernant la gestion des parkings par cam\u00e9ra (ANPR): installation, int\u00e9gration et protection des donn\u00e9es. D\u00e9couvrez maintenant Smart Parking AG en Suisse!\" \/>\n<meta name=\"robots\" content=\"index, follow, max-snippet:-1, max-image-preview:large, max-video-preview:-1\" \/>\n<link rel=\"canonical\" href=\"https:\/\/www.smartparking.com\/ch-fr\/faq\/\" \/>\n<meta property=\"og:locale\" content=\"fr_FR\" \/>\n<meta property=\"og:type\" content=\"article\" \/>\n<meta property=\"og:title\" content=\"FAQ | Smart Parking\" \/>\n<meta property=\"og:description\" content=\"Toutes les r\u00e9ponses concernant la gestion des parkings par cam\u00e9ra (ANPR): installation, int\u00e9gration et protection des donn\u00e9es. D\u00e9couvrez maintenant Smart Parking AG en Suisse!\" \/>\n<meta property=\"og:url\" content=\"https:\/\/www.smartparking.com\/ch-fr\/faq\/\" \/>\n<meta property=\"og:site_name\" content=\"Smart Parking\" \/>\n<meta property=\"article:modified_time\" content=\"2026-04-02T11:54:30+00:00\" \/>\n<meta property=\"og:image\" content=\"https:\/\/www.smartparking.com\/wp-content\/uploads\/2025\/03\/home-large-hex-1.jpg\" \/>\n\t<meta property=\"og:image:width\" content=\"1000\" \/>\n\t<meta property=\"og:image:height\" content=\"563\" \/>\n\t<meta property=\"og:image:type\" content=\"image\/jpeg\" \/>\n<meta name=\"twitter:card\" content=\"summary_large_image\" \/>\n<script type=\"application\/ld+json\" class=\"yoast-schema-graph\">{\"@context\":\"https:\/\/schema.org\",\"@graph\":[{\"@type\":\"WebPage\",\"@id\":\"https:\/\/www.smartparking.com\/ch-fr\/faq\/\",\"url\":\"https:\/\/www.smartparking.com\/ch-fr\/faq\/\",\"name\":\"FAQ | Smart Parking\",\"isPartOf\":{\"@id\":\"https:\/\/www.smartparking.com\/ch-fr\/#website\"},\"datePublished\":\"2025-11-07T14:52:06+00:00\",\"dateModified\":\"2026-04-02T11:54:30+00:00\",\"description\":\"Toutes les r\u00e9ponses concernant la gestion des parkings par cam\u00e9ra (ANPR): installation, int\u00e9gration et protection des donn\u00e9es. D\u00e9couvrez maintenant Smart Parking AG en Suisse!\",\"breadcrumb\":{\"@id\":\"https:\/\/www.smartparking.com\/ch-fr\/faq\/#breadcrumb\"},\"inLanguage\":\"fr-CH\",\"potentialAction\":[{\"@type\":\"ReadAction\",\"target\":[\"https:\/\/www.smartparking.com\/ch-fr\/faq\/\"]}]},{\"@type\":\"BreadcrumbList\",\"@id\":\"https:\/\/www.smartparking.com\/ch-fr\/faq\/#breadcrumb\",\"itemListElement\":[{\"@type\":\"ListItem\",\"position\":1,\"name\":\"Home\",\"item\":\"https:\/\/www.smartparking.com\/ch-fr\/\"},{\"@type\":\"ListItem\",\"position\":2,\"name\":\"FAQ\"}]},{\"@type\":\"WebSite\",\"@id\":\"https:\/\/www.smartparking.com\/ch-fr\/#website\",\"url\":\"https:\/\/www.smartparking.com\/ch-fr\/\",\"name\":\"Smart Parking\",\"description\":\"\",\"publisher\":{\"@id\":\"https:\/\/www.smartparking.com\/ch-fr\/#organization\"},\"potentialAction\":[{\"@type\":\"SearchAction\",\"target\":{\"@type\":\"EntryPoint\",\"urlTemplate\":\"https:\/\/www.smartparking.com\/ch-fr\/?s={search_term_string}\"},\"query-input\":{\"@type\":\"PropertyValueSpecification\",\"valueRequired\":true,\"valueName\":\"search_term_string\"}}],\"inLanguage\":\"fr-CH\"},{\"@type\":\"Organization\",\"@id\":\"https:\/\/www.smartparking.com\/ch-fr\/#organization\",\"name\":\"Smart Parking\",\"url\":\"https:\/\/www.smartparking.com\/ch-fr\/\",\"logo\":{\"@type\":\"ImageObject\",\"inLanguage\":\"fr-CH\",\"@id\":\"https:\/\/www.smartparking.com\/ch-fr\/#\/schema\/logo\/image\/\",\"url\":\"https:\/\/www.smartparking.com\/wp-content\/uploads\/2025\/06\/smart-parking-logo-icon.svg\",\"contentUrl\":\"https:\/\/www.smartparking.com\/wp-content\/uploads\/2025\/06\/smart-parking-logo-icon.svg\",\"width\":1,\"height\":1,\"caption\":\"Smart Parking\"},\"image\":{\"@id\":\"https:\/\/www.smartparking.com\/ch-fr\/#\/schema\/logo\/image\/\"},\"sameAs\":[\"https:\/\/www.linkedin.com\/company\/smart-parking-limited\/\"]}]}<\/script>\n<!-- \/ Yoast SEO plugin. -->","yoast_head_json":{"title":"FAQ | Smart Parking","description":"Toutes les r\u00e9ponses concernant la gestion des parkings par cam\u00e9ra (ANPR): installation, int\u00e9gration et protection des donn\u00e9es. D\u00e9couvrez maintenant Smart Parking AG en Suisse!","robots":{"index":"index","follow":"follow","max-snippet":"max-snippet:-1","max-image-preview":"max-image-preview:large","max-video-preview":"max-video-preview:-1"},"canonical":"https:\/\/www.smartparking.com\/ch-fr\/faq\/","og_locale":"fr_FR","og_type":"article","og_title":"FAQ | Smart Parking","og_description":"Toutes les r\u00e9ponses concernant la gestion des parkings par cam\u00e9ra (ANPR): installation, int\u00e9gration et protection des donn\u00e9es. D\u00e9couvrez maintenant Smart Parking AG en Suisse!","og_url":"https:\/\/www.smartparking.com\/ch-fr\/faq\/","og_site_name":"Smart Parking","article_modified_time":"2026-04-02T11:54:30+00:00","og_image":[{"width":1000,"height":563,"url":"https:\/\/www.smartparking.com\/wp-content\/uploads\/2025\/03\/home-large-hex-1.jpg","type":"image\/jpeg"}],"twitter_card":"summary_large_image","schema":{"@context":"https:\/\/schema.org","@graph":[{"@type":"WebPage","@id":"https:\/\/www.smartparking.com\/ch-fr\/faq\/","url":"https:\/\/www.smartparking.com\/ch-fr\/faq\/","name":"FAQ | Smart Parking","isPartOf":{"@id":"https:\/\/www.smartparking.com\/ch-fr\/#website"},"datePublished":"2025-11-07T14:52:06+00:00","dateModified":"2026-04-02T11:54:30+00:00","description":"Toutes les r\u00e9ponses concernant la gestion des parkings par cam\u00e9ra (ANPR): installation, int\u00e9gration et protection des donn\u00e9es. D\u00e9couvrez maintenant Smart Parking AG en Suisse!","breadcrumb":{"@id":"https:\/\/www.smartparking.com\/ch-fr\/faq\/#breadcrumb"},"inLanguage":"fr-CH","potentialAction":[{"@type":"ReadAction","target":["https:\/\/www.smartparking.com\/ch-fr\/faq\/"]}]},{"@type":"BreadcrumbList","@id":"https:\/\/www.smartparking.com\/ch-fr\/faq\/#breadcrumb","itemListElement":[{"@type":"ListItem","position":1,"name":"Home","item":"https:\/\/www.smartparking.com\/ch-fr\/"},{"@type":"ListItem","position":2,"name":"FAQ"}]},{"@type":"WebSite","@id":"https:\/\/www.smartparking.com\/ch-fr\/#website","url":"https:\/\/www.smartparking.com\/ch-fr\/","name":"Smart Parking","description":"","publisher":{"@id":"https:\/\/www.smartparking.com\/ch-fr\/#organization"},"potentialAction":[{"@type":"SearchAction","target":{"@type":"EntryPoint","urlTemplate":"https:\/\/www.smartparking.com\/ch-fr\/?s={search_term_string}"},"query-input":{"@type":"PropertyValueSpecification","valueRequired":true,"valueName":"search_term_string"}}],"inLanguage":"fr-CH"},{"@type":"Organization","@id":"https:\/\/www.smartparking.com\/ch-fr\/#organization","name":"Smart Parking","url":"https:\/\/www.smartparking.com\/ch-fr\/","logo":{"@type":"ImageObject","inLanguage":"fr-CH","@id":"https:\/\/www.smartparking.com\/ch-fr\/#\/schema\/logo\/image\/","url":"https:\/\/www.smartparking.com\/wp-content\/uploads\/2025\/06\/smart-parking-logo-icon.svg","contentUrl":"https:\/\/www.smartparking.com\/wp-content\/uploads\/2025\/06\/smart-parking-logo-icon.svg","width":1,"height":1,"caption":"Smart Parking"},"image":{"@id":"https:\/\/www.smartparking.com\/ch-fr\/#\/schema\/logo\/image\/"},"sameAs":["https:\/\/www.linkedin.com\/company\/smart-parking-limited\/"]}]}},"_links":{"self":[{"href":"https:\/\/www.smartparking.com\/ch-fr\/wp-json\/wp\/v2\/pages\/15253","targetHints":{"allow":["GET"]}}],"collection":[{"href":"https:\/\/www.smartparking.com\/ch-fr\/wp-json\/wp\/v2\/pages"}],"about":[{"href":"https:\/\/www.smartparking.com\/ch-fr\/wp-json\/wp\/v2\/types\/page"}],"author":[{"embeddable":true,"href":"https:\/\/www.smartparking.com\/ch-fr\/wp-json\/wp\/v2\/users\/3"}],"replies":[{"embeddable":true,"href":"https:\/\/www.smartparking.com\/ch-fr\/wp-json\/wp\/v2\/comments?post=15253"}],"version-history":[{"count":4,"href":"https:\/\/www.smartparking.com\/ch-fr\/wp-json\/wp\/v2\/pages\/15253\/revisions"}],"predecessor-version":[{"id":15540,"href":"https:\/\/www.smartparking.com\/ch-fr\/wp-json\/wp\/v2\/pages\/15253\/revisions\/15540"}],"wp:attachment":[{"href":"https:\/\/www.smartparking.com\/ch-fr\/wp-json\/wp\/v2\/media?parent=15253"}],"curies":[{"name":"wp","href":"https:\/\/api.w.org\/{rel}","templated":true}]}}