{"id":10465,"date":"2025-04-07T11:44:52","date_gmt":"2025-04-07T11:44:52","guid":{"rendered":"https:\/\/www.smartparking.com\/cookie-richtlinie\/"},"modified":"2025-12-09T11:28:08","modified_gmt":"2025-12-09T11:28:08","slug":"cookie-direttiva-sui","status":"publish","type":"page","link":"https:\/\/www.smartparking.com\/ch-it\/cookie-direttiva-sui\/","title":{"rendered":"Direttiva sui cookie"},"content":{"rendered":"\n<h5 class=\"wp-block-heading\"><strong>Le nostre direttive sui cookie sono disponibili sotto<\/strong><\/h5>\n\n\n\n<p>Benvenuto\/a sul nostro sito web. Continuando a utilizzare questo sito web l\u2019utente dichiara di acconsentire al rispetto delle seguenti condizioni d\u2019utilizzo che regolamentano in combinazione con la nostra direttiva sulla protezione dei dati il rapporto tra Smart Parking Limited e l\u2019utente, per quanto riguarda questo sito web. Preghiamo l\u2019utente di non utilizzare il nostro sito web qualora non accettasse una qualsiasi di queste condizioni.<\/p>\n\n\n\n<p>Il termine Smart Parking Limited o &#8216;a noi&#8217; o &#8216;noi\u2019 si riferisce al proprietario del sito web, la cui sede registrata si trova a 5, South Inch Business Centre, Perth, Perthshire, Scotland, PH2 8BW. Il nostro numero di registrazione aziendale \u00e8 SC138255. Il numero di partita IVA della nostra societ\u00e0 \u00e8: 607582041.<\/p>\n\n\n\n<p>Il termine &#8220;Lei&#8221; si riferisce all\u2019utente o al visitatore del nostro sito web. L\u2019utilizzo del presente sito web \u00e8 soggetto alle seguenti condizioni di utilizzo:<\/p>\n\n\n\n<p>Il contenuto delle pagine del presente sito web \u00e8 unicamente destinato all\u2019informazione generale e all\u2019uso da parte dell\u2019utente. Pu\u00f2 essere modificato senza preavviso.<\/p>\n\n\n\n<p>Raccogliamo informazioni personali sull\u2019utente nel modo seguente:<\/p>\n\n\n\n<p>Per mezzo di cookie di internet, che vengono inseriti nel browser dell\u2019utente dai nostri tool per l\u2019online marketing. Questi cookie raccolgono informazioni sul modo in cui i visitatori utilizzano un sito web, ad esempio quali pagine visitano con pi\u00f9 frequenza e se ricevono messaggi d\u2019errore dai siti web. Questi cookie non raccolgono informazioni che permettono di identificare un visitatore. Tutte le informazioni che questi cookie raccolgono sono aggregate e quindi anonime. Vengono utilizzate solo per migliorare il funzionamento di un sito web.<\/p>\n\n\n\n<p>Da informazioni che l\u2019utente inserisce nel nostro modulo di contatto o in altri moduli per la generazione di lead sul nostro sito web.<\/p>\n\n\n\n<p>Da chiamate per mezzo di numeri di telefono che vengono indicate online sul nostro sito web o in un altro luogo. Questo pu\u00f2 comportare la registrazione della chiamata dell\u2019utente.<\/p>\n\n\n\n<p>Da e-mail che l\u2019utente invia al nostro indirizzo di dominio.<\/p>\n\n\n\n<p>Utilizziamo una serie di tools di Internet Reporting, analisi e marketing che utilizzano cookie e altri software di tracciamento e registrazione, per seguire le interazioni dell\u2019utente con il nostro sito web e le nostre campagne pubblicitarie online, tra cui:<\/p>\n\n\n\n<p>Google Analytics Reporting Tool &#8211; Questo software utilizza cookie e ci permette di analizzare le attivit\u00e0 dell\u2019utente e le sue interazioni con il nostro sito web, compreso quanto segue: la durata della sua permanenza sul nostro sito web e se si tratta di un utente nuovo o un utente ricorrente, quali pagini e contenuti ha visualizzato, ad es. i video che ha guardato, i link su cui ha cliccato, i moduli che ha compilato e gli articoli che ha scaricato.<\/p>\n\n\n\n<p>Tool di remarketing di Google AdWords e Google Analytics &#8211; Questi tool di marketing ci permettono di creare liste anonimizzate di visitatori che hanno visitato il nostro sito web, e ci permettono di mostrare a questi visitatori pubblicit\u00e0 sui siti con i risultati di motori di ricerca e su altri siti web.<\/p>\n\n\n\n<p>Rapporti demografici e sugli interessi di Google Analytics &#8211; Questo tool di reporting ci permette di analizzare informazioni demografiche e pu\u00f2 fornirci informazioni sulla categoria d\u2019et\u00e0 dell\u2019utente, il suo sesso, la sua vita familiare e i suoi interessi. E anche su quali temi e contenuti ha visualizzato online.<\/p>\n\n\n\n<p>Call Tracking Metrics &#8211; Con questo tool di reporting siamo in grado di determinare quali canali di marketing l\u2019utente ha utilizzato per accedere al nostro sito web prima di chiamarci, mostrandogli numeri di telefono diversi, a seconda del canale di diffusione che l\u2019utente ha scelto. Questo tool registra anche metadati telefonici e la chiamata telefonica.<\/p>\n\n\n\n<p>Hotjar Website Analytics e Feedback Tool &#8211; Con questo tool possiamo sorvegliare e controllare le sessioni dell\u2019utente e vedere come quest\u2019ultimo interagisce con il nostro sito web. Questo tool fornisce anche rapporti demografici e sul comportamento contenenti informazioni su quali pagine l\u2019utente ha visualizzato, quali contenuti ha raggiunto tramite scrolling e su quali link ha cliccato sul nostro sito web, oltre a informazioni sul suo dispositivo connesso ad internet e la sua ubicazione.<\/p>\n\n\n\n<p>Sistema di gestione dei contenuti del sito web &#8211; Il nostro sito web memorizza informazioni che l\u2019utente ci ha trasmesso tramite il nostro modulo di contatto o i nostri moduli di generazione di lead. Queste informazioni vengono memorizzate nella nostra banca dati del sito web, che \u00e8 protetta da una password.<\/p>\n\n\n\n<p>Inbound Link Tracking Software e Analytics (UTM) &#8211; Sono links in entrata sul nostro sito web che ci permettono di capire su quali canali di marketing e campagne pubblicitarie l\u2019utente ha cliccato per accedere al nostro sito web.<\/p>\n\n\n\n<p>N\u00e9 noi n\u00e9 terzi garantiamo la correttezza, attualit\u00e0, il funzionamento, la completezza o l\u2019idoneit\u00e0 delle informazioni e dei materiali trovati o offerti su questi siti web per una determinata finalit\u00e0. L\u2019utente riconosce che tali informazioni e materiali possono essere inesatti o contenere errori, e noi escludiamo esplicitamente la responsabilit\u00e0 per tali inesattezze o errori nella misura massima consentita dalla legge.<\/p>\n\n\n\n<p>L\u2019utilizzo di informazioni o materiali su questo sito web avviene esclusivamente a rischio dell\u2019utente, per il quale non ci assumiamo la responsabilit\u00e0. \u00c8 responsabilit\u00e0 dell\u2019utente assicurarsi che i prodotti, i servizi o le informazioni offerti in questo sito web soddisfino le sue esigenze specifiche.<\/p>\n\n\n\n<p>Questo sito web contiene materiale di nostra propriet\u00e0 oppure per il quale disponiamo di una licenza. Di questo materiale fanno parte, tra gli altri, il design, il layout, l\u2019aspetto, il look e le grafiche. La riproduzione \u00e8 consentita solo in conformit\u00e0 con l\u2019informazione sui diritti d\u2019autore, che \u00e8 parte delle presenti condizioni.<\/p>\n\n\n\n<p>Tutti i marchi riportati in questo sito web che non sono di propriet\u00e0 del gestore o per i quali quest\u2019ultimo ha concesso una licenza vengono mostrati nel sito web.<\/p>\n\n\n\n<p>L\u2019utilizzo non autorizzato di questo sito web pu\u00f2 portare a richieste di risarcimento danni e\/o rappresentare un reato.<br>Di tanto in tanto questo sito web pu\u00f2 anche contenere link per altri siti web. Questi link vengono messi a disposizione per offrire comodit\u00e0 all\u2019utente, per fornire altre informazioni. Questo non significa che approviamo questi siti web. Non ci assumiamo alcuna responsabilit\u00e0 per il contenuto del sito web connesso o dei siti web connessi.<\/p>\n\n\n\n<p>L\u2019utilizzo di questo sito web da parte dell\u2019utente e tutte le controversie risultanti da tale utilizzo sono regolamentate dalle leggi vigenti in Inghilterra, Irlanda del Nord, Scozia e Galles.<\/p>\n\n\n\n<p><\/p>\n","protected":false},"excerpt":{"rendered":"","protected":false},"author":2,"featured_media":10466,"parent":0,"menu_order":0,"comment_status":"closed","ping_status":"closed","template":"template-pages\/policy.php","meta":{"_acf_changed":false,"footnotes":""},"class_list":["post-10465","page","type-page","status-publish","has-post-thumbnail","hentry"],"acf":[],"yoast_head":"<!-- This site is optimized with the Yoast SEO plugin v26.9 - https:\/\/yoast.com\/product\/yoast-seo-wordpress\/ -->\n<title>Direttiva sui cookie | Smart Parking<\/title>\n<meta name=\"description\" content=\"Cookie-Le nostre direttive sui cookie sono disponibili qui\" \/>\n<meta name=\"robots\" content=\"index, follow, max-snippet:-1, max-image-preview:large, max-video-preview:-1\" \/>\n<link rel=\"canonical\" href=\"https:\/\/www.smartparking.com\/ch-it\/cookie-direttiva-sui\/\" \/>\n<meta property=\"og:locale\" content=\"it_IT\" \/>\n<meta property=\"og:type\" content=\"article\" \/>\n<meta property=\"og:title\" content=\"Direttiva sui cookie | Smart Parking\" \/>\n<meta property=\"og:description\" content=\"Cookie-Le nostre direttive sui cookie sono disponibili qui\" \/>\n<meta property=\"og:url\" content=\"https:\/\/www.smartparking.com\/ch-it\/cookie-direttiva-sui\/\" \/>\n<meta property=\"og:site_name\" content=\"Smart Parking\" \/>\n<meta property=\"article:modified_time\" content=\"2025-12-09T11:28:08+00:00\" \/>\n<meta property=\"og:image\" content=\"https:\/\/www.smartparking.com\/wp-content\/uploads\/2025\/04\/dji_0306-scaled.jpg\" \/>\n\t<meta property=\"og:image:width\" content=\"2560\" \/>\n\t<meta property=\"og:image:height\" content=\"1440\" \/>\n\t<meta property=\"og:image:type\" content=\"image\/jpeg\" \/>\n<meta name=\"twitter:card\" content=\"summary_large_image\" \/>\n<meta name=\"twitter:label1\" content=\"Est. reading time\" \/>\n\t<meta name=\"twitter:data1\" content=\"5 minutes\" \/>\n<script type=\"application\/ld+json\" class=\"yoast-schema-graph\">{\"@context\":\"https:\/\/schema.org\",\"@graph\":[{\"@type\":\"WebPage\",\"@id\":\"https:\/\/www.smartparking.com\/ch-it\/cookie-direttiva-sui\/\",\"url\":\"https:\/\/www.smartparking.com\/ch-it\/cookie-direttiva-sui\/\",\"name\":\"Direttiva sui cookie | Smart Parking\",\"isPartOf\":{\"@id\":\"https:\/\/www.smartparking.com\/ch-it\/#website\"},\"primaryImageOfPage\":{\"@id\":\"https:\/\/www.smartparking.com\/ch-it\/cookie-direttiva-sui\/#primaryimage\"},\"image\":{\"@id\":\"https:\/\/www.smartparking.com\/ch-it\/cookie-direttiva-sui\/#primaryimage\"},\"thumbnailUrl\":\"https:\/\/www.smartparking.com\/wp-content\/uploads\/2025\/04\/dji_0306-scaled.jpg\",\"datePublished\":\"2025-04-07T11:44:52+00:00\",\"dateModified\":\"2025-12-09T11:28:08+00:00\",\"description\":\"Cookie-Le nostre direttive sui cookie sono disponibili qui\",\"breadcrumb\":{\"@id\":\"https:\/\/www.smartparking.com\/ch-it\/cookie-direttiva-sui\/#breadcrumb\"},\"inLanguage\":\"it-CH\",\"potentialAction\":[{\"@type\":\"ReadAction\",\"target\":[\"https:\/\/www.smartparking.com\/ch-it\/cookie-direttiva-sui\/\"]}]},{\"@type\":\"ImageObject\",\"inLanguage\":\"it-CH\",\"@id\":\"https:\/\/www.smartparking.com\/ch-it\/cookie-direttiva-sui\/#primaryimage\",\"url\":\"https:\/\/www.smartparking.com\/wp-content\/uploads\/2025\/04\/dji_0306-scaled.jpg\",\"contentUrl\":\"https:\/\/www.smartparking.com\/wp-content\/uploads\/2025\/04\/dji_0306-scaled.jpg\",\"width\":2560,\"height\":1440,\"caption\":\"default\"},{\"@type\":\"BreadcrumbList\",\"@id\":\"https:\/\/www.smartparking.com\/ch-it\/cookie-direttiva-sui\/#breadcrumb\",\"itemListElement\":[{\"@type\":\"ListItem\",\"position\":1,\"name\":\"Home\",\"item\":\"https:\/\/www.smartparking.com\/ch-it\/\"},{\"@type\":\"ListItem\",\"position\":2,\"name\":\"Direttiva sui cookie\"}]},{\"@type\":\"WebSite\",\"@id\":\"https:\/\/www.smartparking.com\/ch-it\/#website\",\"url\":\"https:\/\/www.smartparking.com\/ch-it\/\",\"name\":\"Smart Parking\",\"description\":\"\",\"publisher\":{\"@id\":\"https:\/\/www.smartparking.com\/ch-it\/#organization\"},\"potentialAction\":[{\"@type\":\"SearchAction\",\"target\":{\"@type\":\"EntryPoint\",\"urlTemplate\":\"https:\/\/www.smartparking.com\/ch-it\/?s={search_term_string}\"},\"query-input\":{\"@type\":\"PropertyValueSpecification\",\"valueRequired\":true,\"valueName\":\"search_term_string\"}}],\"inLanguage\":\"it-CH\"},{\"@type\":\"Organization\",\"@id\":\"https:\/\/www.smartparking.com\/ch-it\/#organization\",\"name\":\"Smart Parking\",\"url\":\"https:\/\/www.smartparking.com\/ch-it\/\",\"logo\":{\"@type\":\"ImageObject\",\"inLanguage\":\"it-CH\",\"@id\":\"https:\/\/www.smartparking.com\/ch-it\/#\/schema\/logo\/image\/\",\"url\":\"https:\/\/www.smartparking.com\/wp-content\/uploads\/2025\/06\/smart-parking-logo-icon.svg\",\"contentUrl\":\"https:\/\/www.smartparking.com\/wp-content\/uploads\/2025\/06\/smart-parking-logo-icon.svg\",\"width\":1,\"height\":1,\"caption\":\"Smart Parking\"},\"image\":{\"@id\":\"https:\/\/www.smartparking.com\/ch-it\/#\/schema\/logo\/image\/\"},\"sameAs\":[\"https:\/\/www.linkedin.com\/company\/smart-parking-limited\/\"]}]}<\/script>\n<!-- \/ Yoast SEO plugin. -->","yoast_head_json":{"title":"Direttiva sui cookie | Smart Parking","description":"Cookie-Le nostre direttive sui cookie sono disponibili qui","robots":{"index":"index","follow":"follow","max-snippet":"max-snippet:-1","max-image-preview":"max-image-preview:large","max-video-preview":"max-video-preview:-1"},"canonical":"https:\/\/www.smartparking.com\/ch-it\/cookie-direttiva-sui\/","og_locale":"it_IT","og_type":"article","og_title":"Direttiva sui cookie | Smart Parking","og_description":"Cookie-Le nostre direttive sui cookie sono disponibili qui","og_url":"https:\/\/www.smartparking.com\/ch-it\/cookie-direttiva-sui\/","og_site_name":"Smart Parking","article_modified_time":"2025-12-09T11:28:08+00:00","og_image":[{"width":2560,"height":1440,"url":"https:\/\/www.smartparking.com\/wp-content\/uploads\/2025\/04\/dji_0306-scaled.jpg","type":"image\/jpeg"}],"twitter_card":"summary_large_image","twitter_misc":{"Est. reading time":"5 minutes"},"schema":{"@context":"https:\/\/schema.org","@graph":[{"@type":"WebPage","@id":"https:\/\/www.smartparking.com\/ch-it\/cookie-direttiva-sui\/","url":"https:\/\/www.smartparking.com\/ch-it\/cookie-direttiva-sui\/","name":"Direttiva sui cookie | Smart Parking","isPartOf":{"@id":"https:\/\/www.smartparking.com\/ch-it\/#website"},"primaryImageOfPage":{"@id":"https:\/\/www.smartparking.com\/ch-it\/cookie-direttiva-sui\/#primaryimage"},"image":{"@id":"https:\/\/www.smartparking.com\/ch-it\/cookie-direttiva-sui\/#primaryimage"},"thumbnailUrl":"https:\/\/www.smartparking.com\/wp-content\/uploads\/2025\/04\/dji_0306-scaled.jpg","datePublished":"2025-04-07T11:44:52+00:00","dateModified":"2025-12-09T11:28:08+00:00","description":"Cookie-Le nostre direttive sui cookie sono disponibili qui","breadcrumb":{"@id":"https:\/\/www.smartparking.com\/ch-it\/cookie-direttiva-sui\/#breadcrumb"},"inLanguage":"it-CH","potentialAction":[{"@type":"ReadAction","target":["https:\/\/www.smartparking.com\/ch-it\/cookie-direttiva-sui\/"]}]},{"@type":"ImageObject","inLanguage":"it-CH","@id":"https:\/\/www.smartparking.com\/ch-it\/cookie-direttiva-sui\/#primaryimage","url":"https:\/\/www.smartparking.com\/wp-content\/uploads\/2025\/04\/dji_0306-scaled.jpg","contentUrl":"https:\/\/www.smartparking.com\/wp-content\/uploads\/2025\/04\/dji_0306-scaled.jpg","width":2560,"height":1440,"caption":"default"},{"@type":"BreadcrumbList","@id":"https:\/\/www.smartparking.com\/ch-it\/cookie-direttiva-sui\/#breadcrumb","itemListElement":[{"@type":"ListItem","position":1,"name":"Home","item":"https:\/\/www.smartparking.com\/ch-it\/"},{"@type":"ListItem","position":2,"name":"Direttiva sui cookie"}]},{"@type":"WebSite","@id":"https:\/\/www.smartparking.com\/ch-it\/#website","url":"https:\/\/www.smartparking.com\/ch-it\/","name":"Smart Parking","description":"","publisher":{"@id":"https:\/\/www.smartparking.com\/ch-it\/#organization"},"potentialAction":[{"@type":"SearchAction","target":{"@type":"EntryPoint","urlTemplate":"https:\/\/www.smartparking.com\/ch-it\/?s={search_term_string}"},"query-input":{"@type":"PropertyValueSpecification","valueRequired":true,"valueName":"search_term_string"}}],"inLanguage":"it-CH"},{"@type":"Organization","@id":"https:\/\/www.smartparking.com\/ch-it\/#organization","name":"Smart Parking","url":"https:\/\/www.smartparking.com\/ch-it\/","logo":{"@type":"ImageObject","inLanguage":"it-CH","@id":"https:\/\/www.smartparking.com\/ch-it\/#\/schema\/logo\/image\/","url":"https:\/\/www.smartparking.com\/wp-content\/uploads\/2025\/06\/smart-parking-logo-icon.svg","contentUrl":"https:\/\/www.smartparking.com\/wp-content\/uploads\/2025\/06\/smart-parking-logo-icon.svg","width":1,"height":1,"caption":"Smart Parking"},"image":{"@id":"https:\/\/www.smartparking.com\/ch-it\/#\/schema\/logo\/image\/"},"sameAs":["https:\/\/www.linkedin.com\/company\/smart-parking-limited\/"]}]}},"_links":{"self":[{"href":"https:\/\/www.smartparking.com\/ch-it\/wp-json\/wp\/v2\/pages\/10465","targetHints":{"allow":["GET"]}}],"collection":[{"href":"https:\/\/www.smartparking.com\/ch-it\/wp-json\/wp\/v2\/pages"}],"about":[{"href":"https:\/\/www.smartparking.com\/ch-it\/wp-json\/wp\/v2\/types\/page"}],"author":[{"embeddable":true,"href":"https:\/\/www.smartparking.com\/ch-it\/wp-json\/wp\/v2\/users\/2"}],"replies":[{"embeddable":true,"href":"https:\/\/www.smartparking.com\/ch-it\/wp-json\/wp\/v2\/comments?post=10465"}],"version-history":[{"count":2,"href":"https:\/\/www.smartparking.com\/ch-it\/wp-json\/wp\/v2\/pages\/10465\/revisions"}],"predecessor-version":[{"id":14060,"href":"https:\/\/www.smartparking.com\/ch-it\/wp-json\/wp\/v2\/pages\/10465\/revisions\/14060"}],"wp:featuredmedia":[{"embeddable":true,"href":"https:\/\/www.smartparking.com\/ch-it\/wp-json\/wp\/v2\/media\/10466"}],"wp:attachment":[{"href":"https:\/\/www.smartparking.com\/ch-it\/wp-json\/wp\/v2\/media?parent=10465"}],"curies":[{"name":"wp","href":"https:\/\/api.w.org\/{rel}","templated":true}]}}