{"id":12295,"date":"2025-07-25T12:15:41","date_gmt":"2025-07-25T12:15:41","guid":{"rendered":"https:\/\/www.smartparking.com\/?page_id=12295"},"modified":"2025-12-01T11:22:05","modified_gmt":"2025-12-01T11:22:05","slug":"sartlar-ve-kosullar-tuerkiye","status":"publish","type":"page","link":"https:\/\/www.smartparking.com\/de\/sartlar-ve-kosullar-tuerkiye\/","title":{"rendered":"Sartlar ve kosullar"},"content":{"rendered":"\n<p><strong>S\u00fcr\u00fcc\u00fc, bu otopark\u0131 kullanarak Smart Parking Germany GmbH (bundan b\u00f6yle \u201cSmart Parking\u201d olarak an\u0131lacakt\u0131r) ile a\u015fa\u011f\u0131daki Genel H\u00fck\u00fcm ve Ko\u015fullara tabi bir s\u00f6zle\u015fme akdetmi\u015f olur:<\/strong><\/p>\n\n\n\n<ol class=\"wp-block-list\">\n<li>Sadece sorumluluk sigortas\u0131 kapsam\u0131nda olan, resmi bir plakaya (FZV madde 9) ve ge\u00e7erli bir resmi muayene etiketine (\u00f6rn. T\u00dcV) sahip ara\u00e7lar\u0131n bu otopark\u0131 kullanmas\u0131na izin verilir. Otopark\u0131n amac\u0131, ara\u00e7lar\u0131n ge\u00e7ici olarak park edilmesidir.<\/li>\n<\/ol>\n\n\n\n<ol start=\"2\" class=\"wp-block-list\">\n<li>Bu s\u00f6zle\u015fmenin amac\u0131, park edilmi\u015f ara\u00e7lar\u0131n korunmas\u0131 ve muhafazas\u0131 veya di\u011fer g\u00f6zetim y\u00fck\u00fcml\u00fcl\u00fcklerinin yerine getirilmesi de\u011fildir. Bu s\u00f6zle\u015fme Smart Parking\u2019in otoparkta bir park yeri sa\u011flamak zorunda oldu\u011fu anlam\u0131na gelmez.<\/li>\n<\/ol>\n\n\n\n<ol start=\"3\" class=\"wp-block-list\">\n<li>S\u00f6zle\u015fme ara\u00e7la otoparka giri\u015f yap\u0131ld\u0131\u011f\u0131nda ba\u015flar ve \u00e7\u0131k\u0131\u015f yap\u0131ld\u0131\u011f\u0131nda sona erer.&nbsp;\u0130\u015fbu Genel H\u00fck\u00fcm ve Ko\u015fullara uygunluk, giri\u015f ve \u00e7\u0131k\u0131\u015flarda otomatik kay\u0131t yoluyla ve\/veya otoparkta bulunan yetkili ki\u015filer taraf\u0131ndan manuel olarak izlenir. Plakan\u0131n park s\u00fcresinin belirlenmesi ve s\u00fcr\u00fcc\u00fc sorgusu amac\u0131yla kaydedilmesiye ilgili ayr\u0131nt\u0131lar i\u00e7in l\u00fctfen ayr\u0131 gizlilik politikas\u0131na bak\u0131n. Plakan\u0131n kaydedilmesi, s\u00f6zle\u015fme ili\u015fkisinde ek y\u00fck\u00fcml\u00fcl\u00fckler tesis etmez. \u0130\u015faretler bunu belirtiyorsa, ger\u00e7ek var\u0131\u015f saatinin ayarland\u0131\u011f\u0131 bir park diski ve\/veya ge\u00e7erli bir park izni (\u00f6rn. engelli kart\u0131, \u00fcyelik rozeti, \u00fcyelik kart\u0131) ara\u00e7ta d\u0131\u015far\u0131dan kolayca g\u00f6r\u00fclebilecek bir yerde bulundurulmal\u0131d\u0131r (\u00f6rn. arac\u0131n g\u00f6sterge panelinin \u00fcst\u00fcnde).<\/li>\n<\/ol>\n\n\n\n<ol start=\"4\" class=\"wp-block-list\">\n<li>Bu s\u00f6zle\u015fmede aksi belirtilmedik\u00e7e, Alman Karayolu Trafik Y\u00f6netmeli\u011fi (StVO) h\u00fck\u00fcmleri ge\u00e7erlidir. Varsa otomatik trafik y\u00f6nlendirmesine ve trafik ve bilgi i\u015faretlerine uyulmal\u0131d\u0131r. Otoparkta bulunan Smart Parking personelinin talimatlar\u0131na uyulmal\u0131d\u0131r.<\/li>\n<\/ol>\n\n\n\n<ol start=\"5\" class=\"wp-block-list\">\n<li><strong>S\u00dcR\u00dcC\u00dcN\u00dcN Y\u00dcK\u00dcML\u00dcL\u00dcKLER\u0130<\/strong>&nbsp;<\/li>\n<\/ol>\n\n\n\n<p>S\u00fcr\u00fcc\u00fc,&nbsp;<\/p>\n\n\n\n<ol style=\"list-style-type:upper-roman\" class=\"wp-block-list\">\n<li>i\u015faretler bunu ek olarak gerektiriyorsa ara\u00e7ta \u00f6n cam\u0131n arkas\u0131na d\u0131\u015far\u0131dan kolayca g\u00f6r\u00fclebilecek \u015fekilde bir park diski koyaca\u011f\u0131n\u0131\/takaca\u011f\u0131n\u0131 ve park diskine ger\u00e7ek var\u0131\u015f saatini ayarlaca\u011f\u0131n\u0131,<\/li>\n\n\n\n<li>i\u015faretler bunu ek olarak gerektiriyorsa ara\u00e7ta \u00f6n cam\u0131n arkas\u0131na d\u0131\u015far\u0131dan kolayca g\u00f6r\u00fclebilecek \u015fekilde ge\u00e7erli bir park iznini g\u00f6steren bir belgeyi koyaca\u011f\u0131n\u0131\/takaca\u011f\u0131n\u0131,<\/li>\n\n\n\n<li>ek olarak sat\u0131n ald\u0131\u011f\u0131 park s\u00fcresi de dahil olmak \u00fczere, otoparktaki i\u015faretlerde g\u00f6sterilen azami park s\u00fcresini a\u015fmayaca\u011f\u0131n\u0131,&nbsp;&nbsp;<\/li>\n\n\n\n<li>arac\u0131 sadece otopark i\u00e7in belirlenen \u00e7al\u0131\u015fma saatleri i\u00e7erisinde park edece\u011fini,&nbsp;&nbsp;&nbsp;<\/li>\n\n\n\n<li>arac\u0131 sadece ara\u00e7lar\u0131n park edilmesi i\u00e7in i\u015faretlenen alanlara park edece\u011fini ve ge\u00e7i\u015f yerlerine ya da itfaye giri\u015flerine park etmeyece\u011fini, park yerleri g\u00f6r\u00fcn\u00fcr \u015fekilde i\u015faretli de\u011filse de arac\u0131 ba\u015fka s\u00fcr\u00fcc\u00fcleri engellemeyecek ve\/veya tehlikeye atmayacak \u015fekilde park edece\u011fini,<\/li>\n\n\n\n<li>arac\u0131 izinsiz olarak personel veya ba\u015fka izinli ki\u015filer i\u00e7in ayr\u0131lan park yerlerine park etmeyece\u011fini ve<\/li>\n\n\n\n<li>arac\u0131 izinsiz olarak \u201ckad\u0131n park yeri\u201d olarak i\u015faretlenmi\u015f bir park yerine park etmeyece\u011fini taahh\u00fct eder.<\/li>\n\n\n\n<li>Otopark s\u0131rf ge\u00e7i\u015f i\u00e7in, kestirme olarak, ara\u00e7 tamiri i\u00e7in veya alan\u0131n \u00f6ng\u00f6r\u00fclen amac\u0131na hizmet etmeyen ba\u015fka ama\u00e7lar i\u00e7in kullan\u0131lmamal\u0131d\u0131r.&nbsp;<\/li>\n<\/ol>\n\n\n\n<ol start=\"6\" class=\"wp-block-list\">\n<li><strong>CEZALAR<\/strong><\/li>\n<\/ol>\n\n\n\n<ol style=\"list-style-type:upper-roman\" class=\"wp-block-list\">\n<li>S\u00fcr\u00fcc\u00fc, madde 5. I.\u2019e ayk\u0131r\u0131 olarak ger\u00e7ek var\u0131\u015f saatinin ayarland\u0131\u011f\u0131 bir park diskini kolayca g\u00f6r\u00fclebilecek \u015fekilde ara\u00e7ta \u00f6n cam\u0131n\u0131n arkas\u0131na koymazsa\/takmazsa Smart Parking\u2019e ceza \u00f6deyecektir. Bu ancak, otoparktaki i\u015faretler bir park diskinin konulmas\u0131n\u0131\/tak\u0131lmas\u0131n\u0131 talep ediyorsa s\u00f6z konusudur.<\/li>\n\n\n\n<li>S\u00fcr\u00fcc\u00fc, madde 5.II.\u2019ye ayk\u0131r\u0131 olarak park iznini g\u00f6steren bir belgeyi kolayca g\u00f6r\u00fclebilecek \u015fekilde ara\u00e7ta \u00f6n cam\u0131n\u0131n arkas\u0131na koymazsa\/takmazsa Smart Parking\u2019e ceza \u00f6deyecektir. Bu ancak, otoparktaki i\u015faretler park iznini g\u00f6steren bir belgenin konulmas\u0131n\u0131\/tak\u0131lmas\u0131n\u0131 talep ediyorsa s\u00f6z konusudur.<\/li>\n\n\n\n<li>S\u00fcr\u00fcc\u00fc, madde 5. III.\u2019e ayk\u0131r\u0131 olarak ek olarak sat\u0131n ald\u0131\u011f\u0131 park s\u00fcresi de dahil olmak \u00fczere otopark i\u00e7in g\u00f6sterilen azami park s\u00fcresini a\u015farsa Smart Parking\u2019e ceza \u00f6deyecektir.<\/li>\n\n\n\n<li>S\u00fcr\u00fcc\u00fc, madde 5.IV.\u2019e ayk\u0131r\u0131 olarak arac\u0131n\u0131 g\u00f6sterilen \u00e7al\u0131\u015fma saatlerinin d\u0131\u015f\u0131nda otoparka park ederse ve ba\u015fka s\u00f6zle\u015fmeler kapsam\u0131na bunu yapmaya izni yoksa Smart Parking\u2019e ceza \u00f6deyecektir.<\/li>\n\n\n\n<li>S\u00fcr\u00fcc\u00fc, madde 5.V.\u2019e ayk\u0131r\u0131 olarak arac\u0131n\u0131 i\u015faretli alanlar\u0131n d\u0131\u015f\u0131na park ederse Smart Parking\u2019e ceza \u00f6deyecektir.<\/li>\n\n\n\n<li>Park yerleri g\u00f6r\u00fcn\u00fcr \u015fekilde i\u015faretli de\u011filse, s\u00fcr\u00fcc\u00fc, madde 5.V.\u2019e ayk\u0131r\u0131 olarak arac\u0131n\u0131 ba\u015fka s\u00fcr\u00fcc\u00fcleri engelleyecek ve\/veya tehlikeye atacak \u015fekilde park ederse Smart Parking\u2019e ceza \u00f6deyecektir.<\/li>\n\n\n\n<li>S\u00fcr\u00fcc\u00fc, madde 5.VI.\u2019ya ayk\u0131r\u0131 olarak arac\u0131n\u0131 izinsiz olarak personel veya ba\u015fka izinli ki\u015filer i\u00e7in ayr\u0131lan park yerlerine park ederse Smart Parking\u2019e ceza \u00f6deyecektir.<\/li>\n\n\n\n<li>S\u00fcr\u00fcc\u00fc, madde 5.VII.\u2019ye ayk\u0131r\u0131 olarak arac\u0131n\u0131 izinsiz olarak \u201ckad\u0131n park yeri\u201d olarak i\u015faretlenmi\u015f bir park yerine park ederse Smart Parking\u2019e ceza \u00f6deyecektir.<\/li>\n\n\n\n<li>S\u00fcr\u00fcc\u00fc, madde 5.VIII.\u2019e ayk\u0131r\u0131 olarak otopark\u0131 s\u0131rf ge\u00e7i\u015f i\u00e7in, kestirme olarak, ara\u00e7 tamiri i\u00e7in veya alan\u0131n \u00f6ng\u00f6r\u00fclen amac\u0131na hizmet etmeyen ba\u015fka seyir veya ta\u015f\u0131ma ama\u00e7lar\u0131 i\u00e7in kullan\u0131rsa Smart Parking\u2019e ceza \u00f6deyecektir.<\/li>\n\n\n\n<li>S\u00fcr\u00fcc\u00fc arac\u0131 izinsiz olarak gece boyunca otoparkta b\u0131rak\u0131rsa, park ihlali sona erene dek park ihlalinin ilk g\u00fcn\u00fcn\u00fc takip eden her yeni g\u00fcn i\u00e7in birer ceza tahsil edilir.<\/li>\n\n\n\n<li>Uygulanacak cezan\u0131n miktar\u0131, \u201cVertragsstrafe\u201d (Ceza) tabelas\u0131nda g\u00f6sterilmektedir.<\/li>\n\n\n\n<li>Bir park ihlali bir takvim g\u00fcn\u00fcnden uzun s\u00fcrerse her yeni takvim g\u00fcn\u00fcnde yeni bir park ihlali say\u0131lacakt\u0131r. Buna g\u00f6re, s\u00fcr\u00fcc\u00fc park ihlaline uygulanan cezay\u0131 her yeni takvim g\u00fcn\u00fc i\u00e7in \u00f6deyecektir. Bu h\u00fck\u00fcm, cezan\u0131n on kat\u0131yla s\u0131n\u0131rl\u0131d\u0131r.<\/li>\n\n\n\n<li>Yabanc\u0131 plakal\u0131 ara\u00e7larda kimlik tespiti ve tahsilat daha zor oldu\u011fu i\u00e7in, harcamalara ayr\u0131ca idari masraf eklenecektir. Harcamalar\u0131n tutar\u0131 toplam olarak bir cezayla s\u0131n\u0131rl\u0131d\u0131r.<\/li>\n\n\n\n<li>S\u00fcr\u00fcc\u00fc ihlalden sorumlu de\u011filse ceza uygulanmaz.<\/li>\n\n\n\n<li>Bu Genel H\u00fck\u00fcm ve Ko\u015fullar\u0131n 5. maddesi kapsam\u0131ndaki y\u00fck\u00fcml\u00fcl\u00fcklerden biri veya birka\u00e7\u0131 ihlal edilirse, Smart Parking s\u00fcr\u00fcc\u00fcy\u00fc bir hizmet sa\u011flay\u0131c\u0131 arac\u0131l\u0131\u011f\u0131yla sorgulayabilir ve bunun i\u00e7in i\u015flem \u00fccreti dahil 8,00 \u20ac ek \u00fccret talep edebilir.<\/li>\n\n\n\n<li>Bundan ba\u015fka, bir park ihlali ger\u00e7ekle\u015firse Smart Parking masraf\u0131 ve riski s\u00fcr\u00fcc\u00fcye ait olmak \u00fczere arac\u0131n otoparktan \u00e7ekilmesini sa\u011flayabilir. Bu, g\u00f6r\u00fcn\u00fcr resmi plakas\u0131 olmayan, yak\u0131t s\u0131zd\u0131ran veya otopark\u0131n i\u015fleyi\u015fini tehlikeye atan ba\u015fka kusurlar\u0131 olan ara\u00e7lar park edilirse de ge\u00e7erlidir. Ayr\u0131ca bu, ara\u00e7 kullan\u0131m ko\u015fullar\u0131na ayk\u0131r\u0131 olarak, izinsiz olarak, engel olu\u015fturacak \u015fekilde veya ayr\u0131lm\u0131\u015f olarak i\u015faretli park yerlerine park edilirse ve \u00f6zellikle park izni belgelenemiyorsa da ge\u00e7erlidir. Bununla birlikte, i\u015fletmeci b\u00f6yle bir durumda arac\u0131 \u00e7ektirmek zorunda de\u011fildir. S\u00fcr\u00fcc\u00fc her hal\u00fck\u00e2rda arac\u0131ndan kaynaklanan tehlikelerden sorumlu olacakt\u0131r.<\/li>\n<\/ol>\n\n\n\n<ol start=\"7\" class=\"wp-block-list\">\n<li><strong>SORUMLULUK<\/strong><\/li>\n<\/ol>\n\n\n\n<p>Bu s\u00f6zle\u015fme s\u00fcresince Smart Parking sadece kendisinin, \u00e7al\u0131\u015fanlar\u0131n\u0131n veya yetkili temsilcilerinin y\u00fck\u00fcml\u00fcl\u00fcklerinin ihlalinden do\u011fan zararlardan sorumlu olacakt\u0131r. Buna g\u00f6re, Smart Parking sadece do\u011fal afetler, ba\u015fka s\u00fcr\u00fcc\u00fcler ve \u00fc\u00e7\u00fcnc\u00fc \u015fah\u0131slardan kaynaklanan zararlardan, \u00f6zellikle de arac\u0131n \u00e7al\u0131nmas\u0131dan veya araca zarar verilmesinden kaynaklanan zararlardan sorumlu olmayacakt\u0131r. Aksi belirtilmedik\u00e7e Smart Parking ancak kas\u0131t veya a\u011f\u0131r ihmal durumunda y\u00fck\u00fcml\u00fcl\u00fcklerinin ihlalinden sorumlu olacakt\u0131r. Basit ihmal durumunda, Smart Parking sadece can, beden veya sa\u011fl\u0131\u011fa zarar verilmesi (yaralamma) veya yerine getirilmesi s\u00f6zle\u015fmenin d\u00fczg\u00fcn bir \u015fekilde y\u00fcr\u00fct\u00fclmesi i\u00e7in gerekli olan ve s\u00fcr\u00fcc\u00fcn\u00fcn g\u00fcvendi\u011fi ve g\u00fcvenebilece\u011fi temel s\u00f6zle\u015fme y\u00fck\u00fcml\u00fcl\u00fcklerinin ihlali durumunda sorumlu olacakt\u0131r.<\/p>\n\n\n\n<ol start=\"8\" class=\"wp-block-list\">\n<li><strong>ZARARLARIN B\u0130LD\u0130R\u0130LMES\u0130<\/strong>&nbsp;<\/li>\n<\/ol>\n\n\n\n<p>S\u00fcr\u00fcc\u00fc bariz hasarlar\u0131 14 g\u00fcn i\u00e7inde yaz\u0131l\u0131 olarak veya e-postayla Smart Parking\u2019e bildirmelidir. S\u00fcr\u00fcc\u00fc an\u0131lan bildirme y\u00fck\u00fcml\u00fcl\u00fc\u011f\u00fcn\u00fc ihlal ederse ve bu ihlalin sorumlulu\u011fu bir ba\u015fkas\u0131na ait de\u011filse, s\u00fcr\u00fcc\u00fcn\u00fcn Smart Parking aleyhindeki t\u00fcm tazminat talepleri ge\u00e7ersiz olacakt\u0131r. Bu sorumluluk reddi, s\u00fcr\u00fcc\u00fc yaraland\u0131ysa veya Smart Parking bu yaralanmaya a\u011f\u0131r ihmal veya kas\u0131tl\u0131 olarak neden olduysa ge\u00e7erli de\u011fildir.<\/p>\n\n\n\n<p><strong>MUHTEL\u0130F KONULAR<\/strong>\u200c <\/p>\n\n\n\n<ol start=\"9\" class=\"wp-block-list\">\n<li>Yukar\u0131da belirtilen h\u00fck\u00fcm ve ko\u015fullar, Smart Parking\u2019in sorumlulu\u011funun s\u00f6zle\u015fmeye veya ba\u015fka bir yasal dayana\u011fa dayand\u0131\u011f\u0131na bak\u0131lmaks\u0131z\u0131n ge\u00e7erlidir.<\/li>\n\n\n\n<li>Bu Genel H\u00fck\u00fcm ve Ko\u015fullar\u0131n herhangi bir h\u00fckm\u00fc ge\u00e7ersiz veya uygulanamaz ise, bu durum di\u011fer h\u00fck\u00fcmlerin ge\u00e7erlili\u011fini veya uygulanabilirli\u011fini etkilemeyecektir. Bu durumda, taraflar\u0131n fark edilebilen iste\u011fine ekonomik a\u00e7\u0131dan en yak\u0131n olan yasal h\u00fck\u00fcmler ek olarak uygulanacakt\u0131r. Ayn\u0131s\u0131 bu Genel H\u00fck\u00fcm ve Ko\u015fullardaki olas\u0131 bo\u015fluklar i\u00e7in ge\u00e7erlidir.<\/li>\n\n\n\n<li>Otopark\u0131 kullanan s\u00fcr\u00fcc\u00fc esnaf ise ve zorunlu yasal h\u00fck\u00fcmler ba\u015fka mahkemelerin yetkili oldu\u011funu belirtmezse, bu Genel H\u00fck\u00fcm ve Ko\u015fullardan kaynaklanan veya onlarla ba\u011flant\u0131l\u0131 olan t\u00fcm ihtilaflarda D\u00fcsseldorf mahkemeleri yetkili olacakt\u0131r.<\/li>\n\n\n\n<li>adresindeki web sitemizde bu Genel H\u00fck\u00fcm ve Ko\u015fullar\u0131 <a href=\"https:\/\/www.smartparking.com\/de\/allgemeine-geschaeftsbedingungen-deutsch\">Almanca<\/a>, <a href=\"https:\/\/www.smartparking.com\/de\/terms-and-conditions-eng\">\u0130ngilizce<\/a>, <a href=\"https:\/\/www.smartparking.com\/de\/conditions-generales-francais\">Frans\u0131zca<\/a>, <a href=\"https:\/\/www.smartparking.com\/de\/termini-e-condizioni-italiano\">\u0130talyanca<\/a> ve <a href=\"https:\/\/www.smartparking.com\/de\/terminos-y-condiciones-espanola\">\u0130spanyolca<\/a> olarak da g\u00f6rebilirsiniz. Bununla birlikte, farkl\u0131 dillerdeki \u00e7eviriler ancak bilgi i\u00e7indir. Herhangi bir \u00e7eli\u015fki s\u00f6z konusuysa, bu Genel H\u00fck\u00fcm ve Ko\u015fullar\u0131n Almanca versiyonu ge\u00e7erli olur.<\/li>\n<\/ol>\n","protected":false},"excerpt":{"rendered":"","protected":false},"author":2,"featured_media":0,"parent":0,"menu_order":0,"comment_status":"closed","ping_status":"closed","template":"template-pages\/policy.php","meta":{"_acf_changed":false,"footnotes":""},"class_list":["post-12295","page","type-page","status-publish","hentry"],"acf":[],"yoast_head":"<!-- This site is optimized with the Yoast SEO plugin v26.9 - https:\/\/yoast.com\/product\/yoast-seo-wordpress\/ -->\n<title>Sartlar ve kosullar | Smart Parking<\/title>\n<meta name=\"robots\" content=\"index, follow, max-snippet:-1, max-image-preview:large, max-video-preview:-1\" \/>\n<link rel=\"canonical\" href=\"https:\/\/www.smartparking.com\/de\/sartlar-ve-kosullar-tuerkiye\/\" \/>\n<meta property=\"og:locale\" content=\"de_DE\" \/>\n<meta property=\"og:type\" content=\"article\" \/>\n<meta property=\"og:title\" content=\"Sartlar ve kosullar | Smart Parking\" \/>\n<meta property=\"og:url\" content=\"https:\/\/www.smartparking.com\/de\/sartlar-ve-kosullar-tuerkiye\/\" \/>\n<meta property=\"og:site_name\" content=\"Smart Parking\" \/>\n<meta property=\"article:modified_time\" content=\"2025-12-01T11:22:05+00:00\" \/>\n<meta property=\"og:image\" content=\"https:\/\/www.smartparking.com\/wp-content\/uploads\/2025\/03\/home-large-hex-1.jpg\" \/>\n\t<meta property=\"og:image:width\" content=\"1000\" \/>\n\t<meta property=\"og:image:height\" content=\"563\" \/>\n\t<meta property=\"og:image:type\" content=\"image\/jpeg\" \/>\n<meta name=\"twitter:card\" content=\"summary_large_image\" \/>\n<meta name=\"twitter:label1\" content=\"Gesch\u00e4tzte Lesezeit\" \/>\n\t<meta name=\"twitter:data1\" content=\"5\u00a0Minuten\" \/>\n<script type=\"application\/ld+json\" class=\"yoast-schema-graph\">{\"@context\":\"https:\/\/schema.org\",\"@graph\":[{\"@type\":\"WebPage\",\"@id\":\"https:\/\/www.smartparking.com\/de\/sartlar-ve-kosullar-tuerkiye\/\",\"url\":\"https:\/\/www.smartparking.com\/de\/sartlar-ve-kosullar-tuerkiye\/\",\"name\":\"Sartlar ve kosullar | Smart Parking\",\"isPartOf\":{\"@id\":\"https:\/\/www.smartparking.com\/de\/#website\"},\"datePublished\":\"2025-07-25T12:15:41+00:00\",\"dateModified\":\"2025-12-01T11:22:05+00:00\",\"breadcrumb\":{\"@id\":\"https:\/\/www.smartparking.com\/de\/sartlar-ve-kosullar-tuerkiye\/#breadcrumb\"},\"inLanguage\":\"de\",\"potentialAction\":[{\"@type\":\"ReadAction\",\"target\":[\"https:\/\/www.smartparking.com\/de\/sartlar-ve-kosullar-tuerkiye\/\"]}]},{\"@type\":\"BreadcrumbList\",\"@id\":\"https:\/\/www.smartparking.com\/de\/sartlar-ve-kosullar-tuerkiye\/#breadcrumb\",\"itemListElement\":[{\"@type\":\"ListItem\",\"position\":1,\"name\":\"Home\",\"item\":\"https:\/\/www.smartparking.com\/de\/\"},{\"@type\":\"ListItem\",\"position\":2,\"name\":\"Sartlar ve kosullar\"}]},{\"@type\":\"WebSite\",\"@id\":\"https:\/\/www.smartparking.com\/de\/#website\",\"url\":\"https:\/\/www.smartparking.com\/de\/\",\"name\":\"Smart Parking\",\"description\":\"\",\"publisher\":{\"@id\":\"https:\/\/www.smartparking.com\/de\/#organization\"},\"potentialAction\":[{\"@type\":\"SearchAction\",\"target\":{\"@type\":\"EntryPoint\",\"urlTemplate\":\"https:\/\/www.smartparking.com\/de\/?s={search_term_string}\"},\"query-input\":{\"@type\":\"PropertyValueSpecification\",\"valueRequired\":true,\"valueName\":\"search_term_string\"}}],\"inLanguage\":\"de\"},{\"@type\":\"Organization\",\"@id\":\"https:\/\/www.smartparking.com\/de\/#organization\",\"name\":\"Smart Parking\",\"url\":\"https:\/\/www.smartparking.com\/de\/\",\"logo\":{\"@type\":\"ImageObject\",\"inLanguage\":\"de\",\"@id\":\"https:\/\/www.smartparking.com\/de\/#\/schema\/logo\/image\/\",\"url\":\"https:\/\/www.smartparking.com\/wp-content\/uploads\/2025\/06\/smart-parking-logo-icon.svg\",\"contentUrl\":\"https:\/\/www.smartparking.com\/wp-content\/uploads\/2025\/06\/smart-parking-logo-icon.svg\",\"width\":1,\"height\":1,\"caption\":\"Smart Parking\"},\"image\":{\"@id\":\"https:\/\/www.smartparking.com\/de\/#\/schema\/logo\/image\/\"},\"sameAs\":[\"https:\/\/www.linkedin.com\/company\/smart-parking-limited\/\"]}]}<\/script>\n<!-- \/ Yoast SEO plugin. -->","yoast_head_json":{"title":"Sartlar ve kosullar | Smart Parking","robots":{"index":"index","follow":"follow","max-snippet":"max-snippet:-1","max-image-preview":"max-image-preview:large","max-video-preview":"max-video-preview:-1"},"canonical":"https:\/\/www.smartparking.com\/de\/sartlar-ve-kosullar-tuerkiye\/","og_locale":"de_DE","og_type":"article","og_title":"Sartlar ve kosullar | Smart Parking","og_url":"https:\/\/www.smartparking.com\/de\/sartlar-ve-kosullar-tuerkiye\/","og_site_name":"Smart Parking","article_modified_time":"2025-12-01T11:22:05+00:00","og_image":[{"width":1000,"height":563,"url":"https:\/\/www.smartparking.com\/wp-content\/uploads\/2025\/03\/home-large-hex-1.jpg","type":"image\/jpeg"}],"twitter_card":"summary_large_image","twitter_misc":{"Gesch\u00e4tzte Lesezeit":"5\u00a0Minuten"},"schema":{"@context":"https:\/\/schema.org","@graph":[{"@type":"WebPage","@id":"https:\/\/www.smartparking.com\/de\/sartlar-ve-kosullar-tuerkiye\/","url":"https:\/\/www.smartparking.com\/de\/sartlar-ve-kosullar-tuerkiye\/","name":"Sartlar ve kosullar | Smart Parking","isPartOf":{"@id":"https:\/\/www.smartparking.com\/de\/#website"},"datePublished":"2025-07-25T12:15:41+00:00","dateModified":"2025-12-01T11:22:05+00:00","breadcrumb":{"@id":"https:\/\/www.smartparking.com\/de\/sartlar-ve-kosullar-tuerkiye\/#breadcrumb"},"inLanguage":"de","potentialAction":[{"@type":"ReadAction","target":["https:\/\/www.smartparking.com\/de\/sartlar-ve-kosullar-tuerkiye\/"]}]},{"@type":"BreadcrumbList","@id":"https:\/\/www.smartparking.com\/de\/sartlar-ve-kosullar-tuerkiye\/#breadcrumb","itemListElement":[{"@type":"ListItem","position":1,"name":"Home","item":"https:\/\/www.smartparking.com\/de\/"},{"@type":"ListItem","position":2,"name":"Sartlar ve kosullar"}]},{"@type":"WebSite","@id":"https:\/\/www.smartparking.com\/de\/#website","url":"https:\/\/www.smartparking.com\/de\/","name":"Smart Parking","description":"","publisher":{"@id":"https:\/\/www.smartparking.com\/de\/#organization"},"potentialAction":[{"@type":"SearchAction","target":{"@type":"EntryPoint","urlTemplate":"https:\/\/www.smartparking.com\/de\/?s={search_term_string}"},"query-input":{"@type":"PropertyValueSpecification","valueRequired":true,"valueName":"search_term_string"}}],"inLanguage":"de"},{"@type":"Organization","@id":"https:\/\/www.smartparking.com\/de\/#organization","name":"Smart Parking","url":"https:\/\/www.smartparking.com\/de\/","logo":{"@type":"ImageObject","inLanguage":"de","@id":"https:\/\/www.smartparking.com\/de\/#\/schema\/logo\/image\/","url":"https:\/\/www.smartparking.com\/wp-content\/uploads\/2025\/06\/smart-parking-logo-icon.svg","contentUrl":"https:\/\/www.smartparking.com\/wp-content\/uploads\/2025\/06\/smart-parking-logo-icon.svg","width":1,"height":1,"caption":"Smart Parking"},"image":{"@id":"https:\/\/www.smartparking.com\/de\/#\/schema\/logo\/image\/"},"sameAs":["https:\/\/www.linkedin.com\/company\/smart-parking-limited\/"]}]}},"_links":{"self":[{"href":"https:\/\/www.smartparking.com\/de\/wp-json\/wp\/v2\/pages\/12295","targetHints":{"allow":["GET"]}}],"collection":[{"href":"https:\/\/www.smartparking.com\/de\/wp-json\/wp\/v2\/pages"}],"about":[{"href":"https:\/\/www.smartparking.com\/de\/wp-json\/wp\/v2\/types\/page"}],"author":[{"embeddable":true,"href":"https:\/\/www.smartparking.com\/de\/wp-json\/wp\/v2\/users\/2"}],"replies":[{"embeddable":true,"href":"https:\/\/www.smartparking.com\/de\/wp-json\/wp\/v2\/comments?post=12295"}],"version-history":[{"count":3,"href":"https:\/\/www.smartparking.com\/de\/wp-json\/wp\/v2\/pages\/12295\/revisions"}],"predecessor-version":[{"id":14007,"href":"https:\/\/www.smartparking.com\/de\/wp-json\/wp\/v2\/pages\/12295\/revisions\/14007"}],"wp:attachment":[{"href":"https:\/\/www.smartparking.com\/de\/wp-json\/wp\/v2\/media?parent=12295"}],"curies":[{"name":"wp","href":"https:\/\/api.w.org\/{rel}","templated":true}]}}