{"id":12297,"date":"2025-07-25T12:18:11","date_gmt":"2025-07-25T12:18:11","guid":{"rendered":"https:\/\/www.smartparking.com\/?page_id=12297"},"modified":"2025-12-01T11:20:10","modified_gmt":"2025-12-01T11:20:10","slug":"termini-e-condizioni-italiano","status":"publish","type":"page","link":"https:\/\/www.smartparking.com\/de\/termini-e-condizioni-italiano\/","title":{"rendered":"Termini e condizioni"},"content":{"rendered":"\n<p><strong>Utilizzando il presente parcheggio, il conducente stipula un contratto con Smart Parking Germany GmbH (di seguito &#8222;Smart Parking&#8220;) in base alle seguenti condizioni generali:<\/strong><\/p>\n\n\n\n<ol class=\"wp-block-list\">\n<li>L&#8217;utilizzo del presente parcheggio \u00e8 limitato ai veicoli coperti da assicurazione di responsabilit\u00e0 civile, dotati di targa ufficiale (\u00a79 FZV) e di un contrassegno di controllo ufficiale valido (ad es. T\u00dcV). Lo scopo del parcheggio \u00e8 la sosta temporanea dei veicoli.<\/li>\n<\/ol>\n\n\n\n<ol start=\"2\" class=\"wp-block-list\">\n<li>L&#8217;oggetto di questo contratto non \u00e8 la custodia e la protezione dei veicoli parcheggiati o di altri compiti di custodia. Il presente contratto non stabilisce inoltre alcun diritto alla fornitura di un posto auto presso il parcheggio da parte di Smart Parking.<\/li>\n<\/ol>\n\n\n\n<ol start=\"3\" class=\"wp-block-list\">\n<li>Il contratto inizia con l&#8217;ingresso nel parcheggio e termina con l&#8217;uscita.&nbsp;Il rispetto delle Condizioni Generali locali viene monitorato mediante registrazione automatica all&#8217;ingresso e all&#8217;uscita e\/o manualmente da persone autorizzate sul sito. Per i dettagli sul riconoscimento delle targhe ai fini della determinazione del periodo di utilizzo e dell&#8217;interrogazione relativa al proprietario, consultare l&#8217;informativa sulla privacy separata. Il riconoscimento della targa non crea alcun obbligo aggiuntivo nel rapporto contrattuale. Se la segnaletica lo indica, \u00e8 necessario che a bordo del veicolo, in un punto chiaramente visibile dall&#8217;esterno, ad esempio sul cruscotto, sia presente un disco orario su cui \u00e8 riportato l&#8217;orario di arrivo effettivo e\/o un&#8217;autorizzazione di parcheggio valida, ad esempio un pass per disabili o un badge o una tessera associativa.<\/li>\n<\/ol>\n\n\n\n<ol start=\"4\" class=\"wp-block-list\">\n<li>Si applicano di conseguenza le disposizioni del Codice della Strada tedesco (StVO), se non diversamente regolato dal presente contratto. Se disponibile, \u00e8 necessario osservare la guida automatica del traffico e la segnaletica informativa. \u00c8 necessario seguire le istruzioni del personale Smart Parking in loco.<\/li>\n<\/ol>\n\n\n\n<ol start=\"5\" class=\"wp-block-list\">\n<li><strong>OBBLIGHI DEL CONDUCENTE<\/strong>&nbsp;<\/li>\n<\/ol>\n\n\n\n<p>Il conducente si impegna:&nbsp;<\/p>\n\n\n\n<ol style=\"list-style-type:upper-roman\" class=\"wp-block-list\">\n<li>se ordinato in base alla relativa segnaletica, posizionare\/attaccare un disco orario nel veicolo dietro il parabrezza, chiaramente visibile dall&#8217;esterno, e impostare l&#8217;orario di arrivo effettivo sul disco di parcheggio,<\/li>\n\n\n\n<li>se richiesto dalla relativa segnaletica, esporre\/allegare la prova di un&#8217;autorizzazione di parcheggio valida nel veicolo, chiaramente visibile dall&#8217;esterno dietro il parabrezza,<\/li>\n\n\n\n<li>non superare il tempo di sosta massimo consentito &#8211; compreso l&#8217;eventuale tempo di sosta aggiuntivo acquistato &#8211; come indicato dalla segnaletica del parcheggio,&nbsp;&nbsp;<\/li>\n\n\n\n<li>parcheggiare il veicolo solo durante gli orari di apertura pubblicati per il parcheggio,&nbsp;&nbsp;&nbsp;<\/li>\n\n\n\n<li>parcheggiare il veicolo solo all&#8217;interno delle aree contrassegnate per la sosta dei veicoli, ma non nelle arterie stradali o nelle corsie antincendio; se non ci sono indicazioni di parcheggio visibili, il veicolo deve essere parcheggiato in modo da non ostacolare e\/o mettere in pericolo gli altri utenti.<\/li>\n\n\n\n<li>non parcheggiare il veicolo negli spazi riservati ai dipendenti o ad altri parcheggiatori autorizzati senza essere autorizzati a parcheggiare.<\/li>\n\n\n\n<li>non parcheggiare il veicolo in un parcheggio contrassegnato come &#8222;parcheggio per donne&#8220; senza esserne autorizzati.<\/li>\n\n\n\n<li>il parcheggio non pu\u00f2 essere utilizzato per scopi diversi da quelli per cui \u00e8 stato concepito, in particolare non per semplici passaggi in auto, attraversamenti o scorciatoie, per la riparazione di veicoli o per altre misure o comportamenti che non servono alla destinazione dell&#8217;area.&nbsp;<\/li>\n<\/ol>\n\n\n\n<ol start=\"6\" class=\"wp-block-list\">\n<li><strong>PENALI CONTRATTUALI<\/strong><\/li>\n<\/ol>\n\n\n\n<ol style=\"list-style-type:upper-roman\" class=\"wp-block-list\">\n<li>Il conducente deve a Smart Parking una penale contrattuale se, contrariamente a quanto previsto dal punto 5. I. non espone\/attacca sul veicolo, dietro il parabrezza, un disco orario chiaramente visibile dall&#8217;esterno e sul quale \u00e8 indicato l&#8217;orario di arrivo effettivo; ci\u00f2 vale solo se la segnaletica dell&#8217;area di parcheggio richiede l&#8217;esposizione\/attacco di un disco orario.<\/li>\n\n\n\n<li>Il conducente deve a Smart Parking una sanzione contrattuale se, contrariamente a quanto previsto al punto 5.II., non espone\/attacca un permesso di parcheggio nel veicolo dietro il parabrezza in modo che sia chiaramente visibile dall&#8217;esterno; questo vale solo se la segnaletica dell&#8217;area di parcheggio richiede l&#8217;esposizione\/attacco di un permesso di parcheggio.<\/li>\n\n\n\n<li>Il conducente dovr\u00e0 a Smart Parking una penale contrattuale se, contrariamente a quanto previsto dall&#8217;art. 5. III. supera il tempo di sosta massimo autorizzato per il posto auto, compreso l&#8217;eventuale tempo di sosta aggiuntivo acquistato.<\/li>\n\n\n\n<li>Il conducente dovr\u00e0 a Smart Parking una penale contrattuale se parchegger\u00e0 il proprio veicolo nel parcheggio al di fuori degli orari di apertura previsti, contrariamente a quanto previsto al punto 5.IV., a meno che non sia autorizzato da altri accordi.<\/li>\n\n\n\n<li>Il conducente \u00e8 tenuto a pagare una penale contrattuale a Smart Parking se parcheggia il proprio veicolo al di fuori delle aree designate, contrariamente a quanto previsto al punto 5.V.<\/li>\n\n\n\n<li>Il conducente dovr\u00e0 a Smart Parking una sanzione contrattuale se, contrariamente a quanto previsto al punto 5.V., parcheggia in assenza di segnaletica visibile dello spazio di parcheggio in modo tale da ostacolare e\/o mettere in pericolo gli altri utenti.<\/li>\n\n\n\n<li>Il conducente dovr\u00e0 a Smart Parking una penale contrattuale se, contrariamente a quanto previsto al punto 5.VI, parchegger\u00e0 il veicolo in uno spazio di parcheggio riservato ai dipendenti o ad altri parcheggiatori autorizzati senza essere autorizzato a parcheggiare lui stesso.<\/li>\n\n\n\n<li>Il conducente dovr\u00e0 a Smart Parking una penale contrattuale se, contrariamente a quanto previsto al punto 5.VII, parchegger\u00e0 il veicolo in un parcheggio contrassegnato come &#8222;parcheggio per donne&#8220; senza esserne autorizzato.<\/li>\n\n\n\n<li>Il conducente deve a Smart Parking una sanzione contrattuale se, contrariamente a quanto previsto al punto 5.VIII, utilizza l&#8217;area di parcheggio esclusivamente per il passaggio, l&#8217;attraversamento, le scorciatoie, la riparazione di veicoli o altri scopi di traffico o di trasporto che non servono alla destinazione dell&#8217;area.<\/li>\n\n\n\n<li>Se il conducente lascia il veicolo nel parcheggio per tutta la notte senza l&#8217;apposita autorizzazione, per ogni giorno successivo al primo giorno di violazione del parcheggio verr\u00e0 applicata una sanzione contrattuale fino al termine della violazione.<\/li>\n\n\n\n<li>L&#8217;importo della penale contrattuale incamerata in ciascun caso \u00e8 riportato sull&#8217;etichetta &#8222;Penale contrattuale&#8220;.<\/li>\n\n\n\n<li>Se un&#8217;infrazione al divieto di sosta si protrae per pi\u00f9 di un giorno di calendario, si considera una nuova infrazione per ogni giorno di calendario o parte di esso. Di conseguenza, l&#8217;utente deve nuovamente la sanzione contrattuale legata all&#8217;infrazione di parcheggio per ogni giorno di calendario o parte di esso. Ci\u00f2 si applica fino a un limite massimo di dieci volte la penale contrattuale.<\/li>\n\n\n\n<li>Nel caso di veicoli con targa straniera, alle spese si aggiungono ulteriori costi amministrativi dovuti alla difficolt\u00e0 di identificare e recuperare il veicolo. Le spese sono limitate a un totale di una sanzione contrattuale.<\/li>\n\n\n\n<li>La rispettiva sanzione contrattuale non si applica se il conducente non \u00e8 responsabile dell&#8217;infrazione.<\/li>\n\n\n\n<li>In caso di violazione di uno o pi\u00f9 obblighi di cui alla sezione 5 delle presenti Condizioni generali, Smart Parking \u00e8 autorizzata a effettuare un&#8217;interrogazione del proprietario da parte di un fornitore di servizi e ad addebitare un costo aggiuntivo di 8,00 euro, comprensivo di spese di lavorazione.<\/li>\n\n\n\n<li>In caso di infrazione, Smart Parking ha inoltre il diritto di far rimuovere il veicolo dal parcheggio a spese e a rischio dell&#8217;utente. Ci\u00f2 vale anche per il parcheggio di veicoli privi di targa riconoscibile o con un sistema di alimentazione che perde o altri difetti che mettono in pericolo il funzionamento del parcheggio. Ci\u00f2 vale anche nel caso in cui il veicolo venga parcheggiato in modo non conforme alle condizioni d&#8217;uso, illegalmente, in modo che ostacoli o in spazi di parcheggio contrassegnati come riservati, in particolare se non \u00e8 possibile dimostrare un&#8217;autorizzazione al parcheggio. Tuttavia, ci\u00f2 non costituisce un obbligo da parte dell&#8217;operatore di rimuovere il veicolo. In ogni caso, l&#8217;utente rimane responsabile dei rischi che il suo veicolo comporta.<\/li>\n<\/ol>\n\n\n\n<ol start=\"7\" class=\"wp-block-list\">\n<li><strong>RESPONSABILIT\u00c0<\/strong><\/li>\n<\/ol>\n\n\n\n<p>Durante la durata del presente contratto, Smart Parking sar\u00e0 responsabile solo per i danni causati in modo dimostrabile da violazioni di obblighi da parte sua, dei suoi dipendenti o agenti autorizzati. Smart Parking non \u00e8 pertanto responsabile per i danni causati esclusivamente da eventi naturali, da altri conducenti o da terzi e in particolare a seguito di furto o danneggiamento del veicolo. Smart Parking sar\u00e0 responsabile di violazioni di obblighi solo in caso di dolo o colpa grave, se non diversamente specificato. In caso di semplice negligenza, Smart Parking sar\u00e0 responsabile solo in caso di lesioni alla vita, all&#8217;incolumit\u00e0 fisica o alla salute (lesioni personali) o di violazione di obblighi contrattuali essenziali, il cui adempimento \u00e8 indispensabile per la corretta esecuzione del contratto e sul cui adempimento il conducente fa affidamento e pu\u00f2 fare affidamento.<\/p>\n\n\n\n<ol start=\"8\" class=\"wp-block-list\">\n<li><strong>COMUNICAZIONE DEL DANNO<\/strong>&nbsp;<\/li>\n<\/ol>\n\n\n\n<p>Il conducente \u00e8 tenuto a comunicare a Smart Parking eventuali danni evidenti entro 14 giorni per iscritto o via e-mail. Se il conducente viola il suddetto obbligo di comunicazione, tutte le richieste di risarcimento danni da parte del conducente nei confronti di Smart Parking sono escluse, a meno che il conducente non sia responsabile della violazione. Questa esclusione di responsabilit\u00e0 non si applica se il conducente ha subito lesioni personali o se Smart Parking ha causato questo danno per grave negligenza o dolo.<\/p>\n\n\n\n<p><strong>VARIE<\/strong> <\/p>\n\n\n\n<ol start=\"9\" class=\"wp-block-list\">\n<li>Le suddette condizioni si applicano indipendentemente dal fatto che la responsabilit\u00e0 di Smart Parking sia basata sul contratto o su un&#8217;altra base giuridica.<\/li>\n\n\n\n<li>Qualora una qualsiasi disposizione dei presenti termini e condizioni sia o diventi non valida o inapplicabile, ci\u00f2 non pregiudicher\u00e0 la validit\u00e0 o l&#8217;applicabilit\u00e0 delle restanti disposizioni dei presenti termini e condizioni. Si applicano inoltre le disposizioni di legge che pi\u00f9 si avvicinano all&#8217;intenzione riconoscibile delle parti dal punto di vista economico. Lo stesso vale per eventuali lacune in queste disposizioni.<\/li>\n\n\n\n<li>Se l&#8217;utente del parcheggio \u00e8 un imprenditore, si concorda che il foro competente per tutte le controversie legali derivanti da o in relazione ai presenti termini e condizioni o alla loro esistenza sia D\u00fcsseldorf, a condizione che la legge non preveda un altro foro competente.<\/li>\n\n\n\n<li>Le presenti Condizioni generali possono essere consultate anche sul nostro sito web in <a href=\"https:\/\/www.smartparking.com\/de\/terms-and-conditions-eng\">inglese<\/a>, <a href=\"https:\/\/www.smartparking.com\/de\/conditions-generales-francais\">francese<\/a>, <a href=\"https:\/\/www.smartparking.com\/de\/terminos-y-condiciones-espanola\">spagnolo<\/a>, <a href=\"https:\/\/www.smartparking.com\/de\/allgemeine-geschaeftsbedingungen-deutsch\">tedesco<\/a> e <a href=\"https:\/\/www.smartparking.com\/de\/sartlar-ve-kosullar-tuerkiye\">turco<\/a>. Tuttavia, ci\u00f2 ha il solo scopo di migliorare la comprensione; in caso di errori di traduzione, prevarr\u00e0 esclusivamente la versione tedesca delle presenti Condizioni Generali.\u00a0<\/li>\n<\/ol>\n","protected":false},"excerpt":{"rendered":"","protected":false},"author":2,"featured_media":0,"parent":0,"menu_order":0,"comment_status":"closed","ping_status":"closed","template":"template-pages\/policy.php","meta":{"_acf_changed":false,"footnotes":""},"class_list":["post-12297","page","type-page","status-publish","hentry"],"acf":[],"yoast_head":"<!-- This site is optimized with the Yoast SEO plugin v26.9 - https:\/\/yoast.com\/product\/yoast-seo-wordpress\/ -->\n<title>Termini e condizioni | Smart Parking<\/title>\n<meta name=\"robots\" content=\"index, follow, max-snippet:-1, max-image-preview:large, max-video-preview:-1\" \/>\n<link rel=\"canonical\" href=\"https:\/\/www.smartparking.com\/de\/termini-e-condizioni-italiano\/\" \/>\n<meta property=\"og:locale\" content=\"de_DE\" \/>\n<meta property=\"og:type\" content=\"article\" \/>\n<meta property=\"og:title\" content=\"Termini e condizioni | Smart Parking\" \/>\n<meta property=\"og:url\" content=\"https:\/\/www.smartparking.com\/de\/termini-e-condizioni-italiano\/\" \/>\n<meta property=\"og:site_name\" content=\"Smart Parking\" \/>\n<meta property=\"article:modified_time\" content=\"2025-12-01T11:20:10+00:00\" \/>\n<meta property=\"og:image\" content=\"https:\/\/www.smartparking.com\/wp-content\/uploads\/2025\/03\/home-large-hex-1.jpg\" \/>\n\t<meta property=\"og:image:width\" content=\"1000\" \/>\n\t<meta property=\"og:image:height\" content=\"563\" \/>\n\t<meta property=\"og:image:type\" content=\"image\/jpeg\" \/>\n<meta name=\"twitter:card\" content=\"summary_large_image\" \/>\n<meta name=\"twitter:label1\" content=\"Gesch\u00e4tzte Lesezeit\" \/>\n\t<meta name=\"twitter:data1\" content=\"7\u00a0Minuten\" \/>\n<script type=\"application\/ld+json\" class=\"yoast-schema-graph\">{\"@context\":\"https:\/\/schema.org\",\"@graph\":[{\"@type\":\"WebPage\",\"@id\":\"https:\/\/www.smartparking.com\/de\/termini-e-condizioni-italiano\/\",\"url\":\"https:\/\/www.smartparking.com\/de\/termini-e-condizioni-italiano\/\",\"name\":\"Termini e condizioni | Smart Parking\",\"isPartOf\":{\"@id\":\"https:\/\/www.smartparking.com\/de\/#website\"},\"datePublished\":\"2025-07-25T12:18:11+00:00\",\"dateModified\":\"2025-12-01T11:20:10+00:00\",\"breadcrumb\":{\"@id\":\"https:\/\/www.smartparking.com\/de\/termini-e-condizioni-italiano\/#breadcrumb\"},\"inLanguage\":\"de\",\"potentialAction\":[{\"@type\":\"ReadAction\",\"target\":[\"https:\/\/www.smartparking.com\/de\/termini-e-condizioni-italiano\/\"]}]},{\"@type\":\"BreadcrumbList\",\"@id\":\"https:\/\/www.smartparking.com\/de\/termini-e-condizioni-italiano\/#breadcrumb\",\"itemListElement\":[{\"@type\":\"ListItem\",\"position\":1,\"name\":\"Home\",\"item\":\"https:\/\/www.smartparking.com\/de\/\"},{\"@type\":\"ListItem\",\"position\":2,\"name\":\"Termini e condizioni\"}]},{\"@type\":\"WebSite\",\"@id\":\"https:\/\/www.smartparking.com\/de\/#website\",\"url\":\"https:\/\/www.smartparking.com\/de\/\",\"name\":\"Smart Parking\",\"description\":\"\",\"publisher\":{\"@id\":\"https:\/\/www.smartparking.com\/de\/#organization\"},\"potentialAction\":[{\"@type\":\"SearchAction\",\"target\":{\"@type\":\"EntryPoint\",\"urlTemplate\":\"https:\/\/www.smartparking.com\/de\/?s={search_term_string}\"},\"query-input\":{\"@type\":\"PropertyValueSpecification\",\"valueRequired\":true,\"valueName\":\"search_term_string\"}}],\"inLanguage\":\"de\"},{\"@type\":\"Organization\",\"@id\":\"https:\/\/www.smartparking.com\/de\/#organization\",\"name\":\"Smart Parking\",\"url\":\"https:\/\/www.smartparking.com\/de\/\",\"logo\":{\"@type\":\"ImageObject\",\"inLanguage\":\"de\",\"@id\":\"https:\/\/www.smartparking.com\/de\/#\/schema\/logo\/image\/\",\"url\":\"https:\/\/www.smartparking.com\/wp-content\/uploads\/2025\/06\/smart-parking-logo-icon.svg\",\"contentUrl\":\"https:\/\/www.smartparking.com\/wp-content\/uploads\/2025\/06\/smart-parking-logo-icon.svg\",\"width\":1,\"height\":1,\"caption\":\"Smart Parking\"},\"image\":{\"@id\":\"https:\/\/www.smartparking.com\/de\/#\/schema\/logo\/image\/\"},\"sameAs\":[\"https:\/\/www.linkedin.com\/company\/smart-parking-limited\/\"]}]}<\/script>\n<!-- \/ Yoast SEO plugin. -->","yoast_head_json":{"title":"Termini e condizioni | Smart Parking","robots":{"index":"index","follow":"follow","max-snippet":"max-snippet:-1","max-image-preview":"max-image-preview:large","max-video-preview":"max-video-preview:-1"},"canonical":"https:\/\/www.smartparking.com\/de\/termini-e-condizioni-italiano\/","og_locale":"de_DE","og_type":"article","og_title":"Termini e condizioni | Smart Parking","og_url":"https:\/\/www.smartparking.com\/de\/termini-e-condizioni-italiano\/","og_site_name":"Smart Parking","article_modified_time":"2025-12-01T11:20:10+00:00","og_image":[{"width":1000,"height":563,"url":"https:\/\/www.smartparking.com\/wp-content\/uploads\/2025\/03\/home-large-hex-1.jpg","type":"image\/jpeg"}],"twitter_card":"summary_large_image","twitter_misc":{"Gesch\u00e4tzte Lesezeit":"7\u00a0Minuten"},"schema":{"@context":"https:\/\/schema.org","@graph":[{"@type":"WebPage","@id":"https:\/\/www.smartparking.com\/de\/termini-e-condizioni-italiano\/","url":"https:\/\/www.smartparking.com\/de\/termini-e-condizioni-italiano\/","name":"Termini e condizioni | Smart Parking","isPartOf":{"@id":"https:\/\/www.smartparking.com\/de\/#website"},"datePublished":"2025-07-25T12:18:11+00:00","dateModified":"2025-12-01T11:20:10+00:00","breadcrumb":{"@id":"https:\/\/www.smartparking.com\/de\/termini-e-condizioni-italiano\/#breadcrumb"},"inLanguage":"de","potentialAction":[{"@type":"ReadAction","target":["https:\/\/www.smartparking.com\/de\/termini-e-condizioni-italiano\/"]}]},{"@type":"BreadcrumbList","@id":"https:\/\/www.smartparking.com\/de\/termini-e-condizioni-italiano\/#breadcrumb","itemListElement":[{"@type":"ListItem","position":1,"name":"Home","item":"https:\/\/www.smartparking.com\/de\/"},{"@type":"ListItem","position":2,"name":"Termini e condizioni"}]},{"@type":"WebSite","@id":"https:\/\/www.smartparking.com\/de\/#website","url":"https:\/\/www.smartparking.com\/de\/","name":"Smart Parking","description":"","publisher":{"@id":"https:\/\/www.smartparking.com\/de\/#organization"},"potentialAction":[{"@type":"SearchAction","target":{"@type":"EntryPoint","urlTemplate":"https:\/\/www.smartparking.com\/de\/?s={search_term_string}"},"query-input":{"@type":"PropertyValueSpecification","valueRequired":true,"valueName":"search_term_string"}}],"inLanguage":"de"},{"@type":"Organization","@id":"https:\/\/www.smartparking.com\/de\/#organization","name":"Smart Parking","url":"https:\/\/www.smartparking.com\/de\/","logo":{"@type":"ImageObject","inLanguage":"de","@id":"https:\/\/www.smartparking.com\/de\/#\/schema\/logo\/image\/","url":"https:\/\/www.smartparking.com\/wp-content\/uploads\/2025\/06\/smart-parking-logo-icon.svg","contentUrl":"https:\/\/www.smartparking.com\/wp-content\/uploads\/2025\/06\/smart-parking-logo-icon.svg","width":1,"height":1,"caption":"Smart Parking"},"image":{"@id":"https:\/\/www.smartparking.com\/de\/#\/schema\/logo\/image\/"},"sameAs":["https:\/\/www.linkedin.com\/company\/smart-parking-limited\/"]}]}},"_links":{"self":[{"href":"https:\/\/www.smartparking.com\/de\/wp-json\/wp\/v2\/pages\/12297","targetHints":{"allow":["GET"]}}],"collection":[{"href":"https:\/\/www.smartparking.com\/de\/wp-json\/wp\/v2\/pages"}],"about":[{"href":"https:\/\/www.smartparking.com\/de\/wp-json\/wp\/v2\/types\/page"}],"author":[{"embeddable":true,"href":"https:\/\/www.smartparking.com\/de\/wp-json\/wp\/v2\/users\/2"}],"replies":[{"embeddable":true,"href":"https:\/\/www.smartparking.com\/de\/wp-json\/wp\/v2\/comments?post=12297"}],"version-history":[{"count":3,"href":"https:\/\/www.smartparking.com\/de\/wp-json\/wp\/v2\/pages\/12297\/revisions"}],"predecessor-version":[{"id":14005,"href":"https:\/\/www.smartparking.com\/de\/wp-json\/wp\/v2\/pages\/12297\/revisions\/14005"}],"wp:attachment":[{"href":"https:\/\/www.smartparking.com\/de\/wp-json\/wp\/v2\/media?parent=12297"}],"curies":[{"name":"wp","href":"https:\/\/api.w.org\/{rel}","templated":true}]}}