{"id":12299,"date":"2025-07-25T12:21:13","date_gmt":"2025-07-25T12:21:13","guid":{"rendered":"https:\/\/www.smartparking.com\/?page_id=12299"},"modified":"2025-12-01T11:19:27","modified_gmt":"2025-12-01T11:19:27","slug":"conditions-generales-francais","status":"publish","type":"page","link":"https:\/\/www.smartparking.com\/de\/conditions-generales-francais\/","title":{"rendered":"Conditions generales"},"content":{"rendered":"\n<p><strong>L&#8217;utilisation de l&#8217;emplacement de stationnement entra\u00eene la conclusion d&#8217;un contrat entre le conducteur et Smart Parking Germany GmbH (ci-apr\u00e8s \u00ab Smart Parking \u00bb) aux conditions g\u00e9n\u00e9rales de vente suivantes :<\/strong><\/p>\n\n\n\n<ol class=\"wp-block-list\">\n<li>L&#8217;utilisation de l&#8217;emplacement de stationnement se limite \u00e0 garer des v\u00e9hicules assur\u00e9s, munis d&#8217;une plaque min\u00e9ralogique officielle (art. 9 du R\u00e8glement allemand sur l&#8217;immatriculation des v\u00e9hicules FZV) et d&#8217;une vignette officielle du contr\u00f4le technique (par ex. T\u00dcV). La surface de stationnement est destin\u00e9e au parcage temporaire de v\u00e9hicules.<\/li>\n<\/ol>\n\n\n\n<ol start=\"2\" class=\"wp-block-list\">\n<li>L&#8217;objet du pr\u00e9sent contrat ne consiste ni en la surveillance, ni en la garde des v\u00e9hicules gar\u00e9s ou en l&#8217;octroi d&#8217;autres obligations de surveillance. Le pr\u00e9sent contrat ne conc\u00e8de \u00e9galement aucun droit \u00e0 disposer d&#8217;une place de parking sur l&#8217;emplacement de stationnement par Smart Parking.<\/li>\n<\/ol>\n\n\n\n<ol start=\"3\" class=\"wp-block-list\">\n<li>Le contrat d\u00e9bute avec l&#8217;arriv\u00e9e sur l&#8217;emplacement de stationnement et prend fin au moment de la sortie.&nbsp;Le contr\u00f4le du respect des pr\u00e9sentes conditions g\u00e9n\u00e9rales de vente est assur\u00e9 par le syst\u00e8me de reconnaissance automatique d&#8217;entr\u00e9e\/de sortie et\/ou manuellement par les personnes autoris\u00e9es sur l&#8217;enceinte. Concernant les d\u00e9tails sur la reconnaissance des plaques d&#8217;immatriculation en vue de d\u00e9terminer la dur\u00e9e d&#8217;utilisation et de d\u00e9terminer le propri\u00e9taire, il convient de se r\u00e9f\u00e9rer \u00e0 la d\u00e9claration de protection des donn\u00e9es s\u00e9par\u00e9e. La reconnaissance des plaques d&#8217;immatriculation n&#8217;entra\u00eene aucune obligation suppl\u00e9mentaire dans la relation contractuelle. D\u00e8s lors que la signalisation le mentionne, un disque de stationnement ajust\u00e9 sur l&#8217;heure d&#8217;arriv\u00e9e r\u00e9elle et\/ou une autorisation de stationnement valable, par ex. une carte d&#8217;invalidit\u00e9 ou un macaron de membres ou une carte de membre, est indispensable dans le v\u00e9hicule \u00e0 un endroit bien visible depuis l&#8217;ext\u00e9rieur, par ex. sur le tableau de bord.<\/li>\n<\/ol>\n\n\n\n<ol start=\"4\" class=\"wp-block-list\">\n<li>Les r\u00e8gles du code de la route allemand (Stra\u00dfenverkehrsordnung &#8211; StVO) s&#8217;appliquent sauf dispositions contraires du pr\u00e9sent contrat. La gestion de la circulation automatis\u00e9e en place ainsi que les panneaux de circulation affich\u00e9s doivent \u00e9galement \u00eatre respect\u00e9s. Les consignes du personnel de Smart Parking se trouvant sur place doivent \u00eatre suivies.<\/li>\n<\/ol>\n\n\n\n<ol start=\"5\" class=\"wp-block-list\">\n<li><strong>OBLIGATIONS DU CONDUCTEUR<\/strong>&nbsp;<\/li>\n<\/ol>\n\n\n\n<p>Le conducteur s&#8217;engage :&nbsp;<\/p>\n\n\n\n<ol style=\"list-style-type:upper-roman\" class=\"wp-block-list\">\n<li>d\u00e8s lors que la signalisation le demande, \u00e0 placer un disque de stationnement bien visible depuis l&#8217;ext\u00e9rieur derri\u00e8re le pare-brise du v\u00e9hicule et \u00e0 indiquer l&#8217;heure d&#8217;arriv\u00e9e r\u00e9elle sur le disque de stationnement,<\/li>\n\n\n\n<li>\u200cd\u00e8s lors que la signalisation le demande, \u00e0 placer une preuve d&#8217;autorisation de stationner valide bien visible depuis l&#8217;ext\u00e9rieur derri\u00e8re le pare-brise du v\u00e9hicule,<\/li>\n\n\n\n<li>\u00e0 ne pas d\u00e9passer la dur\u00e9e de stationnement maximale autoris\u00e9e indiqu\u00e9e par la signalisation de l&#8217;emplacement de stationnement, y compris la dur\u00e9e de stationnement suppl\u00e9mentaire qu&#8217;il aurait acquise,<\/li>\n\n\n\n<li>\u00e0 stationner le v\u00e9hicule uniquement durant les horaires d&#8217;ouverture de stationnement indiqu\u00e9es,<\/li>\n\n\n\n<li>\u00e0 stationner le v\u00e9hicule uniquement sur les emplacements indiqu\u00e9s \u00e0 cet effet, \u00e0 ne pas stationner sur les voies d&#8217;acc\u00e8s aux pompiers et voies de passages&nbsp;; dans le cas o\u00f9 aucun marquage de stationnement n&#8217;est indiqu\u00e9, \u00e0 stationner le v\u00e9hicule de mani\u00e8re \u00e0 ne pas g\u00eaner ou mettre en danger les autres usagers.<\/li>\n\n\n\n<li>\u00e0 ne pas stationner le v\u00e9hicule sur un emplacement r\u00e9serv\u00e9 aux employ\u00e9s ou \u00e0 d&#8217;autres personnes autoris\u00e9es sans \u00eatre soi-m\u00eame autoris\u00e9 \u00e0 y stationner.<\/li>\n\n\n\n<li>\u00e0 ne pas stationner le v\u00e9hicule sur un emplacement \u00ab r\u00e9serv\u00e9 aux femmes \u00bb sans \u00eatre soi-m\u00eame autoris\u00e9 \u00e0 y stationner.<\/li>\n\n\n\n<li>l&#8217;emplacement de stationnement ne doit pas \u00eatre utilis\u00e9 \u00e0 d&#8217;autres fins, notamment pour des travers\u00e9es pures, en tant que passage ou raccourcis, \u00e0 la r\u00e9paration de v\u00e9hicules ou \u00e0 d&#8217;autres mesures ou comportements qui ne servent pas l&#8217;objectif pr\u00e9vu de la surface.&nbsp;<\/li>\n<\/ol>\n\n\n\n<ol start=\"6\" class=\"wp-block-list\">\n<li><strong>P\u00c9NALIT\u00c9S CONTRACTUELLES<\/strong><\/li>\n<\/ol>\n\n\n\n<ol style=\"list-style-type:upper-roman\" class=\"wp-block-list\">\n<li>Le conducteur est tenu de verser une p\u00e9nalit\u00e9 \u00e0 Smart Parking dans le cas o\u00f9, contrairement au point 5. I., le disque de stationnement r\u00e9gl\u00e9 sur l&#8217;heure d&#8217;arriv\u00e9e r\u00e9elle derri\u00e8re le pare-brise du v\u00e9hicule n&#8217;est pas suffisamment visible de l&#8217;ext\u00e9rieur&nbsp;; cela ne s&#8217;applique que si la signalisation pr\u00e9sente sur l&#8217;enceinte du parking exige la pr\u00e9sentation d&#8217;un disque de stationnement.<\/li>\n\n\n\n<li>Le conducteur est tenu de verser une p\u00e9nalit\u00e9 \u00e0 Smart Parking, dans le cas o\u00f9, contrairement au point 5.II., la preuve d&#8217;autorisation de stationner pos\u00e9e derri\u00e8re le pare-brise du v\u00e9hicule n&#8217;est pas suffisamment visible de l&#8217;ext\u00e9rieur&nbsp;; cela ne s&#8217;applique que si la signalisation pr\u00e9sente sur l&#8217;enceinte du parking exige la pr\u00e9sentation d&#8217;une preuve d&#8217;autorisation de stationnement.<\/li>\n\n\n\n<li>Le conducteur est tenu de verser une p\u00e9nalit\u00e9 \u00e0 Smart Parking dans le cas o\u00f9, contrairement au point 5.III., la dur\u00e9e de stationnement maximale autoris\u00e9e sur l&#8217;enceinte du parking, y compris la dur\u00e9e de stationnement suppl\u00e9mentaire qu&#8217;il aurait acquise, est d\u00e9pass\u00e9e.<\/li>\n\n\n\n<li>\u200cLe conducteur est tenu de verser une p\u00e9nalit\u00e9 \u00e0 Smart Parking dans le cas o\u00f9, contrairement au point 5.IV., son v\u00e9hicule stationne en dehors des heures d&#8217;ouverture indiqu\u00e9es sur l&#8217;espace de stationnement, \u00e0 moins qu&#8217;il y soit autoris\u00e9 par d&#8217;autres dispositions.<\/li>\n\n\n\n<li>\u200cLe conducteur est tenu de verser une p\u00e9nalit\u00e9 \u00e0 Smart Parking dans le cas o\u00f9, contrairement au point 5.V., son v\u00e9hicule stationne en dehors des surfaces indiqu\u00e9es \u00e0 cet effet.<\/li>\n\n\n\n<li>\u200cLe conducteur est tenu de verser une p\u00e9nalit\u00e9 \u00e0 Smart Parking dans le cas o\u00f9, contrairement au point 5.V., en cas d&#8217;absence de marquage visible sur le parking, son v\u00e9hicule stationne de sorte qu&#8217;il g\u00eane et\/ou met en danger d&#8217;autres usagers.<\/li>\n\n\n\n<li>\u200cLe conducteur est tenu de verser une p\u00e9nalit\u00e9 \u00e0 Smart Parking dans le cas o\u00f9, contrairement au point 5.VI., le v\u00e9hicule stationne sur un emplacement r\u00e9serv\u00e9 aux employ\u00e9s ou \u00e0 d&#8217;autres personnes autoris\u00e9es sans \u00eatre soi-m\u00eame autoris\u00e9 \u00e0 y stationner.<\/li>\n\n\n\n<li>\u200cLe conducteur est tenu de verser une p\u00e9nalit\u00e9 \u00e0 Smart Parking dans le cas o\u00f9, contrairement au point 5.VII., le v\u00e9hicule stationne sur un \u00ab&nbsp;emplacement r\u00e9serv\u00e9 aux femmes&nbsp;\u00bb sans \u00eatre soi-m\u00eame autoris\u00e9 \u00e0 y stationner.<\/li>\n\n\n\n<li>\u200c\u200cLe conducteur est tenu de verser une p\u00e9nalit\u00e9 \u00e0 Smart Parking dans le cas o\u00f9, contrairement au point 5.VIII, \u200cl&#8217;emplacement de stationnement est uniquement utilis\u00e9, notamment pour \u200c\u200c\u200cdes travers\u00e9es pures, en tant que passage ou raccourcis, la r\u00e9paration de v\u00e9hicules \u200c\u200c\u200cou \u00e0 d&#8217;autres fins de circulation ou de transport qui ne servent pas \u00e0 l&#8217;usage pr\u00e9vu de la surface.\u200c<\/li>\n\n\n\n<li>Le stationnement du v\u00e9hicule durant la nuit sans autorisation correspondante entra\u00eene l&#8217;application d&#8217;une infraction de stationnement pour chaque jour suivant le premier jour d&#8217;infraction, jusqu&#8217;\u00e0 la fin de l&#8217;infraction.<\/li>\n\n\n\n<li>Le montant de la p\u00e9nalit\u00e9 passable d&#8217;\u00eatre pr\u00e9lev\u00e9 figure sur le panneau \u00ab&nbsp;p\u00e9nalit\u00e9 contractuelle&nbsp;\u00bb.<\/li>\n\n\n\n<li>D\u00e8s lors qu&#8217;une infraction de stationnement dure plus d&#8217;un jour calendaire, l&#8217;infraction de stationnement se prolonge pour chaque nouveau jour calendaire. L&#8217;usager est en cons\u00e9quence tenu de verser la p\u00e9nalit\u00e9 associ\u00e9e \u00e0 l&#8217;infraction de stationnement pour chaque nouveau jour calendaire \u00e9coul\u00e9. Cette disposition s&#8217;applique dans la limite d&#8217;un montant dix fois sup\u00e9rieur au montant de la p\u00e9nalit\u00e9.<\/li>\n\n\n\n<li>Pour les v\u00e9hicules immatricul\u00e9s avec une plaque min\u00e9ralogique \u00e9trang\u00e8re, des frais suppl\u00e9mentaires sont imput\u00e9s du fait de la difficult\u00e9 \u00e0 \u00e9tablir l&#8217;identit\u00e9 et \u00e0 recouvrer les frais. Les frais ne peuvent d\u00e9passer le montant total de la p\u00e9nalit\u00e9 contractuelle.<\/li>\n\n\n\n<li>La p\u00e9nalit\u00e9 contractuelle respective ne s&#8217;applique pas si le conducteur n&#8217;a pas commis l&#8217;infraction.<\/li>\n\n\n\n<li>La d\u00e9cision appartient \u00e0 Smart Parking dans le cas d&#8217;une infraction envers une ou plusieurs obligations conform\u00e9ment au point 5 des pr\u00e9sentes conditions g\u00e9n\u00e9rales de vente, de mener une recherche du propri\u00e9taire par un prestataire de services et de facturer \u00e0 cet effet 8 euros suppl\u00e9mentaires pour les frais de traitement.<\/li>\n\n\n\n<li>La d\u00e9cision appartient en outre \u00e0 Smart Parking de faire enlever le v\u00e9hicule de l&#8217;enceinte du parking aux frais et aux risques de l&#8217;usager notamment en cas d&#8217;infraction de stationnement. Cette disposition s&#8217;applique \u00e9galement en cas de parcage d&#8217;un v\u00e9hicule d\u00e9pourvu de plaque d&#8217;immatriculation reconnaissable ou dont le syst\u00e8me d&#8217;alimentation en carburant n&#8217;est pas \u00e9tanche ou pr\u00e9sentant d&#8217;autres d\u00e9fauts pouvant mettre en danger le fonctionnement de la surface de stationnement. Cette disposition s&#8217;applique \u00e9galement si le v\u00e9hicule stationne en enfreignant les conditions d&#8217;utilisation, de mani\u00e8re illicite, g\u00eanante ou sur des emplacements marqu\u00e9s comme r\u00e9serv\u00e9s, notamment s&#8217;il ne justifie d&#8217;aucun droit \u00e0 ce stationnement. L&#8217;entreprise n&#8217;est cependant ici aucunement oblig\u00e9e de recourir \u00e0 une mise en fourri\u00e8re. L&#8217;usager reste en tout \u00e9tat de cause responsable des dangers \u00e9manant de son v\u00e9hicule.<\/li>\n<\/ol>\n\n\n\n<ol start=\"7\" class=\"wp-block-list\">\n<li><strong>RESPONSABILIT\u00c9<\/strong><\/li>\n<\/ol>\n\n\n\n<p>Durant la dur\u00e9e du pr\u00e9sent contrat, la responsabilit\u00e9 de Smart Parking est engag\u00e9e uniquement pour les dommages dont il a \u00e9t\u00e9 av\u00e9r\u00e9 qu&#8217;ils ont \u00e9t\u00e9 commis par manquement \u00e0 une obligation de la part des employ\u00e9s ou personnes mandat\u00e9es par l&#8217;entreprise. La responsabilit\u00e9 de Smart Parking n&#8217;est par cons\u00e9quent nullement engag\u00e9e pour les dommages d\u00e9coulant uniquement de ph\u00e9nom\u00e8nes naturels, d&#8217;autres conducteurs ou de tiers et notamment \u00e0 la suite d&#8217;un vol ou de la d\u00e9t\u00e9rioration d&#8217;un v\u00e9hicule. Sauf dispositions contraires, la responsabilit\u00e9 de Smart Parking est engag\u00e9e en cas de manquement \u00e0 une obligation uniquement en cas de dol ou de n\u00e9gligence caract\u00e9ris\u00e9e. En cas de n\u00e9gligence simple, la responsabilit\u00e9 de Smart Parking est engag\u00e9e uniquement pour les dommages li\u00e9s \u00e0 une atteinte \u00e0 la vie, au corps ou \u00e0 la sant\u00e9 (dommages corporels) ou en cas de violation d&#8217;obligations contractuelles essentielles dont l&#8217;ex\u00e9cution est indispensable \u00e0 la bonne ex\u00e9cution du contrat et pour l&#8217;ex\u00e9cution desquelles le conducteur accorde et peut accorder sa confiance.<\/p>\n\n\n\n<ol start=\"8\" class=\"wp-block-list\">\n<li><strong>D\u00c9CLARATION DE DOMMAGES<\/strong>&nbsp;<\/li>\n<\/ol>\n\n\n\n<p>Le conducteur est tenu de signaler \u00e0 Smart Parking par \u00e9crit ou par courriel les dommages manifestes dans un d\u00e9lai de 14 jours. L&#8217;infraction d&#8217;obligation de d\u00e9claration susmentionn\u00e9e par le conducteur entra\u00eene l&#8217;exclusion de tout droit \u00e0 l&#8217;indemnisation de la part de Smart Parking, \u00e0 moins que le conducteur n&#8217;ait pas commis d&#8217;infraction. L&#8217;exclusion de responsabilit\u00e9 ne s&#8217;applique pas en cas de dommage corporel commis par le conducteur ou si Smart Parking a caus\u00e9 ces dommages par n\u00e9gligence grave ou intentionnelle.<\/p>\n\n\n\n<p><strong>AUTRES<\/strong> <\/p>\n\n\n\n<ol start=\"9\" class=\"wp-block-list\">\n<li>Les conditions susmentionn\u00e9es s&#8217;appliquent ind\u00e9pendamment de savoir si la responsabilit\u00e9 de Smart Parking est engag\u00e9e sur le pr\u00e9sent contrat ou sur un autre fondement juridique.<\/li>\n\n\n\n<li>La non-validit\u00e9 ou l&#8217;impossibilit\u00e9 d&#8217;ex\u00e9cuter une disposition des pr\u00e9sentes conditions n&#8217;a aucun effet sur la validit\u00e9 ou la mise en \u0153uvre des dispositions restantes des pr\u00e9sentes conditions. Les dispositions l\u00e9gales qui s&#8217;appliquent en compl\u00e9ment sont celles qui ressemblent \u00e0 la volont\u00e9 reconnaissable des parties d&#8217;un point de vue \u00e9conomique. La m\u00eame disposition s&#8217;applique aux \u00e9ventuelles failles de ces dispositions.<\/li>\n\n\n\n<li>D\u00e8s lors que l&#8217;usager de l&#8217;emplacement de stationnement est une entreprise, le tribunal d\u00e9sign\u00e9 pour tous les contentieux li\u00e9s ou en rapport avec les pr\u00e9sentes conditions ou leur existence est le tribunal de D\u00fcsseldorf, pourvu que les dispositions l\u00e9gales ne pr\u00e9voient aucun autre tribunal de mani\u00e8re contraignante.<\/li>\n\n\n\n<li>Les pr\u00e9sentes conditions g\u00e9n\u00e9rales de vente sont disponibles pour consultation sur le site web en <a href=\"https:\/\/www.smartparking.com\/de\/allgemeine-geschaeftsbedingungen-deutsch\">allemand<\/a>, <a href=\"\/de\/terms-and-conditions-eng\">anglais<\/a>, <a href=\"https:\/\/www.smartparking.com\/de\/termini-e-condizioni-italiano\">italien<\/a>, <a href=\"https:\/\/www.smartparking.com\/de\/terminos-y-condiciones-espanola\">espagnol<\/a> et <a href=\"https:\/\/www.smartparking.com\/de\/sartlar-ve-kosullar-tuerkiye\">turc<\/a>. Cela n&#8217;a toutefois pour seul but que de faciliter la compr\u00e9hension, notamment en cas d&#8217;\u00e9ventuelles contradictions seule la version allemande des pr\u00e9sentes conditions g\u00e9n\u00e9rales fait foi.<\/li>\n<\/ol>\n","protected":false},"excerpt":{"rendered":"","protected":false},"author":2,"featured_media":0,"parent":0,"menu_order":0,"comment_status":"closed","ping_status":"closed","template":"template-pages\/policy.php","meta":{"_acf_changed":false,"footnotes":""},"class_list":["post-12299","page","type-page","status-publish","hentry"],"acf":[],"yoast_head":"<!-- This site is optimized with the Yoast SEO plugin v26.9 - https:\/\/yoast.com\/product\/yoast-seo-wordpress\/ -->\n<title>Conditions generales | Smart Parking<\/title>\n<meta name=\"robots\" content=\"index, follow, max-snippet:-1, max-image-preview:large, max-video-preview:-1\" \/>\n<link rel=\"canonical\" href=\"https:\/\/www.smartparking.com\/de\/conditions-generales-francais\/\" \/>\n<meta property=\"og:locale\" content=\"de_DE\" \/>\n<meta property=\"og:type\" content=\"article\" \/>\n<meta property=\"og:title\" content=\"Conditions generales | Smart Parking\" \/>\n<meta property=\"og:url\" content=\"https:\/\/www.smartparking.com\/de\/conditions-generales-francais\/\" \/>\n<meta property=\"og:site_name\" content=\"Smart Parking\" \/>\n<meta property=\"article:modified_time\" content=\"2025-12-01T11:19:27+00:00\" \/>\n<meta property=\"og:image\" content=\"https:\/\/www.smartparking.com\/wp-content\/uploads\/2025\/03\/home-large-hex-1.jpg\" \/>\n\t<meta property=\"og:image:width\" content=\"1000\" \/>\n\t<meta property=\"og:image:height\" content=\"563\" \/>\n\t<meta property=\"og:image:type\" content=\"image\/jpeg\" \/>\n<meta name=\"twitter:card\" content=\"summary_large_image\" \/>\n<meta name=\"twitter:label1\" content=\"Gesch\u00e4tzte Lesezeit\" \/>\n\t<meta name=\"twitter:data1\" content=\"8\u00a0Minuten\" \/>\n<script type=\"application\/ld+json\" class=\"yoast-schema-graph\">{\"@context\":\"https:\/\/schema.org\",\"@graph\":[{\"@type\":\"WebPage\",\"@id\":\"https:\/\/www.smartparking.com\/de\/conditions-generales-francais\/\",\"url\":\"https:\/\/www.smartparking.com\/de\/conditions-generales-francais\/\",\"name\":\"Conditions generales | Smart Parking\",\"isPartOf\":{\"@id\":\"https:\/\/www.smartparking.com\/de\/#website\"},\"datePublished\":\"2025-07-25T12:21:13+00:00\",\"dateModified\":\"2025-12-01T11:19:27+00:00\",\"breadcrumb\":{\"@id\":\"https:\/\/www.smartparking.com\/de\/conditions-generales-francais\/#breadcrumb\"},\"inLanguage\":\"de\",\"potentialAction\":[{\"@type\":\"ReadAction\",\"target\":[\"https:\/\/www.smartparking.com\/de\/conditions-generales-francais\/\"]}]},{\"@type\":\"BreadcrumbList\",\"@id\":\"https:\/\/www.smartparking.com\/de\/conditions-generales-francais\/#breadcrumb\",\"itemListElement\":[{\"@type\":\"ListItem\",\"position\":1,\"name\":\"Home\",\"item\":\"https:\/\/www.smartparking.com\/de\/\"},{\"@type\":\"ListItem\",\"position\":2,\"name\":\"Conditions generales\"}]},{\"@type\":\"WebSite\",\"@id\":\"https:\/\/www.smartparking.com\/de\/#website\",\"url\":\"https:\/\/www.smartparking.com\/de\/\",\"name\":\"Smart Parking\",\"description\":\"\",\"publisher\":{\"@id\":\"https:\/\/www.smartparking.com\/de\/#organization\"},\"potentialAction\":[{\"@type\":\"SearchAction\",\"target\":{\"@type\":\"EntryPoint\",\"urlTemplate\":\"https:\/\/www.smartparking.com\/de\/?s={search_term_string}\"},\"query-input\":{\"@type\":\"PropertyValueSpecification\",\"valueRequired\":true,\"valueName\":\"search_term_string\"}}],\"inLanguage\":\"de\"},{\"@type\":\"Organization\",\"@id\":\"https:\/\/www.smartparking.com\/de\/#organization\",\"name\":\"Smart Parking\",\"url\":\"https:\/\/www.smartparking.com\/de\/\",\"logo\":{\"@type\":\"ImageObject\",\"inLanguage\":\"de\",\"@id\":\"https:\/\/www.smartparking.com\/de\/#\/schema\/logo\/image\/\",\"url\":\"https:\/\/www.smartparking.com\/wp-content\/uploads\/2025\/06\/smart-parking-logo-icon.svg\",\"contentUrl\":\"https:\/\/www.smartparking.com\/wp-content\/uploads\/2025\/06\/smart-parking-logo-icon.svg\",\"width\":1,\"height\":1,\"caption\":\"Smart Parking\"},\"image\":{\"@id\":\"https:\/\/www.smartparking.com\/de\/#\/schema\/logo\/image\/\"},\"sameAs\":[\"https:\/\/www.linkedin.com\/company\/smart-parking-limited\/\"]}]}<\/script>\n<!-- \/ Yoast SEO plugin. -->","yoast_head_json":{"title":"Conditions generales | Smart Parking","robots":{"index":"index","follow":"follow","max-snippet":"max-snippet:-1","max-image-preview":"max-image-preview:large","max-video-preview":"max-video-preview:-1"},"canonical":"https:\/\/www.smartparking.com\/de\/conditions-generales-francais\/","og_locale":"de_DE","og_type":"article","og_title":"Conditions generales | Smart Parking","og_url":"https:\/\/www.smartparking.com\/de\/conditions-generales-francais\/","og_site_name":"Smart Parking","article_modified_time":"2025-12-01T11:19:27+00:00","og_image":[{"width":1000,"height":563,"url":"https:\/\/www.smartparking.com\/wp-content\/uploads\/2025\/03\/home-large-hex-1.jpg","type":"image\/jpeg"}],"twitter_card":"summary_large_image","twitter_misc":{"Gesch\u00e4tzte Lesezeit":"8\u00a0Minuten"},"schema":{"@context":"https:\/\/schema.org","@graph":[{"@type":"WebPage","@id":"https:\/\/www.smartparking.com\/de\/conditions-generales-francais\/","url":"https:\/\/www.smartparking.com\/de\/conditions-generales-francais\/","name":"Conditions generales | Smart Parking","isPartOf":{"@id":"https:\/\/www.smartparking.com\/de\/#website"},"datePublished":"2025-07-25T12:21:13+00:00","dateModified":"2025-12-01T11:19:27+00:00","breadcrumb":{"@id":"https:\/\/www.smartparking.com\/de\/conditions-generales-francais\/#breadcrumb"},"inLanguage":"de","potentialAction":[{"@type":"ReadAction","target":["https:\/\/www.smartparking.com\/de\/conditions-generales-francais\/"]}]},{"@type":"BreadcrumbList","@id":"https:\/\/www.smartparking.com\/de\/conditions-generales-francais\/#breadcrumb","itemListElement":[{"@type":"ListItem","position":1,"name":"Home","item":"https:\/\/www.smartparking.com\/de\/"},{"@type":"ListItem","position":2,"name":"Conditions generales"}]},{"@type":"WebSite","@id":"https:\/\/www.smartparking.com\/de\/#website","url":"https:\/\/www.smartparking.com\/de\/","name":"Smart Parking","description":"","publisher":{"@id":"https:\/\/www.smartparking.com\/de\/#organization"},"potentialAction":[{"@type":"SearchAction","target":{"@type":"EntryPoint","urlTemplate":"https:\/\/www.smartparking.com\/de\/?s={search_term_string}"},"query-input":{"@type":"PropertyValueSpecification","valueRequired":true,"valueName":"search_term_string"}}],"inLanguage":"de"},{"@type":"Organization","@id":"https:\/\/www.smartparking.com\/de\/#organization","name":"Smart Parking","url":"https:\/\/www.smartparking.com\/de\/","logo":{"@type":"ImageObject","inLanguage":"de","@id":"https:\/\/www.smartparking.com\/de\/#\/schema\/logo\/image\/","url":"https:\/\/www.smartparking.com\/wp-content\/uploads\/2025\/06\/smart-parking-logo-icon.svg","contentUrl":"https:\/\/www.smartparking.com\/wp-content\/uploads\/2025\/06\/smart-parking-logo-icon.svg","width":1,"height":1,"caption":"Smart Parking"},"image":{"@id":"https:\/\/www.smartparking.com\/de\/#\/schema\/logo\/image\/"},"sameAs":["https:\/\/www.linkedin.com\/company\/smart-parking-limited\/"]}]}},"_links":{"self":[{"href":"https:\/\/www.smartparking.com\/de\/wp-json\/wp\/v2\/pages\/12299","targetHints":{"allow":["GET"]}}],"collection":[{"href":"https:\/\/www.smartparking.com\/de\/wp-json\/wp\/v2\/pages"}],"about":[{"href":"https:\/\/www.smartparking.com\/de\/wp-json\/wp\/v2\/types\/page"}],"author":[{"embeddable":true,"href":"https:\/\/www.smartparking.com\/de\/wp-json\/wp\/v2\/users\/2"}],"replies":[{"embeddable":true,"href":"https:\/\/www.smartparking.com\/de\/wp-json\/wp\/v2\/comments?post=12299"}],"version-history":[{"count":3,"href":"https:\/\/www.smartparking.com\/de\/wp-json\/wp\/v2\/pages\/12299\/revisions"}],"predecessor-version":[{"id":14004,"href":"https:\/\/www.smartparking.com\/de\/wp-json\/wp\/v2\/pages\/12299\/revisions\/14004"}],"wp:attachment":[{"href":"https:\/\/www.smartparking.com\/de\/wp-json\/wp\/v2\/media?parent=12299"}],"curies":[{"name":"wp","href":"https:\/\/api.w.org\/{rel}","templated":true}]}}