{"id":12301,"date":"2025-07-25T12:23:54","date_gmt":"2025-07-25T12:23:54","guid":{"rendered":"https:\/\/www.smartparking.com\/?page_id=12301"},"modified":"2025-12-01T11:21:07","modified_gmt":"2025-12-01T11:21:07","slug":"terminos-y-condiciones-espanola","status":"publish","type":"page","link":"https:\/\/www.smartparking.com\/de\/terminos-y-condiciones-espanola\/","title":{"rendered":"Terminos y condicione"},"content":{"rendered":"\n<p><strong>Al utilizar esta instalaci\u00f3n de aparcamiento, el Conductor suscribe un Acuerdo con Smart Parking Germany GmbH (en lo sucesivo, \u00abSmart Parking\u00bb) sujeto a las siguientes Condiciones Generales:<\/strong><\/p>\n\n\n\n<ol class=\"wp-block-list\">\n<li>El uso de esta instalaci\u00f3n de aparcamiento est\u00e1 limitado al estacionamiento de veh\u00edculos que est\u00e9n cubiertos por un seguro de responsabilidad civil, tengan un n\u00famero de matr\u00edcula (\u00a79 FZV) y una pegatina de inspecci\u00f3n oficial v\u00e1lida (por ejemplo, T\u00dcV). El objeto del aparcamiento es el estacionamiento temporal de veh\u00edculos.<\/li>\n<\/ol>\n\n\n\n<ol start=\"2\" class=\"wp-block-list\">\n<li>El objeto de este Acuerdo no es la guarda y custodia de los veh\u00edculos estacionados ni la concesi\u00f3n de otras funciones de custodia. Este Acuerdo tampoco constituye una reclamaci\u00f3n a la puesta a disposici\u00f3n de una plaza de aparcamiento en la instalaci\u00f3n de estacionamiento por parte de Smart Parking.<\/li>\n<\/ol>\n\n\n\n<ol start=\"3\" class=\"wp-block-list\">\n<li>El Acuerdo comienza con la entrada al aparcamiento y finaliza con la salida del mismo.&nbsp;El cumplimiento de estas Condiciones Generales se controla mediante la recopilaci\u00f3n a la entrada y a la salida de manera autom\u00e1tica y\/o manualmente por personas autorizadas en la zona. Para m\u00e1s detalles sobre el reconocimiento de matr\u00edculas con el fin de determinar la duraci\u00f3n del uso y las consultas del propietario, consulte la Declaraci\u00f3n de privacidad separada. El reconocimiento de matr\u00edculas no crea obligaciones adicionales en la relaci\u00f3n contractual. Si as\u00ed lo indica la correspondiente se\u00f1alizaci\u00f3n, es necesario llevar en el veh\u00edculo, en un lugar claramente visible desde el exterior, por ejemplo en el salpicadero, un disco de estacionamiento en el que se indique la hora real de llegada y\/o una autorizaci\u00f3n de estacionamiento v\u00e1lida, por ejemplo un pase de minusv\u00e1lido o una tarjeta de socio o de miembro.<\/li>\n<\/ol>\n\n\n\n<ol start=\"4\" class=\"wp-block-list\">\n<li>Se aplicar\u00e1n las disposiciones del Reglamento de Circulaci\u00f3n Alem\u00e1n (StVO), a menos que se regule de otro modo en el presente Acuerdo. Si est\u00e1n disponibles, deben respetarse las indicaciones autom\u00e1ticas de tr\u00e1fico y las se\u00f1ales de tr\u00e1fico e informaci\u00f3n colocadas. Deben seguirse las instrucciones del personal de Smart Parking in situ.<\/li>\n<\/ol>\n\n\n\n<ol start=\"5\" class=\"wp-block-list\">\n<li><strong>OBLIGACIONES DEL CONDUCTOR<\/strong>&nbsp;<\/li>\n<\/ol>\n\n\n\n<p>El Conductor se compromete a:&nbsp;<\/p>\n\n\n\n<ol style=\"list-style-type:upper-roman\" class=\"wp-block-list\">\n<li>colocar\/adjuntar un disco de estacionamiento en el veh\u00edculo detr\u00e1s del parabrisas de forma que sea claramente visible desde el exterior y a fijar la hora real de llegada en el disco de estacionamiento,<\/li>\n\n\n\n<li>si as\u00ed lo exige la se\u00f1alizaci\u00f3n correspondiente, colocar\/adjuntar en el veh\u00edculo, detr\u00e1s del parabrisas, un justificante de autorizaci\u00f3n de estacionamiento en vigor, claramente visible desde el exterior,<\/li>\n\n\n\n<li>no sobrepasar el tiempo m\u00e1ximo de estacionamiento autorizado para la instalaci\u00f3n de estacionamiento, tal y como se indica en las se\u00f1ales, incluido cualquier tiempo de estacionamiento adicional que haya adquirido,&nbsp;&nbsp;<\/li>\n\n\n\n<li>estacionar el veh\u00edculo \u00fanicamente durante el horario de apertura publicitado para la instalaci\u00f3n de estacionamiento,&nbsp;&nbsp;&nbsp;<\/li>\n\n\n\n<li>estacionar el veh\u00edculo \u00fanicamente dentro de las zonas se\u00f1alizadas para el estacionamiento de veh\u00edculos, pero no en las v\u00edas p\u00fablicas ni en los carriles de emergencia para casos de incendio; si no hay se\u00f1alizaci\u00f3n visible de las plazas de estacionamiento, el veh\u00edculo deber\u00e1 estacionarse de forma que no se obstaculice ni se ponga en peligro a los dem\u00e1s usuarios.<\/li>\n\n\n\n<li>no aparcar el veh\u00edculo en las plazas de aparcamiento reservadas a los empleados o a otras personas autorizadas a aparcar, sin estar autorizado para ello.<\/li>\n\n\n\n<li>no estacionar el veh\u00edculo en un aparcamiento se\u00f1alizado como \u00abaparcamiento para mujeres\u00bb sin estar autorizado para ello.<\/li>\n\n\n\n<li>no utilizar el aparcamiento para fines distintos de aquellos a los que est\u00e1 destinado, en particular, no utilizarlo para realizar maniobras de paso, cruces o atajos, para la reparaci\u00f3n de veh\u00edculos o para otras medidas o comportamientos que no respondan a la finalidad prevista del espacio.&nbsp;<\/li>\n<\/ol>\n\n\n\n<ol start=\"6\" class=\"wp-block-list\">\n<li><strong>PENALIZACIONES CONTRACTUALES<\/strong><\/li>\n<\/ol>\n\n\n\n<ol style=\"list-style-type:upper-roman\" class=\"wp-block-list\">\n<li>El Conductor deber\u00e1 a Smart Parking una penalizaci\u00f3n contractual si, contrariamente a lo indicado en el punto 5. I., no exhibe\/adjunta un disco de estacionamiento en el veh\u00edculo detr\u00e1s del parabrisas, claramente visible desde el exterior, en el que se establezca la hora real de llegada; esto s\u00f3lo se aplicar\u00e1 si la se\u00f1alizaci\u00f3n de la zona de estacionamiento exige mostrar\/adjuntar dicho disco de estacionamiento.<\/li>\n\n\n\n<li>El Conductor deber\u00e1 a Smart Parking una penalizaci\u00f3n contractual si, en contra de lo dispuesto en el apartado 5.II., no exhibe\/adjunta un permiso de estacionamiento en el veh\u00edculo detr\u00e1s del parabrisas de forma que sea claramente visible desde el exterior; esto s\u00f3lo se aplicar\u00e1 si la se\u00f1alizaci\u00f3n de la zona de estacionamiento requiere la exhibici\u00f3n\/adjunta de un permiso de estacionamiento.<\/li>\n\n\n\n<li>El Conductor deber\u00e1 a Smart Parking una penalizaci\u00f3n contractual si, contrariamente a lo indicado en el apartado 5. III., excede el tiempo m\u00e1ximo de estacionamiento permitido designado para la zona de estacionamiento, incluyendo cualquier tiempo de estacionamiento adicional abonado por \u00e9l.<\/li>\n\n\n\n<li>El Conductor deber\u00e1 a Smart Parking una penalizaci\u00f3n contractual si estaciona su veh\u00edculo en la zona de estacionamiento fuera del horario de apertura designado contraviniendo la secci\u00f3n 5.IV., a menos que est\u00e9 autorizado a hacerlo por otros acuerdos.<\/li>\n\n\n\n<li>El Conductor deber\u00e1 a Smart Parking una penalizaci\u00f3n contractual si aparca su veh\u00edculo fuera de las zonas designadas contraviniendo la secci\u00f3n 5.V.<\/li>\n\n\n\n<li>El Conductor deber\u00e1 a Smart Parking una penalizaci\u00f3n contractual si, en contra de lo dispuesto en el apartado 5.V., estaciona su veh\u00edculo en ausencia de se\u00f1alizaci\u00f3n visible de las plazas de aparcamiento de tal forma que obstaculice y\/o ponga en peligro a otros usuarios.<\/li>\n\n\n\n<li>El Conductor deber\u00e1 a Smart Parking una penalizaci\u00f3n contractual si, no estando autorizado para ello, estaciona el veh\u00edculo en una plaza de aparcamiento reservada para empleados u otras personas autorizadas en contra de lo dispuesto en el apartado 5.VI.<\/li>\n\n\n\n<li>El Conductor deber\u00e1 a Smart Parking una penalizaci\u00f3n contractual si, en contra de lo dispuesto en el apartado 5.VII, estaciona el veh\u00edculo en una plaza de aparcamiento se\u00f1alizada como \u00abplaza de aparcamiento para mujeres\u00bb sin estar autorizado para ello.<\/li>\n\n\n\n<li>El Conductor deber\u00e1 a Smart Parking una penalizaci\u00f3n contractual si, en contra de lo dispuesto en la secci\u00f3n 5.VIII, utiliza la plaza de aparcamiento para el paso de veh\u00edculos, cruces, atajos, reparaci\u00f3n de veh\u00edculos u otros fines de tr\u00e1fico o de transporte que no respondan a la finalidad prevista de la plaza.<\/li>\n\n\n\n<li>Si el Conductor deja el veh\u00edculo en el parking durante la noche sin la debida autorizaci\u00f3n, se incurrir\u00e1 en una penalizaci\u00f3n contractual por cada d\u00eda comenzado a partir del primer d\u00eda de infracci\u00f3n de aparcamiento hasta que finalice dicha infracci\u00f3n.<\/li>\n\n\n\n<li>El importe de la penalizaci\u00f3n contractual impuesta en cada caso puede consultarse en el cartel \u00abPenalizaci\u00f3n contractual\u00bb.<\/li>\n\n\n\n<li>Si una infracci\u00f3n de estacionamiento se prolonga durante m\u00e1s de un d\u00eda natural, se considerar\u00e1 una nueva infracci\u00f3n de estacionamiento por cada d\u00eda natural o parte del mismo. En consecuencia, el Usuario deber\u00e1 abonar de nuevo la sanci\u00f3n contractual vinculada a la infracci\u00f3n de aparcamiento por cada d\u00eda natural iniciado. Esto se aplica hasta un l\u00edmite m\u00e1ximo de diez veces la sanci\u00f3n contractual.<\/li>\n\n\n\n<li>En el caso de veh\u00edculos con matr\u00edcula extranjera, se a\u00f1adir\u00e1n a los gastos unos costes administrativos adicionales debido a la dificultad de identificar y recuperar el veh\u00edculo. Los gastos se limitar\u00e1n a un total de una penalizaci\u00f3n contractual.<\/li>\n\n\n\n<li>La penalizaci\u00f3n contractual correspondiente no se aplicar\u00e1 si el Conductor no es responsable de la infracci\u00f3n.<\/li>\n\n\n\n<li>En caso de incumplimiento de una o varias de las obligaciones previstas en el apartado 5 de las presentes Condiciones Generales, Smart Parking est\u00e1 autorizada a realizar una consulta de titular por parte de un proveedor de servicios y a cobrar por ello un suplemento de 8,00 \u20ac, incluidos los gastos de tramitaci\u00f3n.<\/li>\n\n\n\n<li>En caso de infracci\u00f3n de estacionamiento, Smart Parking tambi\u00e9n est\u00e1 autorizada, en particular, a retirar el veh\u00edculo de la plaza de aparcamiento por cuenta y riesgo del Usuario. Esto tambi\u00e9n se aplica al estacionamiento de veh\u00edculos sin matr\u00edcula reconocible o con fugas en el sistema de combustible u otros defectos que pongan en peligro el funcionamiento del parking. Esto tambi\u00e9n se aplica si el veh\u00edculo se estaciona de forma contraria a las Condiciones de uso, ilegalmente, de forma obstructiva o en plazas de estacionamiento marcadas como reservadas, en particular si no se puede demostrar la existencia de una autorizaci\u00f3n de estacionamiento. Sin embargo, esto no constituye para el explotador la obligaci\u00f3n de retirar el veh\u00edculo con gr\u00faa. En cualquier caso, el Usuario seguir\u00e1 siendo responsable de los riesgos que entra\u00f1e su veh\u00edculo.<\/li>\n<\/ol>\n\n\n\n<ol start=\"7\" class=\"wp-block-list\">\n<li><strong>RESPONSABILIDAD<\/strong><\/li>\n<\/ol>\n\n\n\n<p>Durante la vigencia de este Acuerdo, Smart Parking s\u00f3lo ser\u00e1 responsable de los da\u00f1os causados de forma demostrable por el incumplimiento de sus obligaciones por su parte, o por parte de sus empleados o agentes autorizados. Por lo tanto, Smart Parking no es responsable de los da\u00f1os causados \u00fanicamente por acontecimientos naturales, por otros conductores o por terceros y, en particular, como consecuencia de robo o da\u00f1os al veh\u00edculo. Smart Parking s\u00f3lo es responsable de incumplimiento de obligaciones en caso de dolo o negligencia grave, a menos que se especifique lo contrario. En caso de negligencia simple, Smart Parking s\u00f3lo ser\u00e1 responsable si se produce una lesi\u00f3n a la vida, la integridad f\u00edsica o la salud (da\u00f1os personales) o un incumplimiento de las obligaciones contractuales esenciales, cuyo cumplimiento sea imprescindible para la correcta ejecuci\u00f3n del Acuerdo y en cuyo cumplimiento conf\u00ede y pueda confiar el Conductor.<\/p>\n\n\n\n<ol start=\"8\" class=\"wp-block-list\">\n<li><strong>NOTIFICACI\u00d3N DE DA\u00d1OS<\/strong>&nbsp;<\/li>\n<\/ol>\n\n\n\n<p>El Conductor est\u00e1 obligado a notificar a Smart Parking cualquier da\u00f1o evidente en un plazo de 14 d\u00edas, por escrito o por correo electr\u00f3nico. Si el Conductor incumple esta obligaci\u00f3n mencionada de notificar a Smart Parking, quedan excluidas todas las reclamaciones por da\u00f1os y perjuicios del Conductor contra Smart Parking a menos que el Conductor no sea responsable de la infracci\u00f3n. Esta exclusi\u00f3n de responsabilidad no se aplica si el Conductor ha sufrido da\u00f1os personales o si Smart Parking ha causado estos da\u00f1os por negligencia grave o dolo.<\/p>\n\n\n\n<p><strong>MISCEL\u00c1NEA<\/strong> <\/p>\n\n\n\n<ol start=\"9\" class=\"wp-block-list\">\n<li>Las condiciones anteriores se aplican independientemente de si la responsabilidad de Smart Parking se basa en el Acuerdo o en otra base legal.<\/li>\n\n\n\n<li>Si alguna disposici\u00f3n de estas Condiciones Generales fuera o llegara a ser inv\u00e1lida o inaplicable, ello no afectar\u00e1 a la validez o aplicabilidad de las restantes disposiciones de estas Condiciones Generales. En este caso se aplicar\u00e1n adicionalmente aquellas disposiciones legales que m\u00e1s se aproximen a la intenci\u00f3n reconocible de las partes desde un punto de vista econ\u00f3mico. Lo mismo se aplica a cualquier laguna en estas disposiciones.<\/li>\n\n\n\n<li>Si el Usuario del aparcamiento es un empresario, se acuerda D\u00fcsseldorf como lugar de jurisdicci\u00f3n para todas las disputas legales que surjan de o en relaci\u00f3n con estas Condiciones Generales o su existencia, a menos que las disposiciones legales obligatorias prescriban un lugar de jurisdicci\u00f3n diferente.<\/li>\n\n\n\n<li>Tambi\u00e9n puede consultar estas Condiciones Generales en nuestra p\u00e1gina web en <a href=\"https:\/\/www.smartparking.com\/de\/terms-and-conditions-eng\">ingl\u00e9s<\/a>, <a href=\"https:\/\/www.smartparking.com\/de\/conditions-generales-francais\">franc\u00e9s<\/a>, <a href=\"https:\/\/www.smartparking.com\/de\/termini-e-condizioni-italiano\">italiano<\/a>, <a href=\"https:\/\/www.smartparking.com\/de\/allgemeine-geschaeftsbedingungen-deutsch\">alem\u00e1n<\/a> y <a href=\"https:\/\/www.smartparking.com\/de\/sartlar-ve-kosullar-tuerkiye\">turco<\/a>. Sin embargo, esto es \u00fanicamente a efectos de una mejor comprensi\u00f3n; en caso de contradicciones, prevalecer\u00e1 \u00fanicamente la versi\u00f3n alemana de estas Condiciones Generales.\u00a0<\/li>\n<\/ol>\n","protected":false},"excerpt":{"rendered":"","protected":false},"author":2,"featured_media":0,"parent":0,"menu_order":0,"comment_status":"closed","ping_status":"closed","template":"template-pages\/policy.php","meta":{"_acf_changed":false,"footnotes":""},"class_list":["post-12301","page","type-page","status-publish","hentry"],"acf":[],"yoast_head":"<!-- This site is optimized with the Yoast SEO plugin v26.9 - https:\/\/yoast.com\/product\/yoast-seo-wordpress\/ -->\n<title>Terminos y condicione | Smart Parking<\/title>\n<meta name=\"robots\" content=\"index, follow, max-snippet:-1, max-image-preview:large, max-video-preview:-1\" \/>\n<link rel=\"canonical\" href=\"https:\/\/www.smartparking.com\/de\/terminos-y-condiciones-espanola\/\" \/>\n<meta property=\"og:locale\" content=\"de_DE\" \/>\n<meta property=\"og:type\" content=\"article\" \/>\n<meta property=\"og:title\" content=\"Terminos y condicione | Smart Parking\" \/>\n<meta property=\"og:url\" content=\"https:\/\/www.smartparking.com\/de\/terminos-y-condiciones-espanola\/\" \/>\n<meta property=\"og:site_name\" content=\"Smart Parking\" \/>\n<meta property=\"article:modified_time\" content=\"2025-12-01T11:21:07+00:00\" \/>\n<meta property=\"og:image\" content=\"https:\/\/www.smartparking.com\/wp-content\/uploads\/2025\/03\/home-large-hex-1.jpg\" \/>\n\t<meta property=\"og:image:width\" content=\"1000\" \/>\n\t<meta property=\"og:image:height\" content=\"563\" \/>\n\t<meta property=\"og:image:type\" content=\"image\/jpeg\" \/>\n<meta name=\"twitter:card\" content=\"summary_large_image\" \/>\n<meta name=\"twitter:label1\" content=\"Gesch\u00e4tzte Lesezeit\" \/>\n\t<meta name=\"twitter:data1\" content=\"8\u00a0Minuten\" \/>\n<script type=\"application\/ld+json\" class=\"yoast-schema-graph\">{\"@context\":\"https:\/\/schema.org\",\"@graph\":[{\"@type\":\"WebPage\",\"@id\":\"https:\/\/www.smartparking.com\/de\/terminos-y-condiciones-espanola\/\",\"url\":\"https:\/\/www.smartparking.com\/de\/terminos-y-condiciones-espanola\/\",\"name\":\"Terminos y condicione | Smart Parking\",\"isPartOf\":{\"@id\":\"https:\/\/www.smartparking.com\/de\/#website\"},\"datePublished\":\"2025-07-25T12:23:54+00:00\",\"dateModified\":\"2025-12-01T11:21:07+00:00\",\"breadcrumb\":{\"@id\":\"https:\/\/www.smartparking.com\/de\/terminos-y-condiciones-espanola\/#breadcrumb\"},\"inLanguage\":\"de\",\"potentialAction\":[{\"@type\":\"ReadAction\",\"target\":[\"https:\/\/www.smartparking.com\/de\/terminos-y-condiciones-espanola\/\"]}]},{\"@type\":\"BreadcrumbList\",\"@id\":\"https:\/\/www.smartparking.com\/de\/terminos-y-condiciones-espanola\/#breadcrumb\",\"itemListElement\":[{\"@type\":\"ListItem\",\"position\":1,\"name\":\"Home\",\"item\":\"https:\/\/www.smartparking.com\/de\/\"},{\"@type\":\"ListItem\",\"position\":2,\"name\":\"Terminos y condicione\"}]},{\"@type\":\"WebSite\",\"@id\":\"https:\/\/www.smartparking.com\/de\/#website\",\"url\":\"https:\/\/www.smartparking.com\/de\/\",\"name\":\"Smart Parking\",\"description\":\"\",\"publisher\":{\"@id\":\"https:\/\/www.smartparking.com\/de\/#organization\"},\"potentialAction\":[{\"@type\":\"SearchAction\",\"target\":{\"@type\":\"EntryPoint\",\"urlTemplate\":\"https:\/\/www.smartparking.com\/de\/?s={search_term_string}\"},\"query-input\":{\"@type\":\"PropertyValueSpecification\",\"valueRequired\":true,\"valueName\":\"search_term_string\"}}],\"inLanguage\":\"de\"},{\"@type\":\"Organization\",\"@id\":\"https:\/\/www.smartparking.com\/de\/#organization\",\"name\":\"Smart Parking\",\"url\":\"https:\/\/www.smartparking.com\/de\/\",\"logo\":{\"@type\":\"ImageObject\",\"inLanguage\":\"de\",\"@id\":\"https:\/\/www.smartparking.com\/de\/#\/schema\/logo\/image\/\",\"url\":\"https:\/\/www.smartparking.com\/wp-content\/uploads\/2025\/06\/smart-parking-logo-icon.svg\",\"contentUrl\":\"https:\/\/www.smartparking.com\/wp-content\/uploads\/2025\/06\/smart-parking-logo-icon.svg\",\"width\":1,\"height\":1,\"caption\":\"Smart Parking\"},\"image\":{\"@id\":\"https:\/\/www.smartparking.com\/de\/#\/schema\/logo\/image\/\"},\"sameAs\":[\"https:\/\/www.linkedin.com\/company\/smart-parking-limited\/\"]}]}<\/script>\n<!-- \/ Yoast SEO plugin. -->","yoast_head_json":{"title":"Terminos y condicione | Smart Parking","robots":{"index":"index","follow":"follow","max-snippet":"max-snippet:-1","max-image-preview":"max-image-preview:large","max-video-preview":"max-video-preview:-1"},"canonical":"https:\/\/www.smartparking.com\/de\/terminos-y-condiciones-espanola\/","og_locale":"de_DE","og_type":"article","og_title":"Terminos y condicione | Smart Parking","og_url":"https:\/\/www.smartparking.com\/de\/terminos-y-condiciones-espanola\/","og_site_name":"Smart Parking","article_modified_time":"2025-12-01T11:21:07+00:00","og_image":[{"width":1000,"height":563,"url":"https:\/\/www.smartparking.com\/wp-content\/uploads\/2025\/03\/home-large-hex-1.jpg","type":"image\/jpeg"}],"twitter_card":"summary_large_image","twitter_misc":{"Gesch\u00e4tzte Lesezeit":"8\u00a0Minuten"},"schema":{"@context":"https:\/\/schema.org","@graph":[{"@type":"WebPage","@id":"https:\/\/www.smartparking.com\/de\/terminos-y-condiciones-espanola\/","url":"https:\/\/www.smartparking.com\/de\/terminos-y-condiciones-espanola\/","name":"Terminos y condicione | Smart Parking","isPartOf":{"@id":"https:\/\/www.smartparking.com\/de\/#website"},"datePublished":"2025-07-25T12:23:54+00:00","dateModified":"2025-12-01T11:21:07+00:00","breadcrumb":{"@id":"https:\/\/www.smartparking.com\/de\/terminos-y-condiciones-espanola\/#breadcrumb"},"inLanguage":"de","potentialAction":[{"@type":"ReadAction","target":["https:\/\/www.smartparking.com\/de\/terminos-y-condiciones-espanola\/"]}]},{"@type":"BreadcrumbList","@id":"https:\/\/www.smartparking.com\/de\/terminos-y-condiciones-espanola\/#breadcrumb","itemListElement":[{"@type":"ListItem","position":1,"name":"Home","item":"https:\/\/www.smartparking.com\/de\/"},{"@type":"ListItem","position":2,"name":"Terminos y condicione"}]},{"@type":"WebSite","@id":"https:\/\/www.smartparking.com\/de\/#website","url":"https:\/\/www.smartparking.com\/de\/","name":"Smart Parking","description":"","publisher":{"@id":"https:\/\/www.smartparking.com\/de\/#organization"},"potentialAction":[{"@type":"SearchAction","target":{"@type":"EntryPoint","urlTemplate":"https:\/\/www.smartparking.com\/de\/?s={search_term_string}"},"query-input":{"@type":"PropertyValueSpecification","valueRequired":true,"valueName":"search_term_string"}}],"inLanguage":"de"},{"@type":"Organization","@id":"https:\/\/www.smartparking.com\/de\/#organization","name":"Smart Parking","url":"https:\/\/www.smartparking.com\/de\/","logo":{"@type":"ImageObject","inLanguage":"de","@id":"https:\/\/www.smartparking.com\/de\/#\/schema\/logo\/image\/","url":"https:\/\/www.smartparking.com\/wp-content\/uploads\/2025\/06\/smart-parking-logo-icon.svg","contentUrl":"https:\/\/www.smartparking.com\/wp-content\/uploads\/2025\/06\/smart-parking-logo-icon.svg","width":1,"height":1,"caption":"Smart Parking"},"image":{"@id":"https:\/\/www.smartparking.com\/de\/#\/schema\/logo\/image\/"},"sameAs":["https:\/\/www.linkedin.com\/company\/smart-parking-limited\/"]}]}},"_links":{"self":[{"href":"https:\/\/www.smartparking.com\/de\/wp-json\/wp\/v2\/pages\/12301","targetHints":{"allow":["GET"]}}],"collection":[{"href":"https:\/\/www.smartparking.com\/de\/wp-json\/wp\/v2\/pages"}],"about":[{"href":"https:\/\/www.smartparking.com\/de\/wp-json\/wp\/v2\/types\/page"}],"author":[{"embeddable":true,"href":"https:\/\/www.smartparking.com\/de\/wp-json\/wp\/v2\/users\/2"}],"replies":[{"embeddable":true,"href":"https:\/\/www.smartparking.com\/de\/wp-json\/wp\/v2\/comments?post=12301"}],"version-history":[{"count":3,"href":"https:\/\/www.smartparking.com\/de\/wp-json\/wp\/v2\/pages\/12301\/revisions"}],"predecessor-version":[{"id":14006,"href":"https:\/\/www.smartparking.com\/de\/wp-json\/wp\/v2\/pages\/12301\/revisions\/14006"}],"wp:attachment":[{"href":"https:\/\/www.smartparking.com\/de\/wp-json\/wp\/v2\/media?parent=12301"}],"curies":[{"name":"wp","href":"https:\/\/api.w.org\/{rel}","templated":true}]}}