{"id":7553,"date":"2025-04-23T11:37:34","date_gmt":"2025-04-23T11:37:34","guid":{"rendered":"https:\/\/www.smartparking.com\/?page_id=7553"},"modified":"2026-03-30T11:18:34","modified_gmt":"2026-03-30T11:18:34","slug":"impressum","status":"publish","type":"page","link":"https:\/\/www.smartparking.com\/de\/impressum\/","title":{"rendered":"Impressum"},"content":{"rendered":"\n<p><strong>Impressum<\/strong><\/p>\n\n\n\n<p><strong>Angaben gem\u00e4\u00df Telemediengesetz (TMG) \u00a7 5 Allgemeine Informationspflichten<\/strong><br>Verantwortlich f\u00fcr den Inhalt der deutschsprachigen Webseite nach \u00a718 Abs. 2 MStV:<\/p>\n\n\n\n<p>Smart Parking Germany GmbH<br>Hammer Str. 13<br>40219 D\u00fcsseldorf<br>Deutschland<\/p>\n\n\n\n<p><br><strong>Kontakt:<\/strong><br>Gesch\u00e4ftsf\u00fchrer: Rainer Artelt<\/p>\n\n\n\n<p>E-Mail:&nbsp;<a href=\"mailto:germany@smartparking.com\">germany@smartparking.com<\/a><\/p>\n\n\n\n<p>Homepage:\u00a0<a href=\"https:\/\/www.smartparking.com\/de\">www.smartparking.com\/de<\/a><\/p>\n\n\n\n<p><br>Aus datenschutzrechtlichen Gr\u00fcnden k\u00f6nnen wir telefonisch keine Ausk\u00fcnfte zu Parkvorg\u00e4ngen geben, die anhand einer Kennzeichenerfassung erfasst wurden. F\u00fcr Fragen zu einer Zahlungsaufforderung oder zu einem Parkvorgang erreichen Sie unser Customer Care Team<\/p>\n\n\n\n<ul class=\"wp-block-list\">\n<li>per Mail unter hilfe(at)smartparking.com<\/li>\n\n\n\n<li>postalisch:<\/li>\n<\/ul>\n\n\n\n<p>Customer Care Team<\/p>\n\n\n\n<p>Smart Parking Germany GmbH<br>Hammer Str. 13<br>40219 D\u00fcsseldorf<br>Deutschland<\/p>\n\n\n\n<p><strong>Registereintrag:<\/strong><br>Amtsgericht: D\u00fcsseldorf<\/p>\n\n\n\n<p>Registernummer: HRB 94736<\/p>\n\n\n\n<p>Steuernummer: 106\/5724\/8048<\/p>\n\n\n\n<p><br><strong>Streitschlichtung:<\/strong><br>Die Europ\u00e4ische Kommission stellt eine Plattorm zur Online-Streitbeilegung (OS) bereit: htps:\/\/ec.europa.eu\/consumers\/odr<br>Unsere E-Mail-Adresse finden Sie oben unter \u201eKontakt\u201c.<\/p>\n\n\n\n<p>Wir sind nicht verpflichtet, an Streitbeilegungsverfahren vor einer Verbraucherschlichtungsstelle teilzunehmen.<\/p>\n\n\n\n<p><br><strong>Haftung f\u00fcr Inhalte:<\/strong><br>Als Diensteanbieter sind wir gem\u00e4\u00df \u00a7 7 Abs.1 TMG f\u00fcr eigene Inhalte auf diesen Seiten nach den allgemeinen Gesetzen verantwortlich. Nach \u00a7\u00a7 8 bis 10 TMG sind wir als Diensteanbieter jedoch nicht verpflichtet, \u00fcbermittelte oder gespeicherte fremde Informationen zu \u00fcberwachen oder nach Umst\u00e4nden zu forschen, die auf eine rechtswidrige T\u00e4tigkeit hinweisen.<\/p>\n\n\n\n<p>Verpflichtungen zur Entfernung oder Sperrung der Nutzung von Informationen nach den allgemeinen Gesetzen bleiben hiervon unber\u00fchrt. Eine diesbez\u00fcgliche Haftung ist jedoch erst ab dem Zeitpunkt der Kenntnis einer konkreten Rechtsverletzung m\u00f6glich. Bei Bekanntwerden von entsprechenden Rechtsverletzungen werden wir diese Inhalte umgehend entfernen.<\/p>\n\n\n\n<p><br><strong>Haftung f\u00fcr Links:<\/strong><br>Unser Angebot enth\u00e4lt Links zu externen Websites Dritter, auf deren Inhalte wir keinen Einfluss haben. Deshalb k\u00f6nnen wir f\u00fcr diese fremden Inhalte auch keine Haftung \u00fcbernehmen. F\u00fcr die Inhalte der verlinkten Seiten ist stets der jeweilige Anbieter oder Betreiber der Seiten verantwortlich. Die verlinkten Seiten wurden zum Zeitpunkt der Verlinkung auf m\u00f6gliche Rechtsverst\u00f6\u00dfe \u00fcberpr\u00fcft. Rechtswidrige Inhalte waren zum Zeitpunkt der Verlinkung nicht erkennbar.<\/p>\n\n\n\n<p>Eine permanente inhaltliche Kontrolle der verlinkten Seiten ist ohne konkrete Anhaltspunkte einer Rechtsverletzung nicht zumutbar. Bei Bekanntwerden von Rechtsverletzungen werden wir derartige Links umgehend entfernen.<\/p>\n\n\n\n<p><br><strong>Urheberrecht:<\/strong><br>Die durch die Seitenbetreiber erstellten Inhalte und Werke auf diesen Seiten unterliegen dem deutschen Urheberrecht. Die Vervielf\u00e4ltigung, Bearbeitung, Verbreitung und jede Art der Verwertung au\u00dferhalb der Grenzen des Urheberrechtes bed\u00fcrfen der schriftlichen Zustimmung des jeweiligen Autors bzw. Erstellers. Downloads und Kopien dieser Seite oder von Teilen davon, Weiterver\u00f6ffentlichung von Inhalten und Bildmaterial nur mit schriftlicher Einwilligung und nur f\u00fcr den privaten, nicht kommerziellen Gebrauch.<\/p>\n\n\n\n<p><br>Soweit die Inhalte auf dieser Seite nicht vom Betreiber erstellt wurden, werden die Urheberrechte Dritter beachtet. Insbesondere werden Inhalte Dritter als solche gekennzeichnet. Sollten Sie trotzdem auf eine Urheberrechtsverletzung aufmerksam werden, bitten wir um einen entsprechenden Hinweis. Bei Bekanntwerden von Rechtsverletzungen werden wir derartige Inhalte umgehend entfernen.<\/p>\n\n\n\n<p>Das Impressum gilt auch f\u00fcr die Onlinepr\u00e4senz in den Social-Media-Kan\u00e4len der Smart Parking Germany GmbH<\/p>\n\n\n\n<p>innovativ Parkraum<\/p>\n","protected":false},"excerpt":{"rendered":"","protected":false},"author":2,"featured_media":0,"parent":0,"menu_order":0,"comment_status":"closed","ping_status":"closed","template":"template-pages\/policy.php","meta":{"_acf_changed":false,"footnotes":""},"class_list":["post-7553","page","type-page","status-publish","hentry"],"acf":[],"yoast_head":"<!-- This site is optimized with the Yoast SEO plugin v26.9 - https:\/\/yoast.com\/product\/yoast-seo-wordpress\/ -->\n<title>Impressum | Smart Parking<\/title>\n<meta name=\"description\" content=\"Impressum von Smart Parking\" \/>\n<meta name=\"robots\" content=\"index, follow, max-snippet:-1, max-image-preview:large, max-video-preview:-1\" \/>\n<link rel=\"canonical\" href=\"https:\/\/www.smartparking.com\/de\/impressum\/\" \/>\n<meta property=\"og:locale\" content=\"de_DE\" \/>\n<meta property=\"og:type\" content=\"article\" \/>\n<meta property=\"og:title\" content=\"Impressum | Smart Parking\" \/>\n<meta property=\"og:description\" content=\"Impressum von Smart Parking\" \/>\n<meta property=\"og:url\" content=\"https:\/\/www.smartparking.com\/de\/impressum\/\" \/>\n<meta property=\"og:site_name\" content=\"Smart Parking\" \/>\n<meta property=\"article:modified_time\" content=\"2026-03-30T11:18:34+00:00\" \/>\n<meta property=\"og:image\" content=\"https:\/\/www.smartparking.com\/wp-content\/uploads\/2025\/03\/home-large-hex-1.jpg\" \/>\n\t<meta property=\"og:image:width\" content=\"1000\" \/>\n\t<meta property=\"og:image:height\" content=\"563\" \/>\n\t<meta property=\"og:image:type\" content=\"image\/jpeg\" \/>\n<meta name=\"twitter:card\" content=\"summary_large_image\" \/>\n<meta name=\"twitter:label1\" content=\"Gesch\u00e4tzte Lesezeit\" \/>\n\t<meta name=\"twitter:data1\" content=\"2\u00a0Minuten\" \/>\n<script type=\"application\/ld+json\" class=\"yoast-schema-graph\">{\"@context\":\"https:\/\/schema.org\",\"@graph\":[{\"@type\":\"WebPage\",\"@id\":\"https:\/\/www.smartparking.com\/de\/impressum\/\",\"url\":\"https:\/\/www.smartparking.com\/de\/impressum\/\",\"name\":\"Impressum | Smart Parking\",\"isPartOf\":{\"@id\":\"https:\/\/www.smartparking.com\/de\/#website\"},\"datePublished\":\"2025-04-23T11:37:34+00:00\",\"dateModified\":\"2026-03-30T11:18:34+00:00\",\"description\":\"Impressum von Smart Parking\",\"breadcrumb\":{\"@id\":\"https:\/\/www.smartparking.com\/de\/impressum\/#breadcrumb\"},\"inLanguage\":\"de\",\"potentialAction\":[{\"@type\":\"ReadAction\",\"target\":[\"https:\/\/www.smartparking.com\/de\/impressum\/\"]}]},{\"@type\":\"BreadcrumbList\",\"@id\":\"https:\/\/www.smartparking.com\/de\/impressum\/#breadcrumb\",\"itemListElement\":[{\"@type\":\"ListItem\",\"position\":1,\"name\":\"Home\",\"item\":\"https:\/\/www.smartparking.com\/de\/\"},{\"@type\":\"ListItem\",\"position\":2,\"name\":\"Impressum\"}]},{\"@type\":\"WebSite\",\"@id\":\"https:\/\/www.smartparking.com\/de\/#website\",\"url\":\"https:\/\/www.smartparking.com\/de\/\",\"name\":\"Smart Parking\",\"description\":\"\",\"publisher\":{\"@id\":\"https:\/\/www.smartparking.com\/de\/#organization\"},\"potentialAction\":[{\"@type\":\"SearchAction\",\"target\":{\"@type\":\"EntryPoint\",\"urlTemplate\":\"https:\/\/www.smartparking.com\/de\/?s={search_term_string}\"},\"query-input\":{\"@type\":\"PropertyValueSpecification\",\"valueRequired\":true,\"valueName\":\"search_term_string\"}}],\"inLanguage\":\"de\"},{\"@type\":\"Organization\",\"@id\":\"https:\/\/www.smartparking.com\/de\/#organization\",\"name\":\"Smart Parking\",\"url\":\"https:\/\/www.smartparking.com\/de\/\",\"logo\":{\"@type\":\"ImageObject\",\"inLanguage\":\"de\",\"@id\":\"https:\/\/www.smartparking.com\/de\/#\/schema\/logo\/image\/\",\"url\":\"https:\/\/www.smartparking.com\/wp-content\/uploads\/2025\/06\/smart-parking-logo-icon.svg\",\"contentUrl\":\"https:\/\/www.smartparking.com\/wp-content\/uploads\/2025\/06\/smart-parking-logo-icon.svg\",\"width\":1,\"height\":1,\"caption\":\"Smart Parking\"},\"image\":{\"@id\":\"https:\/\/www.smartparking.com\/de\/#\/schema\/logo\/image\/\"},\"sameAs\":[\"https:\/\/www.linkedin.com\/company\/smart-parking-limited\/\"]}]}<\/script>\n<!-- \/ Yoast SEO plugin. -->","yoast_head_json":{"title":"Impressum | Smart Parking","description":"Impressum von Smart Parking","robots":{"index":"index","follow":"follow","max-snippet":"max-snippet:-1","max-image-preview":"max-image-preview:large","max-video-preview":"max-video-preview:-1"},"canonical":"https:\/\/www.smartparking.com\/de\/impressum\/","og_locale":"de_DE","og_type":"article","og_title":"Impressum | Smart Parking","og_description":"Impressum von Smart Parking","og_url":"https:\/\/www.smartparking.com\/de\/impressum\/","og_site_name":"Smart Parking","article_modified_time":"2026-03-30T11:18:34+00:00","og_image":[{"width":1000,"height":563,"url":"https:\/\/www.smartparking.com\/wp-content\/uploads\/2025\/03\/home-large-hex-1.jpg","type":"image\/jpeg"}],"twitter_card":"summary_large_image","twitter_misc":{"Gesch\u00e4tzte Lesezeit":"2\u00a0Minuten"},"schema":{"@context":"https:\/\/schema.org","@graph":[{"@type":"WebPage","@id":"https:\/\/www.smartparking.com\/de\/impressum\/","url":"https:\/\/www.smartparking.com\/de\/impressum\/","name":"Impressum | Smart Parking","isPartOf":{"@id":"https:\/\/www.smartparking.com\/de\/#website"},"datePublished":"2025-04-23T11:37:34+00:00","dateModified":"2026-03-30T11:18:34+00:00","description":"Impressum von Smart Parking","breadcrumb":{"@id":"https:\/\/www.smartparking.com\/de\/impressum\/#breadcrumb"},"inLanguage":"de","potentialAction":[{"@type":"ReadAction","target":["https:\/\/www.smartparking.com\/de\/impressum\/"]}]},{"@type":"BreadcrumbList","@id":"https:\/\/www.smartparking.com\/de\/impressum\/#breadcrumb","itemListElement":[{"@type":"ListItem","position":1,"name":"Home","item":"https:\/\/www.smartparking.com\/de\/"},{"@type":"ListItem","position":2,"name":"Impressum"}]},{"@type":"WebSite","@id":"https:\/\/www.smartparking.com\/de\/#website","url":"https:\/\/www.smartparking.com\/de\/","name":"Smart Parking","description":"","publisher":{"@id":"https:\/\/www.smartparking.com\/de\/#organization"},"potentialAction":[{"@type":"SearchAction","target":{"@type":"EntryPoint","urlTemplate":"https:\/\/www.smartparking.com\/de\/?s={search_term_string}"},"query-input":{"@type":"PropertyValueSpecification","valueRequired":true,"valueName":"search_term_string"}}],"inLanguage":"de"},{"@type":"Organization","@id":"https:\/\/www.smartparking.com\/de\/#organization","name":"Smart Parking","url":"https:\/\/www.smartparking.com\/de\/","logo":{"@type":"ImageObject","inLanguage":"de","@id":"https:\/\/www.smartparking.com\/de\/#\/schema\/logo\/image\/","url":"https:\/\/www.smartparking.com\/wp-content\/uploads\/2025\/06\/smart-parking-logo-icon.svg","contentUrl":"https:\/\/www.smartparking.com\/wp-content\/uploads\/2025\/06\/smart-parking-logo-icon.svg","width":1,"height":1,"caption":"Smart Parking"},"image":{"@id":"https:\/\/www.smartparking.com\/de\/#\/schema\/logo\/image\/"},"sameAs":["https:\/\/www.linkedin.com\/company\/smart-parking-limited\/"]}]}},"_links":{"self":[{"href":"https:\/\/www.smartparking.com\/de\/wp-json\/wp\/v2\/pages\/7553","targetHints":{"allow":["GET"]}}],"collection":[{"href":"https:\/\/www.smartparking.com\/de\/wp-json\/wp\/v2\/pages"}],"about":[{"href":"https:\/\/www.smartparking.com\/de\/wp-json\/wp\/v2\/types\/page"}],"author":[{"embeddable":true,"href":"https:\/\/www.smartparking.com\/de\/wp-json\/wp\/v2\/users\/2"}],"replies":[{"embeddable":true,"href":"https:\/\/www.smartparking.com\/de\/wp-json\/wp\/v2\/comments?post=7553"}],"version-history":[{"count":9,"href":"https:\/\/www.smartparking.com\/de\/wp-json\/wp\/v2\/pages\/7553\/revisions"}],"predecessor-version":[{"id":15502,"href":"https:\/\/www.smartparking.com\/de\/wp-json\/wp\/v2\/pages\/7553\/revisions\/15502"}],"wp:attachment":[{"href":"https:\/\/www.smartparking.com\/de\/wp-json\/wp\/v2\/media?parent=7553"}],"curies":[{"name":"wp","href":"https:\/\/api.w.org\/{rel}","templated":true}]}}