{"id":5428,"date":"2025-04-02T11:59:39","date_gmt":"2025-04-02T11:59:39","guid":{"rendered":"https:\/\/www.smartparking.com\/why-choose-us\/"},"modified":"2026-02-11T14:09:02","modified_gmt":"2026-02-11T14:09:02","slug":"hvorfor-vaelge-os","status":"publish","type":"page","link":"https:\/\/www.smartparking.com\/dk\/hvorfor-vaelge-os\/","title":{"rendered":"Hvorfor v\u00e6lge os"},"content":{"rendered":"","protected":false},"excerpt":{"rendered":"","protected":false},"author":2,"featured_media":0,"parent":0,"menu_order":0,"comment_status":"closed","ping_status":"closed","template":"template-pages\/why-choose-us.php","meta":{"_acf_changed":false,"footnotes":""},"class_list":["post-5428","page","type-page","status-publish","hentry"],"acf":[],"yoast_head":"<!-- This site is optimized with the Yoast SEO plugin v26.9 - https:\/\/yoast.com\/product\/yoast-seo-wordpress\/ -->\n<title>Hvorfor v\u00e6lge os? | Fordele med Smart Parking<\/title>\n<meta name=\"description\" content=\"L\u00e6s hvorfor du skal v\u00e6lge Smart Parking som din parkeringsoperat\u00f8r. Vi tilbyder innovative og p\u00e5lidelige parkeringsl\u00f8sninger, der b\u00e5de forbedrer effektivitet og kvalitet af brugeroplevelsen. B\u00e5de til dig som grundejer eller som parkant.\" \/>\n<meta name=\"robots\" content=\"index, follow, max-snippet:-1, max-image-preview:large, max-video-preview:-1\" \/>\n<link rel=\"canonical\" href=\"https:\/\/www.smartparking.com\/dk\/hvorfor-vaelge-os\/\" \/>\n<meta property=\"og:locale\" content=\"en_US\" \/>\n<meta property=\"og:type\" content=\"article\" \/>\n<meta property=\"og:title\" content=\"Hvorfor v\u00e6lge os? | Fordele med Smart Parking\" \/>\n<meta property=\"og:description\" content=\"L\u00e6s hvorfor du skal v\u00e6lge Smart Parking som din parkeringsoperat\u00f8r. Vi tilbyder innovative og p\u00e5lidelige parkeringsl\u00f8sninger, der b\u00e5de forbedrer effektivitet og kvalitet af brugeroplevelsen. B\u00e5de til dig som grundejer eller som parkant.\" \/>\n<meta property=\"og:url\" content=\"https:\/\/www.smartparking.com\/dk\/hvorfor-vaelge-os\/\" \/>\n<meta property=\"og:site_name\" content=\"Smart Parking\" \/>\n<meta property=\"article:modified_time\" content=\"2026-02-11T14:09:02+00:00\" \/>\n<meta property=\"og:image\" content=\"https:\/\/www.smartparking.com\/wp-content\/uploads\/2025\/03\/home-large-hex-1.jpg\" \/>\n\t<meta property=\"og:image:width\" content=\"1000\" \/>\n\t<meta property=\"og:image:height\" content=\"563\" \/>\n\t<meta property=\"og:image:type\" content=\"image\/jpeg\" \/>\n<meta name=\"twitter:card\" content=\"summary_large_image\" \/>\n<script type=\"application\/ld+json\" class=\"yoast-schema-graph\">{\"@context\":\"https:\/\/schema.org\",\"@graph\":[{\"@type\":\"WebPage\",\"@id\":\"https:\/\/www.smartparking.com\/dk\/hvorfor-vaelge-os\/\",\"url\":\"https:\/\/www.smartparking.com\/dk\/hvorfor-vaelge-os\/\",\"name\":\"Hvorfor v\u00e6lge os? | Fordele med Smart Parking\",\"isPartOf\":{\"@id\":\"https:\/\/www.smartparking.com\/dk\/#website\"},\"datePublished\":\"2025-04-02T11:59:39+00:00\",\"dateModified\":\"2026-02-11T14:09:02+00:00\",\"description\":\"L\u00e6s hvorfor du skal v\u00e6lge Smart Parking som din parkeringsoperat\u00f8r. Vi tilbyder innovative og p\u00e5lidelige parkeringsl\u00f8sninger, der b\u00e5de forbedrer effektivitet og kvalitet af brugeroplevelsen. B\u00e5de til dig som grundejer eller som parkant.\",\"breadcrumb\":{\"@id\":\"https:\/\/www.smartparking.com\/dk\/hvorfor-vaelge-os\/#breadcrumb\"},\"inLanguage\":\"dk-DK\",\"potentialAction\":[{\"@type\":\"ReadAction\",\"target\":[\"https:\/\/www.smartparking.com\/dk\/hvorfor-vaelge-os\/\"]}]},{\"@type\":\"BreadcrumbList\",\"@id\":\"https:\/\/www.smartparking.com\/dk\/hvorfor-vaelge-os\/#breadcrumb\",\"itemListElement\":[{\"@type\":\"ListItem\",\"position\":1,\"name\":\"Forside\",\"item\":\"https:\/\/www.smartparking.com\/dk\/\"},{\"@type\":\"ListItem\",\"position\":2,\"name\":\"Hvorfor v\u00e6lge os\"}]},{\"@type\":\"WebSite\",\"@id\":\"https:\/\/www.smartparking.com\/dk\/#website\",\"url\":\"https:\/\/www.smartparking.com\/dk\/\",\"name\":\"Smart Parking\",\"description\":\"\",\"publisher\":{\"@id\":\"https:\/\/www.smartparking.com\/dk\/#organization\"},\"potentialAction\":[{\"@type\":\"SearchAction\",\"target\":{\"@type\":\"EntryPoint\",\"urlTemplate\":\"https:\/\/www.smartparking.com\/dk\/?s={search_term_string}\"},\"query-input\":{\"@type\":\"PropertyValueSpecification\",\"valueRequired\":true,\"valueName\":\"search_term_string\"}}],\"inLanguage\":\"dk-DK\"},{\"@type\":\"Organization\",\"@id\":\"https:\/\/www.smartparking.com\/dk\/#organization\",\"name\":\"Smart Parking\",\"url\":\"https:\/\/www.smartparking.com\/dk\/\",\"logo\":{\"@type\":\"ImageObject\",\"inLanguage\":\"dk-DK\",\"@id\":\"https:\/\/www.smartparking.com\/dk\/#\/schema\/logo\/image\/\",\"url\":\"https:\/\/www.smartparking.com\/wp-content\/uploads\/2025\/06\/smart-parking-logo-icon.svg\",\"contentUrl\":\"https:\/\/www.smartparking.com\/wp-content\/uploads\/2025\/06\/smart-parking-logo-icon.svg\",\"width\":1,\"height\":1,\"caption\":\"Smart Parking\"},\"image\":{\"@id\":\"https:\/\/www.smartparking.com\/dk\/#\/schema\/logo\/image\/\"},\"sameAs\":[\"https:\/\/www.linkedin.com\/company\/smart-parking-limited\/\"]}]}<\/script>\n<!-- \/ Yoast SEO plugin. -->","yoast_head_json":{"title":"Hvorfor v\u00e6lge os? | Fordele med Smart Parking","description":"L\u00e6s hvorfor du skal v\u00e6lge Smart Parking som din parkeringsoperat\u00f8r. Vi tilbyder innovative og p\u00e5lidelige parkeringsl\u00f8sninger, der b\u00e5de forbedrer effektivitet og kvalitet af brugeroplevelsen. B\u00e5de til dig som grundejer eller som parkant.","robots":{"index":"index","follow":"follow","max-snippet":"max-snippet:-1","max-image-preview":"max-image-preview:large","max-video-preview":"max-video-preview:-1"},"canonical":"https:\/\/www.smartparking.com\/dk\/hvorfor-vaelge-os\/","og_locale":"en_US","og_type":"article","og_title":"Hvorfor v\u00e6lge os? | Fordele med Smart Parking","og_description":"L\u00e6s hvorfor du skal v\u00e6lge Smart Parking som din parkeringsoperat\u00f8r. Vi tilbyder innovative og p\u00e5lidelige parkeringsl\u00f8sninger, der b\u00e5de forbedrer effektivitet og kvalitet af brugeroplevelsen. B\u00e5de til dig som grundejer eller som parkant.","og_url":"https:\/\/www.smartparking.com\/dk\/hvorfor-vaelge-os\/","og_site_name":"Smart Parking","article_modified_time":"2026-02-11T14:09:02+00:00","og_image":[{"width":1000,"height":563,"url":"https:\/\/www.smartparking.com\/wp-content\/uploads\/2025\/03\/home-large-hex-1.jpg","type":"image\/jpeg"}],"twitter_card":"summary_large_image","schema":{"@context":"https:\/\/schema.org","@graph":[{"@type":"WebPage","@id":"https:\/\/www.smartparking.com\/dk\/hvorfor-vaelge-os\/","url":"https:\/\/www.smartparking.com\/dk\/hvorfor-vaelge-os\/","name":"Hvorfor v\u00e6lge os? | Fordele med Smart Parking","isPartOf":{"@id":"https:\/\/www.smartparking.com\/dk\/#website"},"datePublished":"2025-04-02T11:59:39+00:00","dateModified":"2026-02-11T14:09:02+00:00","description":"L\u00e6s hvorfor du skal v\u00e6lge Smart Parking som din parkeringsoperat\u00f8r. Vi tilbyder innovative og p\u00e5lidelige parkeringsl\u00f8sninger, der b\u00e5de forbedrer effektivitet og kvalitet af brugeroplevelsen. B\u00e5de til dig som grundejer eller som parkant.","breadcrumb":{"@id":"https:\/\/www.smartparking.com\/dk\/hvorfor-vaelge-os\/#breadcrumb"},"inLanguage":"dk-DK","potentialAction":[{"@type":"ReadAction","target":["https:\/\/www.smartparking.com\/dk\/hvorfor-vaelge-os\/"]}]},{"@type":"BreadcrumbList","@id":"https:\/\/www.smartparking.com\/dk\/hvorfor-vaelge-os\/#breadcrumb","itemListElement":[{"@type":"ListItem","position":1,"name":"Forside","item":"https:\/\/www.smartparking.com\/dk\/"},{"@type":"ListItem","position":2,"name":"Hvorfor v\u00e6lge os"}]},{"@type":"WebSite","@id":"https:\/\/www.smartparking.com\/dk\/#website","url":"https:\/\/www.smartparking.com\/dk\/","name":"Smart Parking","description":"","publisher":{"@id":"https:\/\/www.smartparking.com\/dk\/#organization"},"potentialAction":[{"@type":"SearchAction","target":{"@type":"EntryPoint","urlTemplate":"https:\/\/www.smartparking.com\/dk\/?s={search_term_string}"},"query-input":{"@type":"PropertyValueSpecification","valueRequired":true,"valueName":"search_term_string"}}],"inLanguage":"dk-DK"},{"@type":"Organization","@id":"https:\/\/www.smartparking.com\/dk\/#organization","name":"Smart Parking","url":"https:\/\/www.smartparking.com\/dk\/","logo":{"@type":"ImageObject","inLanguage":"dk-DK","@id":"https:\/\/www.smartparking.com\/dk\/#\/schema\/logo\/image\/","url":"https:\/\/www.smartparking.com\/wp-content\/uploads\/2025\/06\/smart-parking-logo-icon.svg","contentUrl":"https:\/\/www.smartparking.com\/wp-content\/uploads\/2025\/06\/smart-parking-logo-icon.svg","width":1,"height":1,"caption":"Smart Parking"},"image":{"@id":"https:\/\/www.smartparking.com\/dk\/#\/schema\/logo\/image\/"},"sameAs":["https:\/\/www.linkedin.com\/company\/smart-parking-limited\/"]}]}},"_links":{"self":[{"href":"https:\/\/www.smartparking.com\/dk\/wp-json\/wp\/v2\/pages\/5428","targetHints":{"allow":["GET"]}}],"collection":[{"href":"https:\/\/www.smartparking.com\/dk\/wp-json\/wp\/v2\/pages"}],"about":[{"href":"https:\/\/www.smartparking.com\/dk\/wp-json\/wp\/v2\/types\/page"}],"author":[{"embeddable":true,"href":"https:\/\/www.smartparking.com\/dk\/wp-json\/wp\/v2\/users\/2"}],"replies":[{"embeddable":true,"href":"https:\/\/www.smartparking.com\/dk\/wp-json\/wp\/v2\/comments?post=5428"}],"version-history":[{"count":33,"href":"https:\/\/www.smartparking.com\/dk\/wp-json\/wp\/v2\/pages\/5428\/revisions"}],"predecessor-version":[{"id":14834,"href":"https:\/\/www.smartparking.com\/dk\/wp-json\/wp\/v2\/pages\/5428\/revisions\/14834"}],"wp:attachment":[{"href":"https:\/\/www.smartparking.com\/dk\/wp-json\/wp\/v2\/media?parent=5428"}],"curies":[{"name":"wp","href":"https:\/\/api.w.org\/{rel}","templated":true}]}}