{"id":5458,"date":"2025-04-02T12:16:35","date_gmt":"2025-04-02T12:16:35","guid":{"rendered":"https:\/\/www.smartparking.com\/contact\/"},"modified":"2026-04-01T12:11:31","modified_gmt":"2026-04-01T12:11:31","slug":"kontakt-os","status":"publish","type":"page","link":"https:\/\/www.smartparking.com\/dk\/kontakt-os\/","title":{"rendered":"Kontakt os"},"content":{"rendered":"","protected":false},"excerpt":{"rendered":"","protected":false},"author":2,"featured_media":0,"parent":0,"menu_order":0,"comment_status":"closed","ping_status":"closed","template":"template-pages\/contact.php","meta":{"_acf_changed":false,"footnotes":""},"class_list":["post-5458","page","type-page","status-publish","hentry"],"acf":[],"yoast_head":"<!-- This site is optimized with the Yoast SEO plugin v26.9 - https:\/\/yoast.com\/product\/yoast-seo-wordpress\/ -->\n<title>Kontakt os | Smart Parking<\/title>\n<meta name=\"description\" content=\"Har du sp\u00f8rgsm\u00e5l eller brug for hj\u00e6lp? Kontakt Smart Parking i dag. Vores team st\u00e5r klar til at assistere dig med dine parkeringsbehov og finde den rette l\u00f8sning.\" \/>\n<meta name=\"robots\" content=\"index, follow, max-snippet:-1, max-image-preview:large, max-video-preview:-1\" \/>\n<link rel=\"canonical\" href=\"https:\/\/www.smartparking.com\/dk\/kontakt-os\/\" \/>\n<meta property=\"og:locale\" content=\"en_US\" \/>\n<meta property=\"og:type\" content=\"article\" \/>\n<meta property=\"og:title\" content=\"Kontakt os | Smart Parking\" \/>\n<meta property=\"og:description\" content=\"Har du sp\u00f8rgsm\u00e5l eller brug for hj\u00e6lp? Kontakt Smart Parking i dag. Vores team st\u00e5r klar til at assistere dig med dine parkeringsbehov og finde den rette l\u00f8sning.\" \/>\n<meta property=\"og:url\" content=\"https:\/\/www.smartparking.com\/dk\/kontakt-os\/\" \/>\n<meta property=\"og:site_name\" content=\"Smart Parking\" \/>\n<meta property=\"article:modified_time\" content=\"2026-04-01T12:11:31+00:00\" \/>\n<meta property=\"og:image\" content=\"https:\/\/www.smartparking.com\/wp-content\/uploads\/2025\/03\/home-large-hex-1.jpg\" \/>\n\t<meta property=\"og:image:width\" content=\"1000\" \/>\n\t<meta property=\"og:image:height\" content=\"563\" \/>\n\t<meta property=\"og:image:type\" content=\"image\/jpeg\" \/>\n<meta name=\"twitter:card\" content=\"summary_large_image\" \/>\n<script type=\"application\/ld+json\" class=\"yoast-schema-graph\">{\"@context\":\"https:\/\/schema.org\",\"@graph\":[{\"@type\":\"WebPage\",\"@id\":\"https:\/\/www.smartparking.com\/dk\/kontakt-os\/\",\"url\":\"https:\/\/www.smartparking.com\/dk\/kontakt-os\/\",\"name\":\"Kontakt os | Smart Parking\",\"isPartOf\":{\"@id\":\"https:\/\/www.smartparking.com\/dk\/#website\"},\"datePublished\":\"2025-04-02T12:16:35+00:00\",\"dateModified\":\"2026-04-01T12:11:31+00:00\",\"description\":\"Har du sp\u00f8rgsm\u00e5l eller brug for hj\u00e6lp? Kontakt Smart Parking i dag. Vores team st\u00e5r klar til at assistere dig med dine parkeringsbehov og finde den rette l\u00f8sning.\",\"breadcrumb\":{\"@id\":\"https:\/\/www.smartparking.com\/dk\/kontakt-os\/#breadcrumb\"},\"inLanguage\":\"dk-DK\",\"potentialAction\":[{\"@type\":\"ReadAction\",\"target\":[\"https:\/\/www.smartparking.com\/dk\/kontakt-os\/\"]}]},{\"@type\":\"BreadcrumbList\",\"@id\":\"https:\/\/www.smartparking.com\/dk\/kontakt-os\/#breadcrumb\",\"itemListElement\":[{\"@type\":\"ListItem\",\"position\":1,\"name\":\"Forside\",\"item\":\"https:\/\/www.smartparking.com\/dk\/\"},{\"@type\":\"ListItem\",\"position\":2,\"name\":\"Kontakt os\"}]},{\"@type\":\"WebSite\",\"@id\":\"https:\/\/www.smartparking.com\/dk\/#website\",\"url\":\"https:\/\/www.smartparking.com\/dk\/\",\"name\":\"Smart Parking\",\"description\":\"\",\"publisher\":{\"@id\":\"https:\/\/www.smartparking.com\/dk\/#organization\"},\"potentialAction\":[{\"@type\":\"SearchAction\",\"target\":{\"@type\":\"EntryPoint\",\"urlTemplate\":\"https:\/\/www.smartparking.com\/dk\/?s={search_term_string}\"},\"query-input\":{\"@type\":\"PropertyValueSpecification\",\"valueRequired\":true,\"valueName\":\"search_term_string\"}}],\"inLanguage\":\"dk-DK\"},{\"@type\":\"Organization\",\"@id\":\"https:\/\/www.smartparking.com\/dk\/#organization\",\"name\":\"Smart Parking\",\"url\":\"https:\/\/www.smartparking.com\/dk\/\",\"logo\":{\"@type\":\"ImageObject\",\"inLanguage\":\"dk-DK\",\"@id\":\"https:\/\/www.smartparking.com\/dk\/#\/schema\/logo\/image\/\",\"url\":\"https:\/\/www.smartparking.com\/wp-content\/uploads\/2025\/06\/smart-parking-logo-icon.svg\",\"contentUrl\":\"https:\/\/www.smartparking.com\/wp-content\/uploads\/2025\/06\/smart-parking-logo-icon.svg\",\"width\":1,\"height\":1,\"caption\":\"Smart Parking\"},\"image\":{\"@id\":\"https:\/\/www.smartparking.com\/dk\/#\/schema\/logo\/image\/\"},\"sameAs\":[\"https:\/\/www.linkedin.com\/company\/smart-parking-limited\/\"]}]}<\/script>\n<!-- \/ Yoast SEO plugin. -->","yoast_head_json":{"title":"Kontakt os | Smart Parking","description":"Har du sp\u00f8rgsm\u00e5l eller brug for hj\u00e6lp? Kontakt Smart Parking i dag. Vores team st\u00e5r klar til at assistere dig med dine parkeringsbehov og finde den rette l\u00f8sning.","robots":{"index":"index","follow":"follow","max-snippet":"max-snippet:-1","max-image-preview":"max-image-preview:large","max-video-preview":"max-video-preview:-1"},"canonical":"https:\/\/www.smartparking.com\/dk\/kontakt-os\/","og_locale":"en_US","og_type":"article","og_title":"Kontakt os | Smart Parking","og_description":"Har du sp\u00f8rgsm\u00e5l eller brug for hj\u00e6lp? Kontakt Smart Parking i dag. Vores team st\u00e5r klar til at assistere dig med dine parkeringsbehov og finde den rette l\u00f8sning.","og_url":"https:\/\/www.smartparking.com\/dk\/kontakt-os\/","og_site_name":"Smart Parking","article_modified_time":"2026-04-01T12:11:31+00:00","og_image":[{"width":1000,"height":563,"url":"https:\/\/www.smartparking.com\/wp-content\/uploads\/2025\/03\/home-large-hex-1.jpg","type":"image\/jpeg"}],"twitter_card":"summary_large_image","schema":{"@context":"https:\/\/schema.org","@graph":[{"@type":"WebPage","@id":"https:\/\/www.smartparking.com\/dk\/kontakt-os\/","url":"https:\/\/www.smartparking.com\/dk\/kontakt-os\/","name":"Kontakt os | Smart Parking","isPartOf":{"@id":"https:\/\/www.smartparking.com\/dk\/#website"},"datePublished":"2025-04-02T12:16:35+00:00","dateModified":"2026-04-01T12:11:31+00:00","description":"Har du sp\u00f8rgsm\u00e5l eller brug for hj\u00e6lp? Kontakt Smart Parking i dag. Vores team st\u00e5r klar til at assistere dig med dine parkeringsbehov og finde den rette l\u00f8sning.","breadcrumb":{"@id":"https:\/\/www.smartparking.com\/dk\/kontakt-os\/#breadcrumb"},"inLanguage":"dk-DK","potentialAction":[{"@type":"ReadAction","target":["https:\/\/www.smartparking.com\/dk\/kontakt-os\/"]}]},{"@type":"BreadcrumbList","@id":"https:\/\/www.smartparking.com\/dk\/kontakt-os\/#breadcrumb","itemListElement":[{"@type":"ListItem","position":1,"name":"Forside","item":"https:\/\/www.smartparking.com\/dk\/"},{"@type":"ListItem","position":2,"name":"Kontakt os"}]},{"@type":"WebSite","@id":"https:\/\/www.smartparking.com\/dk\/#website","url":"https:\/\/www.smartparking.com\/dk\/","name":"Smart Parking","description":"","publisher":{"@id":"https:\/\/www.smartparking.com\/dk\/#organization"},"potentialAction":[{"@type":"SearchAction","target":{"@type":"EntryPoint","urlTemplate":"https:\/\/www.smartparking.com\/dk\/?s={search_term_string}"},"query-input":{"@type":"PropertyValueSpecification","valueRequired":true,"valueName":"search_term_string"}}],"inLanguage":"dk-DK"},{"@type":"Organization","@id":"https:\/\/www.smartparking.com\/dk\/#organization","name":"Smart Parking","url":"https:\/\/www.smartparking.com\/dk\/","logo":{"@type":"ImageObject","inLanguage":"dk-DK","@id":"https:\/\/www.smartparking.com\/dk\/#\/schema\/logo\/image\/","url":"https:\/\/www.smartparking.com\/wp-content\/uploads\/2025\/06\/smart-parking-logo-icon.svg","contentUrl":"https:\/\/www.smartparking.com\/wp-content\/uploads\/2025\/06\/smart-parking-logo-icon.svg","width":1,"height":1,"caption":"Smart Parking"},"image":{"@id":"https:\/\/www.smartparking.com\/dk\/#\/schema\/logo\/image\/"},"sameAs":["https:\/\/www.linkedin.com\/company\/smart-parking-limited\/"]}]}},"_links":{"self":[{"href":"https:\/\/www.smartparking.com\/dk\/wp-json\/wp\/v2\/pages\/5458","targetHints":{"allow":["GET"]}}],"collection":[{"href":"https:\/\/www.smartparking.com\/dk\/wp-json\/wp\/v2\/pages"}],"about":[{"href":"https:\/\/www.smartparking.com\/dk\/wp-json\/wp\/v2\/types\/page"}],"author":[{"embeddable":true,"href":"https:\/\/www.smartparking.com\/dk\/wp-json\/wp\/v2\/users\/2"}],"replies":[{"embeddable":true,"href":"https:\/\/www.smartparking.com\/dk\/wp-json\/wp\/v2\/comments?post=5458"}],"version-history":[{"count":28,"href":"https:\/\/www.smartparking.com\/dk\/wp-json\/wp\/v2\/pages\/5458\/revisions"}],"predecessor-version":[{"id":15531,"href":"https:\/\/www.smartparking.com\/dk\/wp-json\/wp\/v2\/pages\/5458\/revisions\/15531"}],"wp:attachment":[{"href":"https:\/\/www.smartparking.com\/dk\/wp-json\/wp\/v2\/media?parent=5458"}],"curies":[{"name":"wp","href":"https:\/\/api.w.org\/{rel}","templated":true}]}}