{"id":5768,"date":"2025-04-07T11:56:53","date_gmt":"2025-04-07T11:56:53","guid":{"rendered":"https:\/\/www.smartparking.com\/parking-terms-and-conditions\/"},"modified":"2025-08-11T11:47:42","modified_gmt":"2025-08-11T11:47:42","slug":"parkeringsbetingelser","status":"publish","type":"page","link":"https:\/\/www.smartparking.com\/dk\/parkeringsbetingelser\/","title":{"rendered":"Vilk\u00e5r og betingelser for parkering samt persondatapolitik"},"content":{"rendered":"\n<h4 class=\"wp-block-heading\"><strong>Vilk\u00e5r og betingelser<\/strong><\/h4>\n\n\n\n<p>Dette parkeringsomr\u00e5de er et privat omr\u00e5de. Omr\u00e5det drives efter privatretslige regler af Smart Parking Denmark ApS. Ved at parkere her accepterer du vilk\u00e5rene i denne aftale mellem dig og Smart Parking Denmark ApS (CVR-nr.: 44 49 65 93).<\/p>\n\n\n\n<p>K\u00f8ret\u00f8jer efterlades p\u00e5 ejernes eget ansvar. Smart Parking er ikke ansvarlige for parkeringsomr\u00e5dets overflade, skader eller tab til eller fra motork\u00f8ret\u00f8jer eller for stedets generelle sikkerhed.<\/p>\n\n\n\n<p>Vi benytter ANPR-kameraer (automatisk nummerpladegenkendelse), som registrerer k\u00f8ret\u00f8jets tidspunkt for b\u00e5de ind- og udk\u00f8rsel. Parkerings- og opholdsperioden beregnes ud fra disse tidspunkter. Hvor ANPR ikke er i brug foretager vores parkeringsvagter manuelle registreringer af observationstiden ved eventuelle overtr\u00e6delser af vilk\u00e5rene som fremg\u00e5r af skiltningen. Ved parkering eller ophold accepterer du, at k\u00f8ret\u00f8jet skal v\u00e6re placeret helt inden for afm\u00e6rkningerne i en markeret parkeringsb\u00e5s.<\/p>\n\n\n\n<p><strong>Persondatapolitik<\/strong><\/p>\n\n\n\n<ul class=\"wp-block-list\">\n<li><strong>Registrering og brug af parkeringsanl\u00e6g hvor vilk\u00e5rene er overholdt<\/strong><\/li>\n<\/ul>\n\n\n\n<p>N\u00e5r du er registreret igennem SmartCloud Hub, Pay &amp; Walk, eller igennem en udbyder af digitale betalingsl\u00f8sninger, herunder fx EasyPark, og du k\u00f8rer ind og forlader et parkeringsanl\u00e6g, der drives af os, tager vi billeder af k\u00f8ret\u00f8jet og registreringsnummeret ved hj\u00e6lp af automatisk nummerpladegenkendelse (ANPR). De data, der indsamles af kameraerne, bruges til at fastsl\u00e5 din overholdelse af parkerings- og betalingsvilk\u00e5rene i din aftale med os.<\/p>\n\n\n\n<p>Vi behandler ogs\u00e5 oplysningerne om dig p\u00e5 parkeringsanl\u00e6g, som ikke benytter ANPR, s\u00e5 parkeringsvagterne kan fastsl\u00e5 din overholdelse af parkerings- og betalingsvilk\u00e5rene i din aftale med os.<\/p>\n\n\n\n<p><strong>Form\u00e5l med denne databehandling<\/strong><\/p>\n\n\n\n<p>Det overordnede form\u00e5l med at indsamle personoplysninger om brugerne af parkeringsanl\u00e6ggene og deres k\u00f8ret\u00f8jer er at udstede korrekt parkeringstilladelse, opkr\u00e6ve betaling og administrere aftaler om parkeringsordninger.<\/p>\n\n\n\n<p><strong>Typer af data<\/strong><\/p>\n\n\n\n<p>Vi behandler f\u00f8lgende personoplysninger:<\/p>\n\n\n\n<p>Reg.nr p\u00e5 k\u00f8ret\u00f8j, lokalitet p\u00e5 parkeringsanl\u00e6g, mailadresse samt eventuelle oplysninger, der indtastes i SmartCloud Hub.<\/p>\n\n\n\n<p><strong>Retsgrundlag for behandlingen:<\/strong><\/p>\n\n\n\n<p>Retsgrundlag for parkeringsregistreringer via SmartCloud Hub, Pay &amp; Walk, grundejer eller i automat og p\u00e5 tablets er databeskyttelsesforordningen art. 6, stk. 1, litra b, da behandlingen er n\u00f8dvendig af hensyn til opfyldelsen af den abonnementsaftale\/aftale om k\u00f8b af vores produkter og services. Hvor behandlingen af dine persondata ikke har en tilstr\u00e6kkelig sammenh\u00e6ng med levering af vores produkter og services, vil behandlingen af dine persondata i stedet ske p\u00e5 grundlag af databeskyttelsesforordningen art. 6, stk. 1, litra f, hvor vores legitime interesse er at levere vores produkter og services.<\/p>\n\n\n\n<p><strong>Kilde til data:<\/strong><\/p>\n\n\n\n<p>Hvis du har en parkeringsordning, kan vi modtage dit k\u00f8ret\u00f8js reg.nr. samt din mailadresse, fra grundejer, din udlejer eller din arbejdsgiver.<\/p>\n\n\n\n<p><strong>Modtagere eller kategorier af modtagere:<\/strong><\/p>\n\n\n\n<p>Vi kan dele dine personoplysninger med f\u00f8lgende modtagere:<\/p>\n\n\n\n<p>Udbydere af digitale betalingsl\u00f8sninger, herunder EasyPark<\/p>\n\n\n\n<p>Grundejer for at hj\u00e6lpe med administrationen af parkeringstjenester p\u00e5 omr\u00e5det, herunder administrationen af eventuelle relevante parkeringstilladelser<\/p>\n\n\n\n<p><strong>Opbevaringsperiode:<\/strong><\/p>\n\n\n\n<p>Vi opbevarer dine personoplysninger, s\u00e5 l\u00e6nge vi har et gyldigt form\u00e5l med at behandle dem.<\/p>\n\n\n\n<p>Hvis du har en parkeringsordning, s\u00e5 opbevarer vi dine data til den udl\u00f8bsdato, som er blevet angivet i vores system, eller til en eventuel kontrakt vedr\u00f8rende din parkeringsordning er oph\u00f8rt.<\/p>\n\n\n\n<p>Hvis du foretager en parkeringstilladelse igennem SmartCloud Hub, Pay &amp; Walk, tablets, automater eller benytter en udbyder af digitale betalingsl\u00f8sninger, herunder EasyPark, s\u00e5 opbevares personoplysningerne i op til 6 m\u00e5neder efter endt parkering<\/p>\n\n\n\n<ul class=\"wp-block-list\">\n<li><strong>Ved udstedelse af kontrolafgifter<\/strong><\/li>\n<\/ul>\n\n\n\n<p>N\u00e5r du k\u00f8rer ind, opholder dig og forlader et parkeringsanl\u00e6g, der drives af os, tager vi billeder af k\u00f8ret\u00f8jet og registreringsnummeret ved hj\u00e6lp af automatisk nummerpladegenkendelse (ANPR). Hvis du ikke har haft en gyldig parkeringstilladelse, vil du modtage en kontrolafgift.<\/p>\n\n\n\n<p>Udstedelse af kontrolafgifter kan ogs\u00e5 foretages af en parkeringsvagt, hvor der tages billeder af k\u00f8ret\u00f8jets overtr\u00e6delse.<\/p>\n\n\n\n<p><strong>Form\u00e5l med denne databehandling<\/strong><\/p>\n\n\n\n<p>Det overordnede form\u00e5l med at indsamle personoplysninger om brugerne af parkeringsanl\u00e6ggene og deres k\u00f8ret\u00f8jer er at udstede en kontrolafgift, som f\u00f8lge af overtr\u00e6delse af parkeringsvilk\u00e5rene for et privat reguleret parkeringsomr\u00e5de.<\/p>\n\n\n\n<p><strong>Typer af data<\/strong><\/p>\n\n\n\n<p>Vi behandler f\u00f8lgende personoplysninger:<\/p>\n\n\n\n<p>Lokalitet p\u00e5 parkeringsanl\u00e6g, navn, adresse, reg.nr. p\u00e5 k\u00f8ret\u00f8j, e-mailadresse, telefonnr., kontooplysninger, f\u00f8dselsdato samt eventuelle oplysninger omfattet af en henvendelse\/klage.<\/p>\n\n\n\n<p><strong>Retsgrundlag for behandlingen:<\/strong><\/p>\n\n\n\n<p>Retsgrundlaget for udstedelse af kontrolafgifter findes i bekendtg\u00f8relse om indg\u00e5else af visse aftaler om parkering og udstedelse af kontrolafgifter p\u00e5 private parkeringsomr\u00e5der og databeskyttelsesforordningen art. 6, stk. 1, litra f (forf\u00f8lge legitim interesse).<\/p>\n\n\n\n<p>Ved videregivelse af personoplysninger til inddrivelse hos inkasso, er retsgrundlaget databeskyttelsesforordningens art. 6, stk. 1, litra b.<\/p>\n\n\n\n<p><strong>Kilde til data:<\/strong><\/p>\n\n\n\n<p>Hvis du f\u00e5r en kontrolafgift, indhenter vi oplysninger fra:<\/p>\n\n\n\n<p>Det Digitale Motorregister (DMR), SKAT, ejer af k\u00f8ret\u00f8jet eller udlejer\/s\u00e6lger af k\u00f8ret\u00f8jet.<\/p>\n\n\n\n<p><strong>Modtagere eller kategorier af modtagere:<\/strong><\/p>\n\n\n\n<p>Oplysninger kan videregives til ekstern inkassosamarbejdspartner, som f\u00f8lge af manglende betaling.<\/p>\n\n\n\n<p>Oplysningerne kan ogs\u00e5 videregives til ejeren af parkeringsanl\u00e6gget, hvis form\u00e5let er sagligt og relevant. Videregivelse af oplysningerne begr\u00e6nses til det, som er n\u00f8dvendigt for at opfylde form\u00e5let.<\/p>\n\n\n\n<p><strong>Opbevaringsperiode:<\/strong><\/p>\n\n\n\n<p>Vi opbevarer dine personoplysninger, s\u00e5 l\u00e6nge vi har et gyldigt form\u00e5l med at behandle dem. Som udgangspunkt slettes dine personoplysninger senest 10 m\u00e5neder efter, at din sag er afsluttet.<\/p>\n\n\n\n<p><strong>Du har ret til at anmode om f\u00f8lgende vedr\u00f8rende vores brug af dine personlige data:<\/strong><\/p>\n\n\n\n<p>Du har ret til indsigt i dine personoplysninger, til at f\u00e5 dem rettet eller slettet, til at begr\u00e6nse eller g\u00f8re indsigelse mod behandlingen, til dataportabilitet, til at tr\u00e6kke et evt. samtykke tilbage, til at klage til en tilsynsmyndighed samt til at modtage oplysninger om eventuelle overf\u00f8rsler af dine data til tredjelande og de garantier, der beskytter dem.<\/p>\n\n\n\n<p>Vores fulde privatlivspolitik findes online p\u00e5&nbsp;<a href=\"https:\/\/www.smartparking.com\/dk\/persondatapolitik\/\">https:\/\/www.smartparking.com\/dk\/persondatapolitik<\/a><\/p>\n\n\n\n<p>Du kan ogs\u00e5 kontakte vores databeskyttelsesansvarlige via e-mail p\u00e5&nbsp;<a href=\"mailto:DPO@SmartParking.com\">DPO@SmartParking.com<\/a><\/p>\n\n\n\n<p>Hvis du vil klage over vores behandling af dine personoplysninger, har du ogs\u00e5 mulighed for at kontakte Datatilsynet via&nbsp;<a href=\"https:\/\/www.datatilsynet.dk\/borger\/klage\/saadan-klager-du\" target=\"_blank\" rel=\"noreferrer noopener\">https:\/\/www.datatilsynet.dk\/borger\/klage\/saadan-klager-du<\/a><\/p>\n\n\n\n<p><strong>KONTAKTOPLYSNINGER<\/strong><br>Smart Parking Denmark<br>Lysk\u00e6r 8B st.<br>2730 Herlev.<br>CVR-nummer 44496593<br>Telefonnummer 71 99 16 25<br>Mail:&nbsp;<a href=\"mailto:Denmark@smartparking.com\">denmark@smartparking.com<\/a><\/p>\n","protected":false},"excerpt":{"rendered":"","protected":false},"author":2,"featured_media":0,"parent":0,"menu_order":0,"comment_status":"closed","ping_status":"closed","template":"template-pages\/policy.php","meta":{"_acf_changed":false,"footnotes":""},"class_list":["post-5768","page","type-page","status-publish","hentry"],"acf":[],"yoast_head":"<!-- This site is optimized with the Yoast SEO plugin v26.9 - https:\/\/yoast.com\/product\/yoast-seo-wordpress\/ -->\n<title>Parkeringsbetingelser | Smart Parking<\/title>\n<meta name=\"description\" content=\"Smart Parking tilbyder skr\u00e6ddersyede parkeringsl\u00f8sninger for parkeringsselskaber. Optimer parkeringskontrol og forbedr brugeroplevelsen med vores avancerede teknologier og tilpassede l\u00f8sninger.\" \/>\n<meta name=\"robots\" content=\"index, follow, max-snippet:-1, max-image-preview:large, max-video-preview:-1\" \/>\n<link rel=\"canonical\" href=\"https:\/\/www.smartparking.com\/dk\/parkeringsbetingelser\/\" \/>\n<meta property=\"og:locale\" content=\"en_US\" \/>\n<meta property=\"og:type\" content=\"article\" \/>\n<meta property=\"og:title\" content=\"Parkeringsbetingelser | Smart Parking\" \/>\n<meta property=\"og:description\" content=\"Smart Parking tilbyder skr\u00e6ddersyede parkeringsl\u00f8sninger for parkeringsselskaber. Optimer parkeringskontrol og forbedr brugeroplevelsen med vores avancerede teknologier og tilpassede l\u00f8sninger.\" \/>\n<meta property=\"og:url\" content=\"https:\/\/www.smartparking.com\/dk\/parkeringsbetingelser\/\" \/>\n<meta property=\"og:site_name\" content=\"Smart Parking\" \/>\n<meta property=\"article:modified_time\" content=\"2025-08-11T11:47:42+00:00\" \/>\n<meta property=\"og:image\" content=\"https:\/\/www.smartparking.com\/wp-content\/uploads\/2025\/03\/home-large-hex-1.jpg\" \/>\n\t<meta property=\"og:image:width\" content=\"1000\" \/>\n\t<meta property=\"og:image:height\" content=\"563\" \/>\n\t<meta property=\"og:image:type\" content=\"image\/jpeg\" \/>\n<meta name=\"twitter:card\" content=\"summary_large_image\" \/>\n<meta name=\"twitter:label1\" content=\"Est. reading time\" \/>\n\t<meta name=\"twitter:data1\" content=\"4 minutes\" \/>\n<script type=\"application\/ld+json\" class=\"yoast-schema-graph\">{\"@context\":\"https:\/\/schema.org\",\"@graph\":[{\"@type\":\"WebPage\",\"@id\":\"https:\/\/www.smartparking.com\/dk\/parkeringsbetingelser\/\",\"url\":\"https:\/\/www.smartparking.com\/dk\/parkeringsbetingelser\/\",\"name\":\"Parkeringsbetingelser | Smart Parking\",\"isPartOf\":{\"@id\":\"https:\/\/www.smartparking.com\/dk\/#website\"},\"datePublished\":\"2025-04-07T11:56:53+00:00\",\"dateModified\":\"2025-08-11T11:47:42+00:00\",\"description\":\"Smart Parking tilbyder skr\u00e6ddersyede parkeringsl\u00f8sninger for parkeringsselskaber. Optimer parkeringskontrol og forbedr brugeroplevelsen med vores avancerede teknologier og tilpassede l\u00f8sninger.\",\"breadcrumb\":{\"@id\":\"https:\/\/www.smartparking.com\/dk\/parkeringsbetingelser\/#breadcrumb\"},\"inLanguage\":\"dk-DK\",\"potentialAction\":[{\"@type\":\"ReadAction\",\"target\":[\"https:\/\/www.smartparking.com\/dk\/parkeringsbetingelser\/\"]}]},{\"@type\":\"BreadcrumbList\",\"@id\":\"https:\/\/www.smartparking.com\/dk\/parkeringsbetingelser\/#breadcrumb\",\"itemListElement\":[{\"@type\":\"ListItem\",\"position\":1,\"name\":\"Forside\",\"item\":\"https:\/\/www.smartparking.com\/dk\/\"},{\"@type\":\"ListItem\",\"position\":2,\"name\":\"Vilk\u00e5r og betingelser for parkering samt persondatapolitik\"}]},{\"@type\":\"WebSite\",\"@id\":\"https:\/\/www.smartparking.com\/dk\/#website\",\"url\":\"https:\/\/www.smartparking.com\/dk\/\",\"name\":\"Smart Parking\",\"description\":\"\",\"publisher\":{\"@id\":\"https:\/\/www.smartparking.com\/dk\/#organization\"},\"potentialAction\":[{\"@type\":\"SearchAction\",\"target\":{\"@type\":\"EntryPoint\",\"urlTemplate\":\"https:\/\/www.smartparking.com\/dk\/?s={search_term_string}\"},\"query-input\":{\"@type\":\"PropertyValueSpecification\",\"valueRequired\":true,\"valueName\":\"search_term_string\"}}],\"inLanguage\":\"dk-DK\"},{\"@type\":\"Organization\",\"@id\":\"https:\/\/www.smartparking.com\/dk\/#organization\",\"name\":\"Smart Parking\",\"url\":\"https:\/\/www.smartparking.com\/dk\/\",\"logo\":{\"@type\":\"ImageObject\",\"inLanguage\":\"dk-DK\",\"@id\":\"https:\/\/www.smartparking.com\/dk\/#\/schema\/logo\/image\/\",\"url\":\"https:\/\/www.smartparking.com\/wp-content\/uploads\/2025\/06\/smart-parking-logo-icon.svg\",\"contentUrl\":\"https:\/\/www.smartparking.com\/wp-content\/uploads\/2025\/06\/smart-parking-logo-icon.svg\",\"width\":1,\"height\":1,\"caption\":\"Smart Parking\"},\"image\":{\"@id\":\"https:\/\/www.smartparking.com\/dk\/#\/schema\/logo\/image\/\"},\"sameAs\":[\"https:\/\/www.linkedin.com\/company\/smart-parking-limited\/\"]}]}<\/script>\n<!-- \/ Yoast SEO plugin. -->","yoast_head_json":{"title":"Parkeringsbetingelser | Smart Parking","description":"Smart Parking tilbyder skr\u00e6ddersyede parkeringsl\u00f8sninger for parkeringsselskaber. Optimer parkeringskontrol og forbedr brugeroplevelsen med vores avancerede teknologier og tilpassede l\u00f8sninger.","robots":{"index":"index","follow":"follow","max-snippet":"max-snippet:-1","max-image-preview":"max-image-preview:large","max-video-preview":"max-video-preview:-1"},"canonical":"https:\/\/www.smartparking.com\/dk\/parkeringsbetingelser\/","og_locale":"en_US","og_type":"article","og_title":"Parkeringsbetingelser | Smart Parking","og_description":"Smart Parking tilbyder skr\u00e6ddersyede parkeringsl\u00f8sninger for parkeringsselskaber. Optimer parkeringskontrol og forbedr brugeroplevelsen med vores avancerede teknologier og tilpassede l\u00f8sninger.","og_url":"https:\/\/www.smartparking.com\/dk\/parkeringsbetingelser\/","og_site_name":"Smart Parking","article_modified_time":"2025-08-11T11:47:42+00:00","og_image":[{"width":1000,"height":563,"url":"https:\/\/www.smartparking.com\/wp-content\/uploads\/2025\/03\/home-large-hex-1.jpg","type":"image\/jpeg"}],"twitter_card":"summary_large_image","twitter_misc":{"Est. reading time":"4 minutes"},"schema":{"@context":"https:\/\/schema.org","@graph":[{"@type":"WebPage","@id":"https:\/\/www.smartparking.com\/dk\/parkeringsbetingelser\/","url":"https:\/\/www.smartparking.com\/dk\/parkeringsbetingelser\/","name":"Parkeringsbetingelser | Smart Parking","isPartOf":{"@id":"https:\/\/www.smartparking.com\/dk\/#website"},"datePublished":"2025-04-07T11:56:53+00:00","dateModified":"2025-08-11T11:47:42+00:00","description":"Smart Parking tilbyder skr\u00e6ddersyede parkeringsl\u00f8sninger for parkeringsselskaber. Optimer parkeringskontrol og forbedr brugeroplevelsen med vores avancerede teknologier og tilpassede l\u00f8sninger.","breadcrumb":{"@id":"https:\/\/www.smartparking.com\/dk\/parkeringsbetingelser\/#breadcrumb"},"inLanguage":"dk-DK","potentialAction":[{"@type":"ReadAction","target":["https:\/\/www.smartparking.com\/dk\/parkeringsbetingelser\/"]}]},{"@type":"BreadcrumbList","@id":"https:\/\/www.smartparking.com\/dk\/parkeringsbetingelser\/#breadcrumb","itemListElement":[{"@type":"ListItem","position":1,"name":"Forside","item":"https:\/\/www.smartparking.com\/dk\/"},{"@type":"ListItem","position":2,"name":"Vilk\u00e5r og betingelser for parkering samt persondatapolitik"}]},{"@type":"WebSite","@id":"https:\/\/www.smartparking.com\/dk\/#website","url":"https:\/\/www.smartparking.com\/dk\/","name":"Smart Parking","description":"","publisher":{"@id":"https:\/\/www.smartparking.com\/dk\/#organization"},"potentialAction":[{"@type":"SearchAction","target":{"@type":"EntryPoint","urlTemplate":"https:\/\/www.smartparking.com\/dk\/?s={search_term_string}"},"query-input":{"@type":"PropertyValueSpecification","valueRequired":true,"valueName":"search_term_string"}}],"inLanguage":"dk-DK"},{"@type":"Organization","@id":"https:\/\/www.smartparking.com\/dk\/#organization","name":"Smart Parking","url":"https:\/\/www.smartparking.com\/dk\/","logo":{"@type":"ImageObject","inLanguage":"dk-DK","@id":"https:\/\/www.smartparking.com\/dk\/#\/schema\/logo\/image\/","url":"https:\/\/www.smartparking.com\/wp-content\/uploads\/2025\/06\/smart-parking-logo-icon.svg","contentUrl":"https:\/\/www.smartparking.com\/wp-content\/uploads\/2025\/06\/smart-parking-logo-icon.svg","width":1,"height":1,"caption":"Smart Parking"},"image":{"@id":"https:\/\/www.smartparking.com\/dk\/#\/schema\/logo\/image\/"},"sameAs":["https:\/\/www.linkedin.com\/company\/smart-parking-limited\/"]}]}},"_links":{"self":[{"href":"https:\/\/www.smartparking.com\/dk\/wp-json\/wp\/v2\/pages\/5768","targetHints":{"allow":["GET"]}}],"collection":[{"href":"https:\/\/www.smartparking.com\/dk\/wp-json\/wp\/v2\/pages"}],"about":[{"href":"https:\/\/www.smartparking.com\/dk\/wp-json\/wp\/v2\/types\/page"}],"author":[{"embeddable":true,"href":"https:\/\/www.smartparking.com\/dk\/wp-json\/wp\/v2\/users\/2"}],"replies":[{"embeddable":true,"href":"https:\/\/www.smartparking.com\/dk\/wp-json\/wp\/v2\/comments?post=5768"}],"version-history":[{"count":11,"href":"https:\/\/www.smartparking.com\/dk\/wp-json\/wp\/v2\/pages\/5768\/revisions"}],"predecessor-version":[{"id":12651,"href":"https:\/\/www.smartparking.com\/dk\/wp-json\/wp\/v2\/pages\/5768\/revisions\/12651"}],"wp:attachment":[{"href":"https:\/\/www.smartparking.com\/dk\/wp-json\/wp\/v2\/media?parent=5768"}],"curies":[{"name":"wp","href":"https:\/\/api.w.org\/{rel}","templated":true}]}}