{"id":5836,"date":"2025-04-07T11:44:52","date_gmt":"2025-04-07T11:44:52","guid":{"rendered":"https:\/\/www.smartparking.com\/privacy-and-cookie-policy\/"},"modified":"2025-05-15T10:22:59","modified_gmt":"2025-05-15T10:22:59","slug":"cookie-og-privatlivspolitik","status":"publish","type":"page","link":"https:\/\/www.smartparking.com\/dk\/cookie-og-privatlivspolitik\/","title":{"rendered":"Cookie &#8211; og privatlivspolitik"},"content":{"rendered":"\n<p>Velkommen til vores hjemmeside. Hvis du forts\u00e6tter med at browse og bruge denne hjemmeside, accepterer du at overholde og v\u00e6re bundet af f\u00f8lgende brugsbetingelser, som sammen med vores privatlivspolitik styrer forholdet mellem Smart Parking Limited og dig i relation til denne hjemmeside. Hvis du er uenig i nogen del af disse vilk\u00e5r og betingelser, bedes du undlade at bruge vores hjemmeside.<\/p>\n\n\n\n<p>Udtrykket \u2018os\u2019 eller \u2018vi\u2019 refererer til<\/p>\n\n\n\n<p>Smart Parking Denmark<br>Lysk\u00e6r 8B st.<br>2730 Herlev.<br>CVR-nummer 44496593<\/p>\n\n\n\n<p>Udtrykket \u2018du\u2019 refererer til brugeren eller seeren af vores hjemmeside. Brugen af denne hjemmeside er underlagt f\u00f8lgende brugsbetingelser:<\/p>\n\n\n\n<p>Indholdet p\u00e5 siderne af denne hjemmeside er kun til din generelle information og brug. Det kan \u00e6ndres uden varsel.<br>Vi indsamler personlige oplysninger om dig p\u00e5 f\u00f8lgende m\u00e5der:<\/p>\n\n\n\n<ul class=\"wp-block-list\">\n<li>Fra internetcookies, der placeres i din browser fra vores online markedsf\u00f8ringsv\u00e6rkt\u00f8jer. Disse cookies indsamler information om, hvordan bes\u00f8gende bruger en hjemmeside, for eksempel hvilke sider bes\u00f8gende oftest g\u00e5r til, og om de f\u00e5r fejlmeddelelser fra websider. Disse cookies indsamler ikke information, der identificerer en bes\u00f8gende. Alle oplysninger, disse cookies indsamler, er aggregerede og derfor anonyme. De bruges kun til at forbedre, hvordan en hjemmeside fungerer.<\/li>\n\n\n\n<li>Fra oplysninger, du giver p\u00e5 vores kontaktformular eller andre formularer, der vises p\u00e5 vores hjemmeside.<\/li>\n\n\n\n<li>Fra telefonopkald via telefonnumre, der vises p\u00e5 vores hjemmeside eller andre steder online, hvilket kan resultere i, at dit opkald bliver optaget.<\/li>\n\n\n\n<li>Fra e-mails, du sender til vores dom\u00e6neadresse.<\/li>\n<\/ul>\n\n\n\n<p>Vi bruger en r\u00e6kke internetrapporterings-, analyse- og markedsf\u00f8ringsv\u00e6rkt\u00f8jer, der bruger cookies og anden tracking- og optagelsessoftware til at spore dine interaktioner med vores hjemmeside og online reklamekampagner, som inkluderer:<\/p>\n\n\n\n<p>Google Analytics Reporting Tool \u2013 Denne software bruger cookies og giver os mulighed for at analysere din aktivitet og dine interaktioner med vores hjemmeside, herunder hvor l\u00e6nge du var p\u00e5 vores hjemmeside, og om du er en ny eller tilbagevendende bruger, hvilke sider og hvilket indhold du s\u00e5 p\u00e5, fx videoer du s\u00e5, links du klikkede p\u00e5, formularer du udfyldte og elementer du downloadede.<\/p>\n\n\n\n<p>Google AdWords Remarketing og Google Analytics Remarketing Tools \u2013 Disse markedsf\u00f8ringsv\u00e6rkt\u00f8jer g\u00f8r det muligt for os at opbygge anonyme lister over hjemmesidebes\u00f8gende, der har bes\u00f8gt vores hjemmeside, og g\u00f8r det muligt for os at vise annoncer til disse bes\u00f8gende i s\u00f8geresultatsider og p\u00e5 andre hjemmesider.<\/p>\n\n\n\n<p>Google Display Network Impression Reporting \u2013 Dette rapporteringsv\u00e6rkt\u00f8j g\u00f8r det muligt for os at se, om en hjemmesidebes\u00f8gende har set en af vores Google Display-annoncer og derefter vendt tilbage til vores hjemmeside p\u00e5 en anden m\u00e5de, fx ved at komme direkte til hjemmesiden. Dette g\u00f8r det muligt for os at tilskrive en konverteringshandling p\u00e5 hjemmesiden, fx en visning af en promoveringsvideo eller en lead-genereringsformularindsendelse p\u00e5 vores hjemmeside.<\/p>\n\n\n\n<p>Google Analytics Demographics and Interest Reporting \u2013 Dette rapporteringsv\u00e6rkt\u00f8j g\u00f8r det muligt for os at analysere demografisk information og kan give os mulighed for at se din alderskategori, k\u00f8n, familielivsfase og interesser samt hvilke emner og indhold du har set online.<\/p>\n\n\n\n<p>Call Tracking Metrics \u2013 Dette rapporteringsv\u00e6rkt\u00f8j g\u00f8r det muligt for os at afg\u00f8re, hvilke markedsf\u00f8ringskanaler du har brugt for at f\u00e5 adgang til vores hjemmeside, f\u00f8r du foretog et telefonopkald til os, ved at vise forskellige telefonnumre baseret p\u00e5 din henvisningskanal. Dette v\u00e6rkt\u00f8j optager ogs\u00e5 telefonmetadata og optager telefonopkaldet.<\/p>\n\n\n\n<p>Hotjar Website Analytics and Feedback Tool \u2013 Dette v\u00e6rkt\u00f8j g\u00f8r det muligt for os at overv\u00e5ge og optage dine brugersessioner og se, hvordan du interagerer med vores hjemmeside. Dette v\u00e6rkt\u00f8j giver ogs\u00e5 demografisk og adf\u00e6rdsm\u00e6ssig rapportering, der inkluderer hvilke sider du s\u00e5 p\u00e5, hvor du rullede til, og hvilke links du klikkede p\u00e5 p\u00e5 vores hjemmeside, ud over information om din internetforbundne enhed og placering.<\/p>\n\n\n\n<p>Website Content Management System \u2013 Vores hjemmeside gemmer information, som du har indsendt til os ved hj\u00e6lp af vores kontaktformular eller lead-genereringsformularer. Denne information gemmes i vores hjemmesidedatabase, som er beskyttet med adgangskode.<br>Inbound Link Tracking Software and Analytics (UTM) \u2013 Dette er indg\u00e5ende links til vores hjemmeside, der g\u00f8r det muligt for os at afg\u00f8re, hvilke markedsf\u00f8ringskanaler og kampagneannoncer du har klikket p\u00e5 for at komme til vores hjemmeside.<\/p>\n\n\n\n<p>Hverken vi eller nogen tredjepart giver nogen garanti eller forsikring med hensyn til n\u00f8jagtigheden, aktualiteten, ydeevnen, fuldst\u00e6ndigheden eller egnetheden af informationen og materialerne fundet eller tilbudt p\u00e5 denne hjemmeside til nogen bestemt form\u00e5l. Du anerkender, at s\u00e5danne informationer og materialer kan indeholde un\u00f8jagtigheder eller fejl, og vi fraskriver os udtrykkeligt ansvar for s\u00e5danne un\u00f8jagtigheder eller fejl i det omfang, loven tillader det.<\/p>\n\n\n\n<p>Din brug af enhver information eller materiale p\u00e5 denne hjemmeside er helt p\u00e5 egen risiko, for hvilket vi ikke skal v\u00e6re ansvarlige. Det skal v\u00e6re dit eget ansvar at sikre, at ethvert produkt, service eller information tilg\u00e6ngelig gennem denne hjemmeside opfylder dine specifikke krav.<\/p>\n\n\n\n<p>Denne hjemmeside indeholder materiale, som ejes af eller er licenseret til os. Dette materiale inkluderer, men er ikke begr\u00e6nset til, design, layout, udseende, og grafik. Reproduktion er forbudt, bortset fra i overensstemmelse med copyright-meddelelsen, som udg\u00f8r en del af disse vilk\u00e5r og betingelser.<\/p>\n\n\n\n<p>Alle varem\u00e6rker gengivet p\u00e5 denne hjemmeside, som ikke er operat\u00f8rens ejendom eller licenseret til operat\u00f8ren, anerkendes p\u00e5 hjemmesiden.<\/p>\n\n\n\n<p>Uautoriseret brug af denne hjemmeside kan give anledning til et krav om erstatning og\/eller v\u00e6re en strafbar handling.<\/p>\n\n\n\n<p>Fra tid til anden kan denne hjemmeside ogs\u00e5 inkludere links til andre hjemmesider. Disse links er til din bekvemmelighed for at give yderligere information. De betyder ikke, at vi godkender hjemmesiden\/hjemmesiderne. Vi har intet ansvar for indholdet p\u00e5 de linkede hjemmeside(r).<\/p>\n\n\n\n<p>Din brug af denne hjemmeside og enhver tvist, der opst\u00e5r som f\u00f8lge af s\u00e5dan brug af hjemmesiden, er underlagt loven i Danmark.<\/p>\n","protected":false},"excerpt":{"rendered":"","protected":false},"author":2,"featured_media":5788,"parent":0,"menu_order":0,"comment_status":"closed","ping_status":"closed","template":"template-pages\/policy.php","meta":{"_acf_changed":false,"footnotes":""},"class_list":["post-5836","page","type-page","status-publish","has-post-thumbnail","hentry"],"acf":[],"yoast_head":"<!-- This site is optimized with the Yoast SEO plugin v26.9 - https:\/\/yoast.com\/product\/yoast-seo-wordpress\/ -->\n<title>Cookie - og privatlivspolitik | Smart Parking<\/title>\n<meta name=\"description\" content=\"Smart Parking tilbyder skr&#xE6;ddersyede parkeringsl&#xF8;sninger for parkeringsselskaber. Optimer parkeringskontrol og forbedr brugeroplevelsen med vores avancerede teknologier og tilpassede l&#xF8;sninger.\" \/>\n<meta name=\"robots\" content=\"index, follow, max-snippet:-1, max-image-preview:large, max-video-preview:-1\" \/>\n<link rel=\"canonical\" href=\"https:\/\/www.smartparking.com\/dk\/cookie-og-privatlivspolitik\/\" \/>\n<meta property=\"og:locale\" content=\"en_US\" \/>\n<meta property=\"og:type\" content=\"article\" \/>\n<meta property=\"og:title\" content=\"Cookie - og privatlivspolitik | Smart Parking\" \/>\n<meta property=\"og:description\" content=\"Smart Parking tilbyder skr&#xE6;ddersyede parkeringsl&#xF8;sninger for parkeringsselskaber. Optimer parkeringskontrol og forbedr brugeroplevelsen med vores avancerede teknologier og tilpassede l&#xF8;sninger.\" \/>\n<meta property=\"og:url\" content=\"https:\/\/www.smartparking.com\/dk\/cookie-og-privatlivspolitik\/\" \/>\n<meta property=\"og:site_name\" content=\"Smart Parking\" \/>\n<meta property=\"article:modified_time\" content=\"2025-05-15T10:22:59+00:00\" \/>\n<meta property=\"og:image\" content=\"https:\/\/www.smartparking.com\/wp-content\/uploads\/2025\/04\/dji_0306-scaled.jpg\" \/>\n\t<meta property=\"og:image:width\" content=\"2560\" \/>\n\t<meta property=\"og:image:height\" content=\"1440\" \/>\n\t<meta property=\"og:image:type\" content=\"image\/jpeg\" \/>\n<meta name=\"twitter:card\" content=\"summary_large_image\" \/>\n<meta name=\"twitter:label1\" content=\"Est. reading time\" \/>\n\t<meta name=\"twitter:data1\" content=\"5 minutes\" \/>\n<script type=\"application\/ld+json\" class=\"yoast-schema-graph\">{\"@context\":\"https:\/\/schema.org\",\"@graph\":[{\"@type\":\"WebPage\",\"@id\":\"https:\/\/www.smartparking.com\/dk\/cookie-og-privatlivspolitik\/\",\"url\":\"https:\/\/www.smartparking.com\/dk\/cookie-og-privatlivspolitik\/\",\"name\":\"Cookie - og privatlivspolitik | Smart Parking\",\"isPartOf\":{\"@id\":\"https:\/\/www.smartparking.com\/dk\/#website\"},\"primaryImageOfPage\":{\"@id\":\"https:\/\/www.smartparking.com\/dk\/cookie-og-privatlivspolitik\/#primaryimage\"},\"image\":{\"@id\":\"https:\/\/www.smartparking.com\/dk\/cookie-og-privatlivspolitik\/#primaryimage\"},\"thumbnailUrl\":\"https:\/\/www.smartparking.com\/wp-content\/uploads\/2025\/04\/dji_0306-scaled.jpg\",\"datePublished\":\"2025-04-07T11:44:52+00:00\",\"dateModified\":\"2025-05-15T10:22:59+00:00\",\"description\":\"Smart Parking tilbyder skr&#xE6;ddersyede parkeringsl&#xF8;sninger for parkeringsselskaber. Optimer parkeringskontrol og forbedr brugeroplevelsen med vores avancerede teknologier og tilpassede l&#xF8;sninger.\",\"breadcrumb\":{\"@id\":\"https:\/\/www.smartparking.com\/dk\/cookie-og-privatlivspolitik\/#breadcrumb\"},\"inLanguage\":\"dk-DK\",\"potentialAction\":[{\"@type\":\"ReadAction\",\"target\":[\"https:\/\/www.smartparking.com\/dk\/cookie-og-privatlivspolitik\/\"]}]},{\"@type\":\"ImageObject\",\"inLanguage\":\"dk-DK\",\"@id\":\"https:\/\/www.smartparking.com\/dk\/cookie-og-privatlivspolitik\/#primaryimage\",\"url\":\"https:\/\/www.smartparking.com\/wp-content\/uploads\/2025\/04\/dji_0306-scaled.jpg\",\"contentUrl\":\"https:\/\/www.smartparking.com\/wp-content\/uploads\/2025\/04\/dji_0306-scaled.jpg\",\"width\":2560,\"height\":1440,\"caption\":\"default\"},{\"@type\":\"BreadcrumbList\",\"@id\":\"https:\/\/www.smartparking.com\/dk\/cookie-og-privatlivspolitik\/#breadcrumb\",\"itemListElement\":[{\"@type\":\"ListItem\",\"position\":1,\"name\":\"Forside\",\"item\":\"https:\/\/www.smartparking.com\/dk\/\"},{\"@type\":\"ListItem\",\"position\":2,\"name\":\"Cookie &#8211; og privatlivspolitik\"}]},{\"@type\":\"WebSite\",\"@id\":\"https:\/\/www.smartparking.com\/dk\/#website\",\"url\":\"https:\/\/www.smartparking.com\/dk\/\",\"name\":\"Smart Parking\",\"description\":\"\",\"publisher\":{\"@id\":\"https:\/\/www.smartparking.com\/dk\/#organization\"},\"potentialAction\":[{\"@type\":\"SearchAction\",\"target\":{\"@type\":\"EntryPoint\",\"urlTemplate\":\"https:\/\/www.smartparking.com\/dk\/?s={search_term_string}\"},\"query-input\":{\"@type\":\"PropertyValueSpecification\",\"valueRequired\":true,\"valueName\":\"search_term_string\"}}],\"inLanguage\":\"dk-DK\"},{\"@type\":\"Organization\",\"@id\":\"https:\/\/www.smartparking.com\/dk\/#organization\",\"name\":\"Smart Parking\",\"url\":\"https:\/\/www.smartparking.com\/dk\/\",\"logo\":{\"@type\":\"ImageObject\",\"inLanguage\":\"dk-DK\",\"@id\":\"https:\/\/www.smartparking.com\/dk\/#\/schema\/logo\/image\/\",\"url\":\"https:\/\/www.smartparking.com\/wp-content\/uploads\/2025\/06\/smart-parking-logo-icon.svg\",\"contentUrl\":\"https:\/\/www.smartparking.com\/wp-content\/uploads\/2025\/06\/smart-parking-logo-icon.svg\",\"width\":1,\"height\":1,\"caption\":\"Smart Parking\"},\"image\":{\"@id\":\"https:\/\/www.smartparking.com\/dk\/#\/schema\/logo\/image\/\"},\"sameAs\":[\"https:\/\/www.linkedin.com\/company\/smart-parking-limited\/\"]}]}<\/script>\n<!-- \/ Yoast SEO plugin. -->","yoast_head_json":{"title":"Cookie - og privatlivspolitik | Smart Parking","description":"Smart Parking tilbyder skr&#xE6;ddersyede parkeringsl&#xF8;sninger for parkeringsselskaber. Optimer parkeringskontrol og forbedr brugeroplevelsen med vores avancerede teknologier og tilpassede l&#xF8;sninger.","robots":{"index":"index","follow":"follow","max-snippet":"max-snippet:-1","max-image-preview":"max-image-preview:large","max-video-preview":"max-video-preview:-1"},"canonical":"https:\/\/www.smartparking.com\/dk\/cookie-og-privatlivspolitik\/","og_locale":"en_US","og_type":"article","og_title":"Cookie - og privatlivspolitik | Smart Parking","og_description":"Smart Parking tilbyder skr&#xE6;ddersyede parkeringsl&#xF8;sninger for parkeringsselskaber. Optimer parkeringskontrol og forbedr brugeroplevelsen med vores avancerede teknologier og tilpassede l&#xF8;sninger.","og_url":"https:\/\/www.smartparking.com\/dk\/cookie-og-privatlivspolitik\/","og_site_name":"Smart Parking","article_modified_time":"2025-05-15T10:22:59+00:00","og_image":[{"width":2560,"height":1440,"url":"https:\/\/www.smartparking.com\/wp-content\/uploads\/2025\/04\/dji_0306-scaled.jpg","type":"image\/jpeg"}],"twitter_card":"summary_large_image","twitter_misc":{"Est. reading time":"5 minutes"},"schema":{"@context":"https:\/\/schema.org","@graph":[{"@type":"WebPage","@id":"https:\/\/www.smartparking.com\/dk\/cookie-og-privatlivspolitik\/","url":"https:\/\/www.smartparking.com\/dk\/cookie-og-privatlivspolitik\/","name":"Cookie - og privatlivspolitik | Smart Parking","isPartOf":{"@id":"https:\/\/www.smartparking.com\/dk\/#website"},"primaryImageOfPage":{"@id":"https:\/\/www.smartparking.com\/dk\/cookie-og-privatlivspolitik\/#primaryimage"},"image":{"@id":"https:\/\/www.smartparking.com\/dk\/cookie-og-privatlivspolitik\/#primaryimage"},"thumbnailUrl":"https:\/\/www.smartparking.com\/wp-content\/uploads\/2025\/04\/dji_0306-scaled.jpg","datePublished":"2025-04-07T11:44:52+00:00","dateModified":"2025-05-15T10:22:59+00:00","description":"Smart Parking tilbyder skr&#xE6;ddersyede parkeringsl&#xF8;sninger for parkeringsselskaber. Optimer parkeringskontrol og forbedr brugeroplevelsen med vores avancerede teknologier og tilpassede l&#xF8;sninger.","breadcrumb":{"@id":"https:\/\/www.smartparking.com\/dk\/cookie-og-privatlivspolitik\/#breadcrumb"},"inLanguage":"dk-DK","potentialAction":[{"@type":"ReadAction","target":["https:\/\/www.smartparking.com\/dk\/cookie-og-privatlivspolitik\/"]}]},{"@type":"ImageObject","inLanguage":"dk-DK","@id":"https:\/\/www.smartparking.com\/dk\/cookie-og-privatlivspolitik\/#primaryimage","url":"https:\/\/www.smartparking.com\/wp-content\/uploads\/2025\/04\/dji_0306-scaled.jpg","contentUrl":"https:\/\/www.smartparking.com\/wp-content\/uploads\/2025\/04\/dji_0306-scaled.jpg","width":2560,"height":1440,"caption":"default"},{"@type":"BreadcrumbList","@id":"https:\/\/www.smartparking.com\/dk\/cookie-og-privatlivspolitik\/#breadcrumb","itemListElement":[{"@type":"ListItem","position":1,"name":"Forside","item":"https:\/\/www.smartparking.com\/dk\/"},{"@type":"ListItem","position":2,"name":"Cookie &#8211; og privatlivspolitik"}]},{"@type":"WebSite","@id":"https:\/\/www.smartparking.com\/dk\/#website","url":"https:\/\/www.smartparking.com\/dk\/","name":"Smart Parking","description":"","publisher":{"@id":"https:\/\/www.smartparking.com\/dk\/#organization"},"potentialAction":[{"@type":"SearchAction","target":{"@type":"EntryPoint","urlTemplate":"https:\/\/www.smartparking.com\/dk\/?s={search_term_string}"},"query-input":{"@type":"PropertyValueSpecification","valueRequired":true,"valueName":"search_term_string"}}],"inLanguage":"dk-DK"},{"@type":"Organization","@id":"https:\/\/www.smartparking.com\/dk\/#organization","name":"Smart Parking","url":"https:\/\/www.smartparking.com\/dk\/","logo":{"@type":"ImageObject","inLanguage":"dk-DK","@id":"https:\/\/www.smartparking.com\/dk\/#\/schema\/logo\/image\/","url":"https:\/\/www.smartparking.com\/wp-content\/uploads\/2025\/06\/smart-parking-logo-icon.svg","contentUrl":"https:\/\/www.smartparking.com\/wp-content\/uploads\/2025\/06\/smart-parking-logo-icon.svg","width":1,"height":1,"caption":"Smart Parking"},"image":{"@id":"https:\/\/www.smartparking.com\/dk\/#\/schema\/logo\/image\/"},"sameAs":["https:\/\/www.linkedin.com\/company\/smart-parking-limited\/"]}]}},"_links":{"self":[{"href":"https:\/\/www.smartparking.com\/dk\/wp-json\/wp\/v2\/pages\/5836","targetHints":{"allow":["GET"]}}],"collection":[{"href":"https:\/\/www.smartparking.com\/dk\/wp-json\/wp\/v2\/pages"}],"about":[{"href":"https:\/\/www.smartparking.com\/dk\/wp-json\/wp\/v2\/types\/page"}],"author":[{"embeddable":true,"href":"https:\/\/www.smartparking.com\/dk\/wp-json\/wp\/v2\/users\/2"}],"replies":[{"embeddable":true,"href":"https:\/\/www.smartparking.com\/dk\/wp-json\/wp\/v2\/comments?post=5836"}],"version-history":[{"count":2,"href":"https:\/\/www.smartparking.com\/dk\/wp-json\/wp\/v2\/pages\/5836\/revisions"}],"predecessor-version":[{"id":7879,"href":"https:\/\/www.smartparking.com\/dk\/wp-json\/wp\/v2\/pages\/5836\/revisions\/7879"}],"wp:featuredmedia":[{"embeddable":true,"href":"https:\/\/www.smartparking.com\/dk\/wp-json\/wp\/v2\/media\/5788"}],"wp:attachment":[{"href":"https:\/\/www.smartparking.com\/dk\/wp-json\/wp\/v2\/media?parent=5836"}],"curies":[{"name":"wp","href":"https:\/\/api.w.org\/{rel}","templated":true}]}}