{"id":7587,"date":"2025-04-23T12:03:27","date_gmt":"2025-04-23T12:03:27","guid":{"rendered":"https:\/\/www.smartparking.com\/?page_id=7587"},"modified":"2026-01-19T14:23:29","modified_gmt":"2026-01-19T14:23:29","slug":"esg","status":"publish","type":"page","link":"https:\/\/www.smartparking.com\/dk\/esg\/","title":{"rendered":"ESG"},"content":{"rendered":"","protected":false},"excerpt":{"rendered":"","protected":false},"author":2,"featured_media":0,"parent":0,"menu_order":0,"comment_status":"closed","ping_status":"closed","template":"template-pages\/esg.php","meta":{"_acf_changed":false,"footnotes":""},"class_list":["post-7587","page","type-page","status-publish","hentry"],"acf":[],"yoast_head":"<!-- This site is optimized with the Yoast SEO plugin v26.9 - https:\/\/yoast.com\/product\/yoast-seo-wordpress\/ -->\n<title>B\u00e6redygtighed og ESG hos Smart Parking Danmark | Milj\u00f8, Social Ansvar &amp; Etisk Ledelse | Smart Parking<\/title>\n<meta name=\"description\" content=\"Smart Parking Danmark tager ansvar for milj\u00f8et med gr\u00f8nne initiativer, social ansvarlighed og etisk ledelse. L\u00e6s om vores ESG-tiltag og engagement i en b\u00e6redygtig fremtid.\" \/>\n<meta name=\"robots\" content=\"index, follow, max-snippet:-1, max-image-preview:large, max-video-preview:-1\" \/>\n<link rel=\"canonical\" href=\"https:\/\/www.smartparking.com\/dk\/esg\/\" \/>\n<meta property=\"og:locale\" content=\"en_US\" \/>\n<meta property=\"og:type\" content=\"article\" \/>\n<meta property=\"og:title\" content=\"B\u00e6redygtighed og ESG hos Smart Parking Danmark | Milj\u00f8, Social Ansvar &amp; Etisk Ledelse | Smart Parking\" \/>\n<meta property=\"og:description\" content=\"Smart Parking Danmark tager ansvar for milj\u00f8et med gr\u00f8nne initiativer, social ansvarlighed og etisk ledelse. L\u00e6s om vores ESG-tiltag og engagement i en b\u00e6redygtig fremtid.\" \/>\n<meta property=\"og:url\" content=\"https:\/\/www.smartparking.com\/dk\/esg\/\" \/>\n<meta property=\"og:site_name\" content=\"Smart Parking\" \/>\n<meta property=\"article:modified_time\" content=\"2026-01-19T14:23:29+00:00\" \/>\n<meta property=\"og:image\" content=\"https:\/\/www.smartparking.com\/wp-content\/uploads\/2025\/03\/home-large-hex-1.jpg\" \/>\n\t<meta property=\"og:image:width\" content=\"1000\" \/>\n\t<meta property=\"og:image:height\" content=\"563\" \/>\n\t<meta property=\"og:image:type\" content=\"image\/jpeg\" \/>\n<meta name=\"twitter:card\" content=\"summary_large_image\" \/>\n<script type=\"application\/ld+json\" class=\"yoast-schema-graph\">{\"@context\":\"https:\/\/schema.org\",\"@graph\":[{\"@type\":\"WebPage\",\"@id\":\"https:\/\/www.smartparking.com\/dk\/esg\/\",\"url\":\"https:\/\/www.smartparking.com\/dk\/esg\/\",\"name\":\"B\u00e6redygtighed og ESG hos Smart Parking Danmark | Milj\u00f8, Social Ansvar & Etisk Ledelse | Smart Parking\",\"isPartOf\":{\"@id\":\"https:\/\/www.smartparking.com\/dk\/#website\"},\"datePublished\":\"2025-04-23T12:03:27+00:00\",\"dateModified\":\"2026-01-19T14:23:29+00:00\",\"description\":\"Smart Parking Danmark tager ansvar for milj\u00f8et med gr\u00f8nne initiativer, social ansvarlighed og etisk ledelse. L\u00e6s om vores ESG-tiltag og engagement i en b\u00e6redygtig fremtid.\",\"breadcrumb\":{\"@id\":\"https:\/\/www.smartparking.com\/dk\/esg\/#breadcrumb\"},\"inLanguage\":\"dk-DK\",\"potentialAction\":[{\"@type\":\"ReadAction\",\"target\":[\"https:\/\/www.smartparking.com\/dk\/esg\/\"]}]},{\"@type\":\"BreadcrumbList\",\"@id\":\"https:\/\/www.smartparking.com\/dk\/esg\/#breadcrumb\",\"itemListElement\":[{\"@type\":\"ListItem\",\"position\":1,\"name\":\"Forside\",\"item\":\"https:\/\/www.smartparking.com\/dk\/\"},{\"@type\":\"ListItem\",\"position\":2,\"name\":\"ESG\"}]},{\"@type\":\"WebSite\",\"@id\":\"https:\/\/www.smartparking.com\/dk\/#website\",\"url\":\"https:\/\/www.smartparking.com\/dk\/\",\"name\":\"Smart Parking\",\"description\":\"\",\"publisher\":{\"@id\":\"https:\/\/www.smartparking.com\/dk\/#organization\"},\"potentialAction\":[{\"@type\":\"SearchAction\",\"target\":{\"@type\":\"EntryPoint\",\"urlTemplate\":\"https:\/\/www.smartparking.com\/dk\/?s={search_term_string}\"},\"query-input\":{\"@type\":\"PropertyValueSpecification\",\"valueRequired\":true,\"valueName\":\"search_term_string\"}}],\"inLanguage\":\"dk-DK\"},{\"@type\":\"Organization\",\"@id\":\"https:\/\/www.smartparking.com\/dk\/#organization\",\"name\":\"Smart Parking\",\"url\":\"https:\/\/www.smartparking.com\/dk\/\",\"logo\":{\"@type\":\"ImageObject\",\"inLanguage\":\"dk-DK\",\"@id\":\"https:\/\/www.smartparking.com\/dk\/#\/schema\/logo\/image\/\",\"url\":\"https:\/\/www.smartparking.com\/wp-content\/uploads\/2025\/06\/smart-parking-logo-icon.svg\",\"contentUrl\":\"https:\/\/www.smartparking.com\/wp-content\/uploads\/2025\/06\/smart-parking-logo-icon.svg\",\"width\":1,\"height\":1,\"caption\":\"Smart Parking\"},\"image\":{\"@id\":\"https:\/\/www.smartparking.com\/dk\/#\/schema\/logo\/image\/\"},\"sameAs\":[\"https:\/\/www.linkedin.com\/company\/smart-parking-limited\/\"]}]}<\/script>\n<!-- \/ Yoast SEO plugin. -->","yoast_head_json":{"title":"B\u00e6redygtighed og ESG hos Smart Parking Danmark | Milj\u00f8, Social Ansvar & Etisk Ledelse | Smart Parking","description":"Smart Parking Danmark tager ansvar for milj\u00f8et med gr\u00f8nne initiativer, social ansvarlighed og etisk ledelse. L\u00e6s om vores ESG-tiltag og engagement i en b\u00e6redygtig fremtid.","robots":{"index":"index","follow":"follow","max-snippet":"max-snippet:-1","max-image-preview":"max-image-preview:large","max-video-preview":"max-video-preview:-1"},"canonical":"https:\/\/www.smartparking.com\/dk\/esg\/","og_locale":"en_US","og_type":"article","og_title":"B\u00e6redygtighed og ESG hos Smart Parking Danmark | Milj\u00f8, Social Ansvar & Etisk Ledelse | Smart Parking","og_description":"Smart Parking Danmark tager ansvar for milj\u00f8et med gr\u00f8nne initiativer, social ansvarlighed og etisk ledelse. L\u00e6s om vores ESG-tiltag og engagement i en b\u00e6redygtig fremtid.","og_url":"https:\/\/www.smartparking.com\/dk\/esg\/","og_site_name":"Smart Parking","article_modified_time":"2026-01-19T14:23:29+00:00","og_image":[{"width":1000,"height":563,"url":"https:\/\/www.smartparking.com\/wp-content\/uploads\/2025\/03\/home-large-hex-1.jpg","type":"image\/jpeg"}],"twitter_card":"summary_large_image","schema":{"@context":"https:\/\/schema.org","@graph":[{"@type":"WebPage","@id":"https:\/\/www.smartparking.com\/dk\/esg\/","url":"https:\/\/www.smartparking.com\/dk\/esg\/","name":"B\u00e6redygtighed og ESG hos Smart Parking Danmark | Milj\u00f8, Social Ansvar & Etisk Ledelse | Smart Parking","isPartOf":{"@id":"https:\/\/www.smartparking.com\/dk\/#website"},"datePublished":"2025-04-23T12:03:27+00:00","dateModified":"2026-01-19T14:23:29+00:00","description":"Smart Parking Danmark tager ansvar for milj\u00f8et med gr\u00f8nne initiativer, social ansvarlighed og etisk ledelse. L\u00e6s om vores ESG-tiltag og engagement i en b\u00e6redygtig fremtid.","breadcrumb":{"@id":"https:\/\/www.smartparking.com\/dk\/esg\/#breadcrumb"},"inLanguage":"dk-DK","potentialAction":[{"@type":"ReadAction","target":["https:\/\/www.smartparking.com\/dk\/esg\/"]}]},{"@type":"BreadcrumbList","@id":"https:\/\/www.smartparking.com\/dk\/esg\/#breadcrumb","itemListElement":[{"@type":"ListItem","position":1,"name":"Forside","item":"https:\/\/www.smartparking.com\/dk\/"},{"@type":"ListItem","position":2,"name":"ESG"}]},{"@type":"WebSite","@id":"https:\/\/www.smartparking.com\/dk\/#website","url":"https:\/\/www.smartparking.com\/dk\/","name":"Smart Parking","description":"","publisher":{"@id":"https:\/\/www.smartparking.com\/dk\/#organization"},"potentialAction":[{"@type":"SearchAction","target":{"@type":"EntryPoint","urlTemplate":"https:\/\/www.smartparking.com\/dk\/?s={search_term_string}"},"query-input":{"@type":"PropertyValueSpecification","valueRequired":true,"valueName":"search_term_string"}}],"inLanguage":"dk-DK"},{"@type":"Organization","@id":"https:\/\/www.smartparking.com\/dk\/#organization","name":"Smart Parking","url":"https:\/\/www.smartparking.com\/dk\/","logo":{"@type":"ImageObject","inLanguage":"dk-DK","@id":"https:\/\/www.smartparking.com\/dk\/#\/schema\/logo\/image\/","url":"https:\/\/www.smartparking.com\/wp-content\/uploads\/2025\/06\/smart-parking-logo-icon.svg","contentUrl":"https:\/\/www.smartparking.com\/wp-content\/uploads\/2025\/06\/smart-parking-logo-icon.svg","width":1,"height":1,"caption":"Smart Parking"},"image":{"@id":"https:\/\/www.smartparking.com\/dk\/#\/schema\/logo\/image\/"},"sameAs":["https:\/\/www.linkedin.com\/company\/smart-parking-limited\/"]}]}},"_links":{"self":[{"href":"https:\/\/www.smartparking.com\/dk\/wp-json\/wp\/v2\/pages\/7587","targetHints":{"allow":["GET"]}}],"collection":[{"href":"https:\/\/www.smartparking.com\/dk\/wp-json\/wp\/v2\/pages"}],"about":[{"href":"https:\/\/www.smartparking.com\/dk\/wp-json\/wp\/v2\/types\/page"}],"author":[{"embeddable":true,"href":"https:\/\/www.smartparking.com\/dk\/wp-json\/wp\/v2\/users\/2"}],"replies":[{"embeddable":true,"href":"https:\/\/www.smartparking.com\/dk\/wp-json\/wp\/v2\/comments?post=7587"}],"version-history":[{"count":14,"href":"https:\/\/www.smartparking.com\/dk\/wp-json\/wp\/v2\/pages\/7587\/revisions"}],"predecessor-version":[{"id":14472,"href":"https:\/\/www.smartparking.com\/dk\/wp-json\/wp\/v2\/pages\/7587\/revisions\/14472"}],"wp:attachment":[{"href":"https:\/\/www.smartparking.com\/dk\/wp-json\/wp\/v2\/media?parent=7587"}],"curies":[{"name":"wp","href":"https:\/\/api.w.org\/{rel}","templated":true}]}}